{"id":4604,"date":"2023-01-05T17:18:13","date_gmt":"2023-01-05T09:18:13","guid":{"rendered":"https:\/\/roctarps.com\/product\/baches-en-polyethylene-rouge-a-usage-intensif\/"},"modified":"2025-02-25T09:32:38","modified_gmt":"2025-02-25T01:32:38","slug":"rouge-lourd-poly-tarps","status":"publish","type":"product","link":"https:\/\/roctarps.com\/fr\/produit\/rouge-lourd-poly-tarps\/","title":{"rendered":"B\u00e2ches en poly\u00e9thyl\u00e8ne rouge \u00e0 usage intensif"},"content":{"rendered":"","protected":false},"excerpt":{"rendered":"<p>Nos b\u00e2ches en poly\u00e9thyl\u00e8ne rouge \u00e0 usage intensif sont fabriqu\u00e9es \u00e0 partir de 3 couches de poly\u00e9thyl\u00e8ne avec des fibres 1200 deniers tr\u00e8s r\u00e9sistantes. Ces b\u00e2ches ont une \u00e9paisseur de 12 mils et un poids de 6 oz par yard carr\u00e9. Ces b\u00e2ches ont des mailles de 12 x 14 par pouce carr\u00e9 qui sont 100% imperm\u00e9ables avec des coins renforc\u00e9s, ce qui les rend parfaites pour une utilisation en ext\u00e9rieur.<\/p>\n<p>Les ourlets sont sp\u00e9cialement renforc\u00e9s et thermosoud\u00e9s avec de la corde pour plus de durabilit\u00e9, et ces b\u00e2ches sont capables de r\u00e9sister aux acides et \u00e0 la pourriture, ainsi qu&rsquo;\u00e0 la moisissure, ce qui leur assure une longue dur\u00e9e de vie. Les \u0153illets, plac\u00e9s environ tous les 18 pouces, permettent un arrimage facile et une fixation s\u00fbre. Et avec une couleur rouge vif sur les deux c\u00f4t\u00e9s, ces b\u00e2ches sont tr\u00e8s visibles et faciles \u00e0 rep\u00e9rer dans n&rsquo;importe quel environnement.<\/p>\n","protected":false},"featured_media":4077,"template":"","meta":{"_acf_changed":false,"_seopress_robots_primary_cat":"none","_seopress_titles_title":"","_seopress_titles_desc":"","_seopress_robots_index":""},"product_brand":[],"product_cat":[135,134,123],"product_tag":[],"class_list":{"0":"post-4604","1":"product","2":"type-product","3":"status-publish","4":"has-post-thumbnail","6":"product_cat-bache-pour-vehicule-de-transport","7":"product_cat-bache-robuste","8":"product_cat-feuille-de-bache","10":"first","11":"instock","12":"shipping-taxable","13":"product-type-simple"},"acf":[],"_links":{"self":[{"href":"https:\/\/roctarps.com\/fr\/wp-json\/wp\/v2\/product\/4604","targetHints":{"allow":["GET"]}}],"collection":[{"href":"https:\/\/roctarps.com\/fr\/wp-json\/wp\/v2\/product"}],"about":[{"href":"https:\/\/roctarps.com\/fr\/wp-json\/wp\/v2\/types\/product"}],"wp:featuredmedia":[{"embeddable":true,"href":"https:\/\/roctarps.com\/fr\/wp-json\/wp\/v2\/media\/4077"}],"wp:attachment":[{"href":"https:\/\/roctarps.com\/fr\/wp-json\/wp\/v2\/media?parent=4604"}],"wp:term":[{"taxonomy":"product_brand","embeddable":true,"href":"https:\/\/roctarps.com\/fr\/wp-json\/wp\/v2\/product_brand?post=4604"},{"taxonomy":"product_cat","embeddable":true,"href":"https:\/\/roctarps.com\/fr\/wp-json\/wp\/v2\/product_cat?post=4604"},{"taxonomy":"product_tag","embeddable":true,"href":"https:\/\/roctarps.com\/fr\/wp-json\/wp\/v2\/product_tag?post=4604"}],"curies":[{"name":"wp","href":"https:\/\/api.w.org\/{rel}","templated":true}]}}