{"id":4605,"date":"2023-01-10T15:23:14","date_gmt":"2023-01-10T07:23:14","guid":{"rendered":"https:\/\/roctarps.com\/product\/baches-en-polyethylene-blanc-avec-bande-noire-pour-les-refugies-de-lonu\/"},"modified":"2025-02-25T09:27:27","modified_gmt":"2025-02-25T01:27:27","slug":"un-refugee-white-poly-tarps-with-black-strip","status":"publish","type":"product","link":"https:\/\/roctarps.com\/fr\/produit\/un-refugee-white-poly-tarps-with-black-strip\/","title":{"rendered":"B\u00e2ches en poly\u00e9thyl\u00e8ne blanc avec bande noire pour les r\u00e9fugi\u00e9s de l&rsquo;ONU"},"content":{"rendered":"","protected":false},"excerpt":{"rendered":"<p>Les polyb\u00e2ches de l&rsquo;Agence des Nations Unies pour les r\u00e9fugi\u00e9s &#8211; la solution ultime pour les abris d&rsquo;urgence dans les camps de d\u00e9plac\u00e9s et les zones sinistr\u00e9es. Fabriqu\u00e9es en poly\u00e9thyl\u00e8ne durable et imperm\u00e9able, ces b\u00e2ches offrent une protection contre les conditions m\u00e9t\u00e9orologiques difficiles et permettent aux familles de rester en s\u00e9curit\u00e9 et au sec dans les circonstances les plus difficiles. Ces b\u00e2ches sont suffisamment grandes pour servir d&rsquo;abri \u00e0 plusieurs familles, et leur l\u00e9g\u00e8ret\u00e9 les rend faciles \u00e0 transporter et \u00e0 installer rapidement dans les situations d&rsquo;urgence.<\/p>\n<p>Ces b\u00e2ches sont non seulement fonctionnelles mais aussi con\u00e7ues dans un souci de s\u00e9curit\u00e9. Des mat\u00e9riaux r\u00e9fl\u00e9chissants sont utilis\u00e9s sur les bords de la b\u00e2che, augmentant la visibilit\u00e9 et la s\u00e9curit\u00e9 dans des conditions de faible luminosit\u00e9. En partenariat avec l&rsquo;Agence des Nations unies pour les r\u00e9fugi\u00e9s, ces b\u00e2ches sont distribu\u00e9es \u00e0 ceux qui en ont besoin dans les camps de d\u00e9plac\u00e9s et les zones sinistr\u00e9es du monde entier.<\/p>\n<p>Lorsque vous achetez une b\u00e2che en poly\u00e9thyl\u00e8ne de l&rsquo;Agence des Nations Unies pour les r\u00e9fugi\u00e9s, vous ne fournissez pas seulement un abri et une s\u00e9curit\u00e9 \u00e0 ceux qui sont dans le besoin, mais vous soutenez \u00e9galement l&rsquo;important travail de l&rsquo;ONU pour aider les personnes d\u00e9plac\u00e9es et celles touch\u00e9es par des catastrophes.<\/p>\n","protected":false},"featured_media":4094,"template":"","meta":{"_acf_changed":false,"_seopress_robots_primary_cat":"none","_seopress_titles_title":"","_seopress_titles_desc":"","_seopress_robots_index":""},"product_brand":[],"product_cat":[146,133],"product_tag":[],"class_list":{"0":"post-4605","1":"product","2":"type-product","3":"status-publish","4":"has-post-thumbnail","6":"product_cat-bache-dagriculture","7":"product_cat-bache-pe","9":"first","10":"instock","11":"shipping-taxable","12":"product-type-simple"},"acf":[],"_links":{"self":[{"href":"https:\/\/roctarps.com\/fr\/wp-json\/wp\/v2\/product\/4605","targetHints":{"allow":["GET"]}}],"collection":[{"href":"https:\/\/roctarps.com\/fr\/wp-json\/wp\/v2\/product"}],"about":[{"href":"https:\/\/roctarps.com\/fr\/wp-json\/wp\/v2\/types\/product"}],"wp:featuredmedia":[{"embeddable":true,"href":"https:\/\/roctarps.com\/fr\/wp-json\/wp\/v2\/media\/4094"}],"wp:attachment":[{"href":"https:\/\/roctarps.com\/fr\/wp-json\/wp\/v2\/media?parent=4605"}],"wp:term":[{"taxonomy":"product_brand","embeddable":true,"href":"https:\/\/roctarps.com\/fr\/wp-json\/wp\/v2\/product_brand?post=4605"},{"taxonomy":"product_cat","embeddable":true,"href":"https:\/\/roctarps.com\/fr\/wp-json\/wp\/v2\/product_cat?post=4605"},{"taxonomy":"product_tag","embeddable":true,"href":"https:\/\/roctarps.com\/fr\/wp-json\/wp\/v2\/product_tag?post=4605"}],"curies":[{"name":"wp","href":"https:\/\/api.w.org\/{rel}","templated":true}]}}