{"id":4606,"date":"2023-01-09T15:06:12","date_gmt":"2023-01-09T07:06:12","guid":{"rendered":"https:\/\/roctarps.com\/product\/baches-en-poly-bleu-et-blanc\/"},"modified":"2025-02-25T09:27:14","modified_gmt":"2025-02-25T01:27:14","slug":"bleu-blanc-poly-tarpe","status":"publish","type":"product","link":"https:\/\/roctarps.com\/fr\/produit\/bleu-blanc-poly-tarpe\/","title":{"rendered":"B\u00e2ches en poly bleu et blanc"},"content":{"rendered":"","protected":false},"excerpt":{"rendered":"<p>Vous recherchez une b\u00e2che solide et durable pour vos usages ext\u00e9rieurs ? Notre b\u00e2che en poly\u00e9thyl\u00e8ne bleu blanc est fabriqu\u00e9e \u00e0 partir d&rsquo;un mat\u00e9riau en poly\u00e9thyl\u00e8ne tiss\u00e9 et enduit \u00e0 3 couches, qui est imperm\u00e9able et r\u00e9sistant \u00e0 la d\u00e9chirure. Les coins et les ourlets sont renforc\u00e9s, vous pouvez l&rsquo;utiliser pour couvrir vos meubles d&rsquo;ext\u00e9rieur, prot\u00e9ger votre bateau, ou comme couverture de sol dans un camping, une b\u00e2che peut aider \u00e0 garder vos articles au sec et en s\u00e9curit\u00e9 dans toutes les conditions m\u00e9t\u00e9orologiques.<\/p>\n","protected":false},"featured_media":4083,"template":"","meta":{"_acf_changed":false,"_seopress_robots_primary_cat":"none","_seopress_titles_title":"","_seopress_titles_desc":"","_seopress_robots_index":""},"product_brand":[],"product_cat":[141,122,133],"product_tag":[],"class_list":{"0":"post-4606","1":"product","2":"type-product","3":"status-publish","4":"has-post-thumbnail","6":"product_cat-bache-de-jardin-exterieure","7":"product_cat-bache-en-pehd","8":"product_cat-bache-pe","10":"first","11":"instock","12":"shipping-taxable","13":"product-type-simple"},"acf":[],"_links":{"self":[{"href":"https:\/\/roctarps.com\/fr\/wp-json\/wp\/v2\/product\/4606","targetHints":{"allow":["GET"]}}],"collection":[{"href":"https:\/\/roctarps.com\/fr\/wp-json\/wp\/v2\/product"}],"about":[{"href":"https:\/\/roctarps.com\/fr\/wp-json\/wp\/v2\/types\/product"}],"wp:featuredmedia":[{"embeddable":true,"href":"https:\/\/roctarps.com\/fr\/wp-json\/wp\/v2\/media\/4083"}],"wp:attachment":[{"href":"https:\/\/roctarps.com\/fr\/wp-json\/wp\/v2\/media?parent=4606"}],"wp:term":[{"taxonomy":"product_brand","embeddable":true,"href":"https:\/\/roctarps.com\/fr\/wp-json\/wp\/v2\/product_brand?post=4606"},{"taxonomy":"product_cat","embeddable":true,"href":"https:\/\/roctarps.com\/fr\/wp-json\/wp\/v2\/product_cat?post=4606"},{"taxonomy":"product_tag","embeddable":true,"href":"https:\/\/roctarps.com\/fr\/wp-json\/wp\/v2\/product_tag?post=4606"}],"curies":[{"name":"wp","href":"https:\/\/api.w.org\/{rel}","templated":true}]}}