{"id":4607,"date":"2023-01-10T14:33:43","date_gmt":"2023-01-10T06:33:43","guid":{"rendered":"https:\/\/roctarps.com\/product\/baches-en-polyethylene-argente-a-usage-intensif\/"},"modified":"2025-02-25T09:27:22","modified_gmt":"2025-02-25T01:27:22","slug":"silver-heavy-duty-poly-tarps","status":"publish","type":"product","link":"https:\/\/roctarps.com\/fr\/produit\/silver-heavy-duty-poly-tarps\/","title":{"rendered":"B\u00e2ches en poly\u00e9thyl\u00e8ne argent\u00e9 \u00e0 usage intensif"},"content":{"rendered":"","protected":false},"excerpt":{"rendered":"<p>Nos b\u00e2ches en poly\u00e9thyl\u00e8ne argent\u00e9 \u00e0 usage intensif sont fabriqu\u00e9es \u00e0 partir de mat\u00e9riaux en poly\u00e9thyl\u00e8ne 3 plis qui sont denses, durables et plus lourds que les autres b\u00e2ches. Ces b\u00e2ches sont imperm\u00e9ables, r\u00e9sistantes \u00e0 la d\u00e9chirure et se d\u00e9chirent des deux c\u00f4t\u00e9s gr\u00e2ce \u00e0 leur \u00e9paisseur de 12 mil, \u00e0 leurs fibres solides de 1200 deniers et \u00e0 leurs mailles durables de 14 x 14.<\/p>\n<p>Les \u0153illets en aluminium tous les 18 pouces environ sur un p\u00e9rim\u00e8tre d&rsquo;ourlet renforc\u00e9 par une corde, en plus de leur impressionnante durabilit\u00e9, et de leur flexibilit\u00e9 dans une vari\u00e9t\u00e9 d&rsquo;applications de couverture ext\u00e9rieure. Ces b\u00e2ches sont coup\u00e9es sur mesure de sorte qu&rsquo;elles seront termin\u00e9es environ 6-8&Prime; plus petites que la taille indiqu\u00e9e.<\/p>\n","protected":false},"featured_media":4093,"template":"","meta":{"_acf_changed":false,"_seopress_robots_primary_cat":"none","_seopress_titles_title":"","_seopress_titles_desc":"","_seopress_robots_index":""},"product_brand":[],"product_cat":[146,133,134],"product_tag":[],"class_list":{"0":"post-4607","1":"product","2":"type-product","3":"status-publish","4":"has-post-thumbnail","6":"product_cat-bache-dagriculture","7":"product_cat-bache-pe","8":"product_cat-bache-robuste","10":"first","11":"instock","12":"shipping-taxable","13":"product-type-simple"},"acf":[],"_links":{"self":[{"href":"https:\/\/roctarps.com\/fr\/wp-json\/wp\/v2\/product\/4607","targetHints":{"allow":["GET"]}}],"collection":[{"href":"https:\/\/roctarps.com\/fr\/wp-json\/wp\/v2\/product"}],"about":[{"href":"https:\/\/roctarps.com\/fr\/wp-json\/wp\/v2\/types\/product"}],"wp:featuredmedia":[{"embeddable":true,"href":"https:\/\/roctarps.com\/fr\/wp-json\/wp\/v2\/media\/4093"}],"wp:attachment":[{"href":"https:\/\/roctarps.com\/fr\/wp-json\/wp\/v2\/media?parent=4607"}],"wp:term":[{"taxonomy":"product_brand","embeddable":true,"href":"https:\/\/roctarps.com\/fr\/wp-json\/wp\/v2\/product_brand?post=4607"},{"taxonomy":"product_cat","embeddable":true,"href":"https:\/\/roctarps.com\/fr\/wp-json\/wp\/v2\/product_cat?post=4607"},{"taxonomy":"product_tag","embeddable":true,"href":"https:\/\/roctarps.com\/fr\/wp-json\/wp\/v2\/product_tag?post=4607"}],"curies":[{"name":"wp","href":"https:\/\/api.w.org\/{rel}","templated":true}]}}