{"id":4608,"date":"2023-01-05T15:29:20","date_gmt":"2023-01-05T07:29:20","guid":{"rendered":"https:\/\/roctarps.com\/product\/baches-en-polyethylene-noir-et-argente-a-usage-intensif\/"},"modified":"2025-02-25T09:32:38","modified_gmt":"2025-02-25T01:32:38","slug":"noir-argent-lourd-poly-tarps","status":"publish","type":"product","link":"https:\/\/roctarps.com\/fr\/produit\/noir-argent-lourd-poly-tarps\/","title":{"rendered":"B\u00e2ches en poly\u00e9thyl\u00e8ne noir et argent\u00e9 \u00e0 usage intensif"},"content":{"rendered":"","protected":false},"excerpt":{"rendered":"<p>Nos b\u00e2ches en poly\u00e9thyl\u00e8ne noir argent\u00e9 sont fabriqu\u00e9es \u00e0 partir d&rsquo;un mat\u00e9riau en poly\u00e9thyl\u00e8ne tr\u00e8s r\u00e9sistant avec des fibres de 1200 deniers, qui sont parfaites pour les utilisations ext\u00e9rieures. Nos b\u00e2ches en poly noir et argent ont une \u00e9paisseur de 10 mils, 6 oz par yard carr\u00e9, et un tissage de 14 x 14 avec un mat\u00e9riau \u00e0 3 plis qui les rend ultra durables et r\u00e9sistantes aux d\u00e9chirures, tandis que les coins et les ourlets renforc\u00e9s avec une corde ajoutent une couche suppl\u00e9mentaire de protection.<\/p>\n<p>Les \u0153illets en aluminium tous les 18 pouces vous offrent de nombreux endroits o\u00f9 les attacher et les coutures thermosoud\u00e9es garantissent qu&rsquo;ils ne se d\u00e9font pas. Ces b\u00e2ches sont coup\u00e9es en taille, ce qui signifie qu&rsquo;elles sont l\u00e9g\u00e8rement plus petites que la taille finale.<\/p>\n","protected":false},"featured_media":4080,"template":"","meta":{"_acf_changed":false,"_seopress_robots_primary_cat":"none","_seopress_titles_title":"","_seopress_titles_desc":"","_seopress_robots_index":""},"product_brand":[],"product_cat":[135,134,123],"product_tag":[],"class_list":{"0":"post-4608","1":"product","2":"type-product","3":"status-publish","4":"has-post-thumbnail","6":"product_cat-bache-pour-vehicule-de-transport","7":"product_cat-bache-robuste","8":"product_cat-feuille-de-bache","10":"first","11":"instock","12":"shipping-taxable","13":"product-type-simple"},"acf":[],"_links":{"self":[{"href":"https:\/\/roctarps.com\/fr\/wp-json\/wp\/v2\/product\/4608","targetHints":{"allow":["GET"]}}],"collection":[{"href":"https:\/\/roctarps.com\/fr\/wp-json\/wp\/v2\/product"}],"about":[{"href":"https:\/\/roctarps.com\/fr\/wp-json\/wp\/v2\/types\/product"}],"wp:featuredmedia":[{"embeddable":true,"href":"https:\/\/roctarps.com\/fr\/wp-json\/wp\/v2\/media\/4080"}],"wp:attachment":[{"href":"https:\/\/roctarps.com\/fr\/wp-json\/wp\/v2\/media?parent=4608"}],"wp:term":[{"taxonomy":"product_brand","embeddable":true,"href":"https:\/\/roctarps.com\/fr\/wp-json\/wp\/v2\/product_brand?post=4608"},{"taxonomy":"product_cat","embeddable":true,"href":"https:\/\/roctarps.com\/fr\/wp-json\/wp\/v2\/product_cat?post=4608"},{"taxonomy":"product_tag","embeddable":true,"href":"https:\/\/roctarps.com\/fr\/wp-json\/wp\/v2\/product_tag?post=4608"}],"curies":[{"name":"wp","href":"https:\/\/api.w.org\/{rel}","templated":true}]}}