{"id":4609,"date":"2023-01-09T14:13:53","date_gmt":"2023-01-09T06:13:53","guid":{"rendered":"https:\/\/roctarps.com\/product\/baches-en-polyethylene-bleu-argente-pour-travaux-legers\/"},"modified":"2025-02-25T09:27:14","modified_gmt":"2025-02-25T01:27:14","slug":"light-duty-blue-argent-poly-tarps","status":"publish","type":"product","link":"https:\/\/roctarps.com\/fr\/produit\/light-duty-blue-argent-poly-tarps\/","title":{"rendered":"B\u00e2ches en poly\u00e9thyl\u00e8ne bleu argent\u00e9 pour travaux l\u00e9gers"},"content":{"rendered":"","protected":false},"excerpt":{"rendered":"<p>Ces b\u00e2ches en poly\u00e9thyl\u00e8ne bleu argent\u00e9 pour travaux l\u00e9gers sont des couvertures polyvalentes, \u00e0 la fois \u00e9conomiques et solides. Ces b\u00e2ches sont fabriqu\u00e9es en poly\u00e9thyl\u00e8ne de qualit\u00e9 \u00e0 3 couches, imperm\u00e9able et durable. Elles r\u00e9sistent \u00e0 la d\u00e9chirure, \u00e0 l&rsquo;abrasion, aux rayons UV, \u00e0 l&rsquo;acide, \u00e0 la pourriture et \u00e0 la moisissure, ce qui les rend parfaites pour une vari\u00e9t\u00e9 d&rsquo;utilisations ext\u00e9rieures. Ces couvertures sont couramment utilis\u00e9es dans des applications telles que le camping, les couvertures d&rsquo;\u00e9quipement, les couvertures de mat\u00e9riel, les b\u00e2ches de paysage et de jardin, et comme couvertures de toit temporaires, r\u00e9guli\u00e8rement appel\u00e9es b\u00e2ches anti-ouragan.<\/p>\n","protected":false},"featured_media":4082,"template":"","meta":{"_acf_changed":false,"_seopress_robots_primary_cat":"none","_seopress_titles_title":"","_seopress_titles_desc":"","_seopress_robots_index":""},"product_brand":[],"product_cat":[141,121,123],"product_tag":[],"class_list":{"0":"post-4609","1":"product","2":"type-product","3":"status-publish","4":"has-post-thumbnail","6":"product_cat-bache-de-jardin-exterieure","7":"product_cat-bache-impermeable","8":"product_cat-feuille-de-bache","10":"first","11":"instock","12":"shipping-taxable","13":"product-type-simple"},"acf":[],"_links":{"self":[{"href":"https:\/\/roctarps.com\/fr\/wp-json\/wp\/v2\/product\/4609","targetHints":{"allow":["GET"]}}],"collection":[{"href":"https:\/\/roctarps.com\/fr\/wp-json\/wp\/v2\/product"}],"about":[{"href":"https:\/\/roctarps.com\/fr\/wp-json\/wp\/v2\/types\/product"}],"wp:featuredmedia":[{"embeddable":true,"href":"https:\/\/roctarps.com\/fr\/wp-json\/wp\/v2\/media\/4082"}],"wp:attachment":[{"href":"https:\/\/roctarps.com\/fr\/wp-json\/wp\/v2\/media?parent=4609"}],"wp:term":[{"taxonomy":"product_brand","embeddable":true,"href":"https:\/\/roctarps.com\/fr\/wp-json\/wp\/v2\/product_brand?post=4609"},{"taxonomy":"product_cat","embeddable":true,"href":"https:\/\/roctarps.com\/fr\/wp-json\/wp\/v2\/product_cat?post=4609"},{"taxonomy":"product_tag","embeddable":true,"href":"https:\/\/roctarps.com\/fr\/wp-json\/wp\/v2\/product_tag?post=4609"}],"curies":[{"name":"wp","href":"https:\/\/api.w.org\/{rel}","templated":true}]}}