{"id":4610,"date":"2023-01-04T15:15:27","date_gmt":"2023-01-04T07:15:27","guid":{"rendered":"https:\/\/roctarps.com\/product\/baches-en-polyethylene-blanc-a-usage-intensif\/"},"modified":"2025-02-25T09:32:19","modified_gmt":"2025-02-25T01:32:19","slug":"goujons-blancs-a-usage-intensif","status":"publish","type":"product","link":"https:\/\/roctarps.com\/fr\/produit\/goujons-blancs-a-usage-intensif\/","title":{"rendered":"B\u00e2ches en poly\u00e9thyl\u00e8ne blanc \u00e0 usage intensif"},"content":{"rendered":"","protected":false},"excerpt":{"rendered":"<p>Les b\u00e2ches en poly blanc tr\u00e8s r\u00e9sistantes offrent une protection sup\u00e9rieure contre les \u00e9l\u00e9ments. Fabriqu\u00e9es en poly\u00e9thyl\u00e8ne de haute qualit\u00e9 r\u00e9sistant \u00e0 l&rsquo;eau et \u00e0 la pourriture, ces b\u00e2ches 100 % \u00e9tanches sont id\u00e9ales pour tout espace ext\u00e9rieur ou chantier. L&rsquo;\u00e9paisseur de 12 mil et le mat\u00e9riau poly 3 Ply de 6 oz par yard carr\u00e9 le rendent incroyablement durable, parfait pour les environnements difficiles et l&rsquo;utilisation \u00e0 long terme.<\/p>\n","protected":false},"featured_media":4079,"template":"","meta":{"_acf_changed":false,"_seopress_robots_primary_cat":"none","_seopress_titles_title":"","_seopress_titles_desc":"","_seopress_robots_index":""},"product_brand":[],"product_cat":[122,134,123],"product_tag":[],"class_list":{"0":"post-4610","1":"product","2":"type-product","3":"status-publish","4":"has-post-thumbnail","6":"product_cat-bache-en-pehd","7":"product_cat-bache-robuste","8":"product_cat-feuille-de-bache","10":"first","11":"instock","12":"shipping-taxable","13":"product-type-simple"},"acf":[],"_links":{"self":[{"href":"https:\/\/roctarps.com\/fr\/wp-json\/wp\/v2\/product\/4610","targetHints":{"allow":["GET"]}}],"collection":[{"href":"https:\/\/roctarps.com\/fr\/wp-json\/wp\/v2\/product"}],"about":[{"href":"https:\/\/roctarps.com\/fr\/wp-json\/wp\/v2\/types\/product"}],"wp:featuredmedia":[{"embeddable":true,"href":"https:\/\/roctarps.com\/fr\/wp-json\/wp\/v2\/media\/4079"}],"wp:attachment":[{"href":"https:\/\/roctarps.com\/fr\/wp-json\/wp\/v2\/media?parent=4610"}],"wp:term":[{"taxonomy":"product_brand","embeddable":true,"href":"https:\/\/roctarps.com\/fr\/wp-json\/wp\/v2\/product_brand?post=4610"},{"taxonomy":"product_cat","embeddable":true,"href":"https:\/\/roctarps.com\/fr\/wp-json\/wp\/v2\/product_cat?post=4610"},{"taxonomy":"product_tag","embeddable":true,"href":"https:\/\/roctarps.com\/fr\/wp-json\/wp\/v2\/product_tag?post=4610"}],"curies":[{"name":"wp","href":"https:\/\/api.w.org\/{rel}","templated":true}]}}