{"id":4611,"date":"2023-01-04T14:59:58","date_gmt":"2023-01-04T06:59:58","guid":{"rendered":"https:\/\/roctarps.com\/product\/baches-en-poly-argent\/"},"modified":"2025-02-25T09:32:16","modified_gmt":"2025-02-25T01:32:16","slug":"silver-poly-tarps","status":"publish","type":"product","link":"https:\/\/roctarps.com\/fr\/produit\/silver-poly-tarps\/","title":{"rendered":"B\u00e2ches en poly argent"},"content":{"rendered":"","protected":false},"excerpt":{"rendered":"<p>Nos b\u00e2ches en poly\u00e9thyl\u00e8ne argent\u00e9 sont fabriqu\u00e9es \u00e0 partir d&rsquo;un tissu en poly\u00e9thyl\u00e8ne tiss\u00e9 et enduit tr\u00e8s r\u00e9sistant, d&rsquo;une \u00e9paisseur de 6 oz par yard carr\u00e9 et d&rsquo;un nombre de mailles de 12&#215;14. Cela les rend incroyablement durables, parfaits pour prot\u00e9ger vos articles d&rsquo;ext\u00e9rieur du soleil, de la pluie ou du vent. Ils peuvent \u00eatre utilis\u00e9s pour le camping, les couvertures de bateaux, les piles de bois, les chantiers de construction et bien plus encore.<\/p>\n","protected":false},"featured_media":3971,"template":"","meta":{"_acf_changed":false,"_seopress_robots_primary_cat":"none","_seopress_titles_title":"","_seopress_titles_desc":"","_seopress_robots_index":""},"product_brand":[],"product_cat":[122,121,133],"product_tag":[],"class_list":{"0":"post-4611","1":"product","2":"type-product","3":"status-publish","4":"has-post-thumbnail","6":"product_cat-bache-en-pehd","7":"product_cat-bache-impermeable","8":"product_cat-bache-pe","10":"first","11":"instock","12":"shipping-taxable","13":"product-type-simple"},"acf":[],"_links":{"self":[{"href":"https:\/\/roctarps.com\/fr\/wp-json\/wp\/v2\/product\/4611","targetHints":{"allow":["GET"]}}],"collection":[{"href":"https:\/\/roctarps.com\/fr\/wp-json\/wp\/v2\/product"}],"about":[{"href":"https:\/\/roctarps.com\/fr\/wp-json\/wp\/v2\/types\/product"}],"wp:featuredmedia":[{"embeddable":true,"href":"https:\/\/roctarps.com\/fr\/wp-json\/wp\/v2\/media\/3971"}],"wp:attachment":[{"href":"https:\/\/roctarps.com\/fr\/wp-json\/wp\/v2\/media?parent=4611"}],"wp:term":[{"taxonomy":"product_brand","embeddable":true,"href":"https:\/\/roctarps.com\/fr\/wp-json\/wp\/v2\/product_brand?post=4611"},{"taxonomy":"product_cat","embeddable":true,"href":"https:\/\/roctarps.com\/fr\/wp-json\/wp\/v2\/product_cat?post=4611"},{"taxonomy":"product_tag","embeddable":true,"href":"https:\/\/roctarps.com\/fr\/wp-json\/wp\/v2\/product_tag?post=4611"}],"curies":[{"name":"wp","href":"https:\/\/api.w.org\/{rel}","templated":true}]}}