{"id":4612,"date":"2023-01-10T11:50:20","date_gmt":"2023-01-10T03:50:20","guid":{"rendered":"https:\/\/roctarps.com\/product\/baches-en-polyethylene-vert-clair\/"},"modified":"2025-02-25T09:27:22","modified_gmt":"2025-02-25T01:27:22","slug":"vert-clair-poly-tarpe","status":"publish","type":"product","link":"https:\/\/roctarps.com\/fr\/produit\/vert-clair-poly-tarpe\/","title":{"rendered":"B\u00e2ches en poly\u00e9thyl\u00e8ne vert clair"},"content":{"rendered":"","protected":false},"excerpt":{"rendered":"<p>Nos b\u00e2ches en poly vert clair sont fabriqu\u00e9es \u00e0 partir d&rsquo;un mat\u00e9riau en poly 3 couches et comportent des fibres \u00e0 fort denier pour une durabilit\u00e9 accrue. Ces b\u00e2ches en poly vert clair ont un poids de tissu de 3 oz. \/ Ils comprennent des \u0153illets tous les 36 pouces environ et des ourlets renforc\u00e9s par une corde.<\/p>\n<p>La couleur vert clair est pr\u00e9sente sur les deux c\u00f4t\u00e9s et pour de nombreuses applications diff\u00e9rentes qui sont un excellent choix pour couvrir des \u00e9quipements, prot\u00e9ger contre les intemp\u00e9ries, et bien plus encore. Ces b\u00e2ches sont coup\u00e9es sur mesure, elles seront donc l\u00e9g\u00e8rement plus petites que la taille indiqu\u00e9e.<\/p>\n","protected":false},"featured_media":4076,"template":"","meta":{"_acf_changed":false,"_seopress_robots_primary_cat":"none","_seopress_titles_title":"","_seopress_titles_desc":"","_seopress_robots_index":""},"product_brand":[],"product_cat":[133,151,134],"product_tag":[],"class_list":{"0":"post-4612","1":"product","2":"type-product","3":"status-publish","4":"has-post-thumbnail","6":"product_cat-bache-pe","7":"product_cat-bache-pour-la-construction-de-batiments","8":"product_cat-bache-robuste","10":"first","11":"instock","12":"shipping-taxable","13":"product-type-simple"},"acf":[],"_links":{"self":[{"href":"https:\/\/roctarps.com\/fr\/wp-json\/wp\/v2\/product\/4612","targetHints":{"allow":["GET"]}}],"collection":[{"href":"https:\/\/roctarps.com\/fr\/wp-json\/wp\/v2\/product"}],"about":[{"href":"https:\/\/roctarps.com\/fr\/wp-json\/wp\/v2\/types\/product"}],"wp:featuredmedia":[{"embeddable":true,"href":"https:\/\/roctarps.com\/fr\/wp-json\/wp\/v2\/media\/4076"}],"wp:attachment":[{"href":"https:\/\/roctarps.com\/fr\/wp-json\/wp\/v2\/media?parent=4612"}],"wp:term":[{"taxonomy":"product_brand","embeddable":true,"href":"https:\/\/roctarps.com\/fr\/wp-json\/wp\/v2\/product_brand?post=4612"},{"taxonomy":"product_cat","embeddable":true,"href":"https:\/\/roctarps.com\/fr\/wp-json\/wp\/v2\/product_cat?post=4612"},{"taxonomy":"product_tag","embeddable":true,"href":"https:\/\/roctarps.com\/fr\/wp-json\/wp\/v2\/product_tag?post=4612"}],"curies":[{"name":"wp","href":"https:\/\/api.w.org\/{rel}","templated":true}]}}