{"id":4613,"date":"2023-01-05T13:45:54","date_gmt":"2023-01-05T05:45:54","guid":{"rendered":"https:\/\/roctarps.com\/product\/baches-en-polycarbonate-vertes-et-argentees\/"},"modified":"2025-02-25T09:32:33","modified_gmt":"2025-02-25T01:32:33","slug":"vert-argent-poly-tarpe","status":"publish","type":"product","link":"https:\/\/roctarps.com\/fr\/produit\/vert-argent-poly-tarpe\/","title":{"rendered":"B\u00e2ches en polycarbonate vertes et argent\u00e9es"},"content":{"rendered":"","protected":false},"excerpt":{"rendered":"<p>Nos b\u00e2ches en poly\u00e9thyl\u00e8ne vert argent\u00e9 sont une solution polyvalente et \u00e9conomique pour tous vos besoins ext\u00e9rieurs, car elles sont fabriqu\u00e9es en poly\u00e9thyl\u00e8ne solide, 100 % imperm\u00e9able et d&rsquo;une \u00e9paisseur de 5 mil. Ces b\u00e2ches ont une \u00e9paisseur de 5 mils et poss\u00e8dent des fibres sp\u00e9ciales qui les rendent r\u00e9sistantes aux d\u00e9chirures, \u00e0 l&rsquo;acide, \u00e0 la pourriture et \u00e0 la moisissure. Les ourlets sont \u00e9galement renforc\u00e9s par une corde pour les rendre encore plus solides.<\/p>\n<p>Ces b\u00e2ches ont un poids de 3 oz par yard carr\u00e9 et sont fabriqu\u00e9es avec des fibres de deniers solides, ce qui en fait un choix fiable pour fournir de l&rsquo;ombre et de la protection. Ils sont de qualit\u00e9 \u00e9conomique, ce qui en fait une option abordable pour une vari\u00e9t\u00e9 d&rsquo;applications.<\/p>\n<p>La partie sup\u00e9rieure des b\u00e2ches est verte et la partie inf\u00e9rieure est argent\u00e9e, et les \u0153illets sont d&rsquo;une taille approximative. tous les 36 pouces pour faciliter l&rsquo;arrimage et l&rsquo;installation. Veuillez noter que nos b\u00e2ches sont coup\u00e9es sur mesure, ce qui signifie que la taille finale sera l\u00e9g\u00e8rement inf\u00e9rieure \u00e0 la taille annonc\u00e9e.<\/p>\n<p>Dans l&rsquo;ensemble, ces b\u00e2ches en polycarbonate vertes et argent\u00e9es constituent un choix durable et fiable pour tous vos besoins de couverture ext\u00e9rieure.<\/p>\n<p>Les \u0153illets en aluminium, tous les 36 pouces environ, ainsi que les coins et les ourlets renforc\u00e9s par une corde ajoutent une stabilit\u00e9 et un soutien suppl\u00e9mentaires. Ces b\u00e2ches sont \u00e9galement dot\u00e9es de coutures thermosoud\u00e9es sp\u00e9ciales qui leur permettent de durer longtemps. N&rsquo;oubliez pas que la taille finale de la b\u00e2che peut \u00eatre l\u00e9g\u00e8rement inf\u00e9rieure \u00e0 la taille indiqu\u00e9e. Veuillez noter que ces b\u00e2ches sont d\u00e9coup\u00e9es, la taille finale \u00e9tant l\u00e9g\u00e8rement plus petite. Prot\u00e9gez vos biens et mettez-les \u00e0 l&rsquo;abri des \u00e9l\u00e9ments avec des b\u00e2ches en poly vertes.<\/p>\n","protected":false},"featured_media":4085,"template":"","meta":{"_acf_changed":false,"_seopress_robots_primary_cat":"none","_seopress_titles_title":"","_seopress_titles_desc":"","_seopress_robots_index":""},"product_brand":[],"product_cat":[146,122,121],"product_tag":[],"class_list":{"0":"post-4613","1":"product","2":"type-product","3":"status-publish","4":"has-post-thumbnail","6":"product_cat-bache-dagriculture","7":"product_cat-bache-en-pehd","8":"product_cat-bache-impermeable","10":"first","11":"instock","12":"shipping-taxable","13":"product-type-simple"},"acf":[],"_links":{"self":[{"href":"https:\/\/roctarps.com\/fr\/wp-json\/wp\/v2\/product\/4613","targetHints":{"allow":["GET"]}}],"collection":[{"href":"https:\/\/roctarps.com\/fr\/wp-json\/wp\/v2\/product"}],"about":[{"href":"https:\/\/roctarps.com\/fr\/wp-json\/wp\/v2\/types\/product"}],"wp:featuredmedia":[{"embeddable":true,"href":"https:\/\/roctarps.com\/fr\/wp-json\/wp\/v2\/media\/4085"}],"wp:attachment":[{"href":"https:\/\/roctarps.com\/fr\/wp-json\/wp\/v2\/media?parent=4613"}],"wp:term":[{"taxonomy":"product_brand","embeddable":true,"href":"https:\/\/roctarps.com\/fr\/wp-json\/wp\/v2\/product_brand?post=4613"},{"taxonomy":"product_cat","embeddable":true,"href":"https:\/\/roctarps.com\/fr\/wp-json\/wp\/v2\/product_cat?post=4613"},{"taxonomy":"product_tag","embeddable":true,"href":"https:\/\/roctarps.com\/fr\/wp-json\/wp\/v2\/product_tag?post=4613"}],"curies":[{"name":"wp","href":"https:\/\/api.w.org\/{rel}","templated":true}]}}