{"id":4614,"date":"2023-01-09T11:05:06","date_gmt":"2023-01-09T03:05:06","guid":{"rendered":"https:\/\/roctarps.com\/product\/bache-en-plastique-bleu-economique\/"},"modified":"2025-02-25T09:27:05","modified_gmt":"2025-02-25T01:27:05","slug":"economy-blue-plastic-poly-tarp","status":"publish","type":"product","link":"https:\/\/roctarps.com\/fr\/produit\/economy-blue-plastic-poly-tarp\/","title":{"rendered":"B\u00e2che en plastique bleu \u00e9conomique"},"content":{"rendered":"","protected":false},"excerpt":{"rendered":"<p>Nos b\u00e2ches en plastique bleu \u00e9conomique sont fabriqu\u00e9es \u00e0 partir de fibres de poly\u00e9thyl\u00e8ne tiss\u00e9es et enduites, renforc\u00e9es et 100% imperm\u00e9ables. Ces b\u00e2ches sont id\u00e9ales pour la protection ext\u00e9rieure en raison de leurs caract\u00e9ristiques de r\u00e9sistance \u00e0 la d\u00e9chirure, \u00e0 l&rsquo;abrasion, aux rayons UV, \u00e0 l&rsquo;acide, \u00e0 la pourriture et \u00e0 la moisissure. Les ourlets sont renforc\u00e9s par une corde pour plus de solidit\u00e9 et de durabilit\u00e9, et les coutures thermosoud\u00e9es emp\u00eachent l&rsquo;eau de p\u00e9n\u00e9trer.<\/p>\n<p>D&rsquo;une \u00e9paisseur de 5-6 mils et de 2-3.5 oz\/yd\u00b2(60-110 GSM), ils sont l\u00e9gers et pratiques pour les poign\u00e9es individuelles. sont fabriqu\u00e9es avec des fibres denier solides qui peuvent supporter une usure importante. Ils sont disponibles en plusieurs tailles et couleurs, afin que vous puissiez trouver la solution id\u00e9ale pour vos besoins.<\/p>\n<p>Veuillez noter que ces b\u00e2ches sont de qualit\u00e9 \u00e9conomique et que la taille finie sera un peu plus petite (6&Prime;- 8&Prime;) que la taille coup\u00e9e.<\/p>\n","protected":false},"featured_media":4078,"template":"","meta":{"_acf_changed":false,"_seopress_robots_primary_cat":"none","_seopress_titles_title":"","_seopress_titles_desc":"","_seopress_robots_index":""},"product_brand":[],"product_cat":[122,121,123],"product_tag":[],"class_list":{"0":"post-4614","1":"product","2":"type-product","3":"status-publish","4":"has-post-thumbnail","6":"product_cat-bache-en-pehd","7":"product_cat-bache-impermeable","8":"product_cat-feuille-de-bache","10":"first","11":"instock","12":"shipping-taxable","13":"product-type-simple"},"acf":[],"_links":{"self":[{"href":"https:\/\/roctarps.com\/fr\/wp-json\/wp\/v2\/product\/4614","targetHints":{"allow":["GET"]}}],"collection":[{"href":"https:\/\/roctarps.com\/fr\/wp-json\/wp\/v2\/product"}],"about":[{"href":"https:\/\/roctarps.com\/fr\/wp-json\/wp\/v2\/types\/product"}],"wp:featuredmedia":[{"embeddable":true,"href":"https:\/\/roctarps.com\/fr\/wp-json\/wp\/v2\/media\/4078"}],"wp:attachment":[{"href":"https:\/\/roctarps.com\/fr\/wp-json\/wp\/v2\/media?parent=4614"}],"wp:term":[{"taxonomy":"product_brand","embeddable":true,"href":"https:\/\/roctarps.com\/fr\/wp-json\/wp\/v2\/product_brand?post=4614"},{"taxonomy":"product_cat","embeddable":true,"href":"https:\/\/roctarps.com\/fr\/wp-json\/wp\/v2\/product_cat?post=4614"},{"taxonomy":"product_tag","embeddable":true,"href":"https:\/\/roctarps.com\/fr\/wp-json\/wp\/v2\/product_tag?post=4614"}],"curies":[{"name":"wp","href":"https:\/\/api.w.org\/{rel}","templated":true}]}}