{"id":4615,"date":"2023-01-05T11:13:05","date_gmt":"2023-01-05T03:13:05","guid":{"rendered":"https:\/\/roctarps.com\/product\/baches-en-polyethylene-vertes\/"},"modified":"2025-02-25T09:32:32","modified_gmt":"2025-02-25T01:32:32","slug":"vert-poly-tarpe","status":"publish","type":"product","link":"https:\/\/roctarps.com\/fr\/produit\/vert-poly-tarpe\/","title":{"rendered":"B\u00e2ches en poly\u00e9thyl\u00e8ne vertes"},"content":{"rendered":"","protected":false},"excerpt":{"rendered":"<p>Nos b\u00e2ches en poly vertes sont fabriqu\u00e9es \u00e0 partir de 3 couches de mat\u00e9riau poly vierge de haute qualit\u00e9. Elles sont tr\u00e8s solides et compl\u00e8tement imperm\u00e9ables et peuvent \u00eatre utilis\u00e9es \u00e0 l&rsquo;ext\u00e9rieur pour prot\u00e9ger vos \u00e9l\u00e9ments. Ces b\u00e2ches ont un tissage tr\u00e8s serr\u00e9 avec 14 x 14 carr\u00e9s par pouce, ce qui les rend tr\u00e8s robustes et id\u00e9ales pour une utilisation dans diverses conditions m\u00e9t\u00e9orologiques. Les coins et les ourlets (bords) sont renforc\u00e9s par une corde afin de garantir un niveau \u00e9lev\u00e9 de r\u00e9sistance et de durabilit\u00e9.<\/p>\n<p>Les \u0153illets en aluminium, tous les 36 pouces environ, ainsi que les coins et les ourlets renforc\u00e9s par une corde ajoutent une stabilit\u00e9 et un soutien suppl\u00e9mentaires. Ces b\u00e2ches sont \u00e9galement dot\u00e9es de coutures thermosoud\u00e9es sp\u00e9ciales qui leur permettent de durer longtemps. N&rsquo;oubliez pas que la taille finale de la b\u00e2che peut \u00eatre l\u00e9g\u00e8rement inf\u00e9rieure \u00e0 la taille indiqu\u00e9e. Veuillez noter que ces b\u00e2ches sont d\u00e9coup\u00e9es, la taille finale \u00e9tant l\u00e9g\u00e8rement plus petite. Prot\u00e9gez vos biens et mettez-les \u00e0 l&rsquo;abri des \u00e9l\u00e9ments avec des b\u00e2ches en poly vertes.<\/p>\n","protected":false},"featured_media":4073,"template":"","meta":{"_acf_changed":false,"_seopress_robots_primary_cat":"none","_seopress_titles_title":"","_seopress_titles_desc":"","_seopress_robots_index":""},"product_brand":[],"product_cat":[121,133,123],"product_tag":[],"class_list":{"0":"post-4615","1":"product","2":"type-product","3":"status-publish","4":"has-post-thumbnail","6":"product_cat-bache-impermeable","7":"product_cat-bache-pe","8":"product_cat-feuille-de-bache","10":"first","11":"instock","12":"shipping-taxable","13":"product-type-simple"},"acf":[],"_links":{"self":[{"href":"https:\/\/roctarps.com\/fr\/wp-json\/wp\/v2\/product\/4615","targetHints":{"allow":["GET"]}}],"collection":[{"href":"https:\/\/roctarps.com\/fr\/wp-json\/wp\/v2\/product"}],"about":[{"href":"https:\/\/roctarps.com\/fr\/wp-json\/wp\/v2\/types\/product"}],"wp:featuredmedia":[{"embeddable":true,"href":"https:\/\/roctarps.com\/fr\/wp-json\/wp\/v2\/media\/4073"}],"wp:attachment":[{"href":"https:\/\/roctarps.com\/fr\/wp-json\/wp\/v2\/media?parent=4615"}],"wp:term":[{"taxonomy":"product_brand","embeddable":true,"href":"https:\/\/roctarps.com\/fr\/wp-json\/wp\/v2\/product_brand?post=4615"},{"taxonomy":"product_cat","embeddable":true,"href":"https:\/\/roctarps.com\/fr\/wp-json\/wp\/v2\/product_cat?post=4615"},{"taxonomy":"product_tag","embeddable":true,"href":"https:\/\/roctarps.com\/fr\/wp-json\/wp\/v2\/product_tag?post=4615"}],"curies":[{"name":"wp","href":"https:\/\/api.w.org\/{rel}","templated":true}]}}