{"id":4616,"date":"2023-01-06T14:48:52","date_gmt":"2023-01-06T06:48:52","guid":{"rendered":"https:\/\/roctarps.com\/product\/baches-en-polyethylene-orange-a-usage-intensif\/"},"modified":"2025-02-25T09:27:06","modified_gmt":"2025-02-25T01:27:06","slug":"goujons-en-polycarbonate-orange-pour-travaux-lourds","status":"publish","type":"product","link":"https:\/\/roctarps.com\/fr\/produit\/goujons-en-polycarbonate-orange-pour-travaux-lourds\/","title":{"rendered":"B\u00e2ches en poly\u00e9thyl\u00e8ne orange \u00e0 usage intensif"},"content":{"rendered":"","protected":false},"excerpt":{"rendered":"<p>Nos b\u00e2ches en poly\u00e9thyl\u00e8ne noir sont fabriqu\u00e9es \u00e0 partir d&rsquo;un mat\u00e9riau en poly\u00e9thyl\u00e8ne 100% imperm\u00e9able \u00e0 l&rsquo;eau, d&rsquo;une \u00e9paisseur de 16 mils et d&rsquo;un GSM de 220. Ces b\u00e2ches sont r\u00e9sistantes et durables et sont parfaites pour la couverture temporaire des voitures, bateaux, camions et v\u00e9hicules r\u00e9cr\u00e9atifs, les abris de fortune, et aussi pour les situations d&rsquo;urgence comme les toits endommag\u00e9s.<\/p>\n<p>Les coutures thermosoud\u00e9es garantissent que ces b\u00e2ches r\u00e9sisteront aux conditions les plus difficiles, ce qui en fait une excellente couverture d&rsquo;urgence en cas de toit endommag\u00e9 apr\u00e8s une temp\u00eate, et elles peuvent m\u00eame \u00eatre utilis\u00e9es pour contenir l&rsquo;eau afin de cr\u00e9er des \u00e9tangs, des abreuvoirs ou m\u00eame des patinoires en hiver. Gardez-en un \u00e0 port\u00e9e de main et soyez pr\u00eat \u00e0 faire face \u00e0 tout ce qui vous arrive.<\/p>\n","protected":false},"featured_media":4048,"template":"","meta":{"_acf_changed":false,"_seopress_robots_primary_cat":"none","_seopress_titles_title":"","_seopress_titles_desc":"","_seopress_robots_index":""},"product_brand":[],"product_cat":[133,135,134],"product_tag":[],"class_list":{"0":"post-4616","1":"product","2":"type-product","3":"status-publish","4":"has-post-thumbnail","6":"product_cat-bache-pe","7":"product_cat-bache-pour-vehicule-de-transport","8":"product_cat-bache-robuste","10":"first","11":"instock","12":"shipping-taxable","13":"product-type-simple"},"acf":[],"_links":{"self":[{"href":"https:\/\/roctarps.com\/fr\/wp-json\/wp\/v2\/product\/4616","targetHints":{"allow":["GET"]}}],"collection":[{"href":"https:\/\/roctarps.com\/fr\/wp-json\/wp\/v2\/product"}],"about":[{"href":"https:\/\/roctarps.com\/fr\/wp-json\/wp\/v2\/types\/product"}],"wp:featuredmedia":[{"embeddable":true,"href":"https:\/\/roctarps.com\/fr\/wp-json\/wp\/v2\/media\/4048"}],"wp:attachment":[{"href":"https:\/\/roctarps.com\/fr\/wp-json\/wp\/v2\/media?parent=4616"}],"wp:term":[{"taxonomy":"product_brand","embeddable":true,"href":"https:\/\/roctarps.com\/fr\/wp-json\/wp\/v2\/product_brand?post=4616"},{"taxonomy":"product_cat","embeddable":true,"href":"https:\/\/roctarps.com\/fr\/wp-json\/wp\/v2\/product_cat?post=4616"},{"taxonomy":"product_tag","embeddable":true,"href":"https:\/\/roctarps.com\/fr\/wp-json\/wp\/v2\/product_tag?post=4616"}],"curies":[{"name":"wp","href":"https:\/\/api.w.org\/{rel}","templated":true}]}}