{"id":4617,"date":"2023-01-04T14:49:59","date_gmt":"2023-01-04T06:49:59","guid":{"rendered":"https:\/\/roctarps.com\/product\/baches-poly-marron\/"},"modified":"2025-02-25T09:32:16","modified_gmt":"2025-02-25T01:32:16","slug":"brun-poly-tarpe","status":"publish","type":"product","link":"https:\/\/roctarps.com\/fr\/produit\/brun-poly-tarpe\/","title":{"rendered":"B\u00e2ches poly marron"},"content":{"rendered":"","protected":false},"excerpt":{"rendered":"<p>Nos b\u00e2ches en poly\u00e9thyl\u00e8ne marron sont fabriqu\u00e9es en poly\u00e9thyl\u00e8ne de haute qualit\u00e9, qui est fait pour durer avec des caract\u00e9ristiques de r\u00e9flexion des rayons UV, de r\u00e9sistance aux intemp\u00e9ries, de tr\u00e8s grande solidit\u00e9 et de durabilit\u00e9. Elles peuvent r\u00e9sister \u00e0 la pluie, au vent et \u00e0 la chaleur, et sont id\u00e9ales pour la plupart des utilisations ext\u00e9rieures, notamment pour couvrir des mat\u00e9riaux de construction, des \u00e9quipements, des fournitures agricoles, des couvertures temporaires de piscine ou de bateau, des jardins, des abris de voiture et du bois de chauffage. Nous avons \u00e9galement d&rsquo;autres couleurs pour votre option.<\/p>\n","protected":false},"featured_media":4019,"template":"","meta":{"_acf_changed":false,"_seopress_robots_primary_cat":"none","_seopress_titles_title":"","_seopress_titles_desc":"","_seopress_robots_index":""},"product_brand":[],"product_cat":[122,121,133],"product_tag":[],"class_list":{"0":"post-4617","1":"product","2":"type-product","3":"status-publish","4":"has-post-thumbnail","6":"product_cat-bache-en-pehd","7":"product_cat-bache-impermeable","8":"product_cat-bache-pe","10":"first","11":"instock","12":"shipping-taxable","13":"product-type-simple"},"acf":[],"_links":{"self":[{"href":"https:\/\/roctarps.com\/fr\/wp-json\/wp\/v2\/product\/4617","targetHints":{"allow":["GET"]}}],"collection":[{"href":"https:\/\/roctarps.com\/fr\/wp-json\/wp\/v2\/product"}],"about":[{"href":"https:\/\/roctarps.com\/fr\/wp-json\/wp\/v2\/types\/product"}],"wp:featuredmedia":[{"embeddable":true,"href":"https:\/\/roctarps.com\/fr\/wp-json\/wp\/v2\/media\/4019"}],"wp:attachment":[{"href":"https:\/\/roctarps.com\/fr\/wp-json\/wp\/v2\/media?parent=4617"}],"wp:term":[{"taxonomy":"product_brand","embeddable":true,"href":"https:\/\/roctarps.com\/fr\/wp-json\/wp\/v2\/product_brand?post=4617"},{"taxonomy":"product_cat","embeddable":true,"href":"https:\/\/roctarps.com\/fr\/wp-json\/wp\/v2\/product_cat?post=4617"},{"taxonomy":"product_tag","embeddable":true,"href":"https:\/\/roctarps.com\/fr\/wp-json\/wp\/v2\/product_tag?post=4617"}],"curies":[{"name":"wp","href":"https:\/\/api.w.org\/{rel}","templated":true}]}}