{"id":4618,"date":"2023-01-10T10:40:03","date_gmt":"2023-01-10T02:40:03","guid":{"rendered":"https:\/\/roctarps.com\/product\/baches-en-polyethylene-bleu-argente-a-usage-intensif\/"},"modified":"2025-02-25T09:27:18","modified_gmt":"2025-02-25T01:27:18","slug":"heavy-duty-blue-argent-poly-tarps","status":"publish","type":"product","link":"https:\/\/roctarps.com\/fr\/produit\/heavy-duty-blue-argent-poly-tarps\/","title":{"rendered":"B\u00e2ches en poly\u00e9thyl\u00e8ne bleu argent\u00e9 \u00e0 usage intensif"},"content":{"rendered":"","protected":false},"excerpt":{"rendered":"<p>Nos b\u00e2ches en poly\u00e9thyl\u00e8ne bleu argent\u00e9 tr\u00e8s r\u00e9sistantes sont id\u00e9ales pour une utilisation en ext\u00e9rieur, pour leur maniabilit\u00e9, leur flexibilit\u00e9 et leur l\u00e9g\u00e8ret\u00e9. Ces b\u00e2ches sont fabriqu\u00e9es \u00e0 partir d&rsquo;un mat\u00e9riau en poly\u00e9thyl\u00e8ne 3 couches 100 % imperm\u00e9able et renforc\u00e9, ce qui leur permet de r\u00e9sister aux conditions climatiques difficiles. Elles sont dot\u00e9es de fibres denier solides pour une durabilit\u00e9 accrue.<\/p>\n<p>L&rsquo;\u00e9paisseur de 12 milli\u00e8mes de pouce et la solidit\u00e9 des fibres en deniers offrent une durabilit\u00e9 suppl\u00e9mentaire, tandis que les propri\u00e9t\u00e9s de r\u00e9sistance \u00e0 l&rsquo;acide, \u00e0 la moisissure et \u00e0 la pourriture garantissent une utilisation durable. Les coutures thermosoud\u00e9es durables et la corde durable avec des bords renforc\u00e9s offrent une r\u00e9sistance et un soutien suppl\u00e9mentaires. Nos b\u00e2ches sont disponibles en diff\u00e9rentes tailles et l&rsquo;ultraviolet est ajout\u00e9 selon les besoins. Utilisez ces b\u00e2ches pour les \u00e9v\u00e9nements en plein air, la couverture des \u00e9quipements, et plus encore.<\/p>\n","protected":false},"featured_media":4084,"template":"","meta":{"_acf_changed":false,"_seopress_robots_primary_cat":"none","_seopress_titles_title":"","_seopress_titles_desc":"","_seopress_robots_index":""},"product_brand":[],"product_cat":[141,133,134],"product_tag":[],"class_list":{"0":"post-4618","1":"product","2":"type-product","3":"status-publish","4":"has-post-thumbnail","6":"product_cat-bache-de-jardin-exterieure","7":"product_cat-bache-pe","8":"product_cat-bache-robuste","10":"first","11":"instock","12":"shipping-taxable","13":"product-type-simple"},"acf":[],"_links":{"self":[{"href":"https:\/\/roctarps.com\/fr\/wp-json\/wp\/v2\/product\/4618","targetHints":{"allow":["GET"]}}],"collection":[{"href":"https:\/\/roctarps.com\/fr\/wp-json\/wp\/v2\/product"}],"about":[{"href":"https:\/\/roctarps.com\/fr\/wp-json\/wp\/v2\/types\/product"}],"wp:featuredmedia":[{"embeddable":true,"href":"https:\/\/roctarps.com\/fr\/wp-json\/wp\/v2\/media\/4084"}],"wp:attachment":[{"href":"https:\/\/roctarps.com\/fr\/wp-json\/wp\/v2\/media?parent=4618"}],"wp:term":[{"taxonomy":"product_brand","embeddable":true,"href":"https:\/\/roctarps.com\/fr\/wp-json\/wp\/v2\/product_brand?post=4618"},{"taxonomy":"product_cat","embeddable":true,"href":"https:\/\/roctarps.com\/fr\/wp-json\/wp\/v2\/product_cat?post=4618"},{"taxonomy":"product_tag","embeddable":true,"href":"https:\/\/roctarps.com\/fr\/wp-json\/wp\/v2\/product_tag?post=4618"}],"curies":[{"name":"wp","href":"https:\/\/api.w.org\/{rel}","templated":true}]}}