{"id":7258,"date":"2025-02-11T16:52:56","date_gmt":"2025-02-11T08:52:56","guid":{"rendered":"https:\/\/roctarps.com\/product\/sac-de-rangement-de-couronne-de-noel-en-pe-avec-poignees-robustes-a-double-fermeture-eclair\/"},"modified":"2025-02-11T16:52:56","modified_gmt":"2025-02-11T08:52:56","slug":"sac-de-rangement-de-couronne-de-noel-en-pe-avec-poignees-robustes-a-double-fermeture-eclair","status":"publish","type":"product","link":"https:\/\/roctarps.com\/fr\/produit\/sac-de-rangement-de-couronne-de-noel-en-pe-avec-poignees-robustes-a-double-fermeture-eclair\/","title":{"rendered":"Sac de rangement de couronne de No\u00ebl en PE avec poign\u00e9es robustes \u00e0 double fermeture \u00e9clair"},"content":{"rendered":"","protected":false},"excerpt":{"rendered":"","protected":false},"featured_media":6577,"template":"","meta":{"_acf_changed":false,"_seopress_robots_primary_cat":"none","_seopress_titles_title":"","_seopress_titles_desc":"","_seopress_robots_index":""},"product_brand":[],"product_cat":[103],"product_tag":[],"class_list":{"0":"post-7258","1":"product","2":"type-product","3":"status-publish","4":"has-post-thumbnail","6":"product_cat-housses-de-bache","8":"first","9":"instock","10":"shipping-taxable","11":"product-type-simple"},"acf":[],"_links":{"self":[{"href":"https:\/\/roctarps.com\/fr\/wp-json\/wp\/v2\/product\/7258","targetHints":{"allow":["GET"]}}],"collection":[{"href":"https:\/\/roctarps.com\/fr\/wp-json\/wp\/v2\/product"}],"about":[{"href":"https:\/\/roctarps.com\/fr\/wp-json\/wp\/v2\/types\/product"}],"wp:featuredmedia":[{"embeddable":true,"href":"https:\/\/roctarps.com\/fr\/wp-json\/wp\/v2\/media\/6577"}],"wp:attachment":[{"href":"https:\/\/roctarps.com\/fr\/wp-json\/wp\/v2\/media?parent=7258"}],"wp:term":[{"taxonomy":"product_brand","embeddable":true,"href":"https:\/\/roctarps.com\/fr\/wp-json\/wp\/v2\/product_brand?post=7258"},{"taxonomy":"product_cat","embeddable":true,"href":"https:\/\/roctarps.com\/fr\/wp-json\/wp\/v2\/product_cat?post=7258"},{"taxonomy":"product_tag","embeddable":true,"href":"https:\/\/roctarps.com\/fr\/wp-json\/wp\/v2\/product_tag?post=7258"}],"curies":[{"name":"wp","href":"https:\/\/api.w.org\/{rel}","templated":true}]}}