{"id":7279,"date":"2025-02-11T16:54:31","date_gmt":"2025-02-11T08:54:31","guid":{"rendered":"https:\/\/roctarps.com\/product\/poubelle-portable-de-sac-de-feuilles-de-jardin-en-pe-avec-fermeture-eclair-a-levre\/"},"modified":"2025-02-11T16:54:31","modified_gmt":"2025-02-11T08:54:31","slug":"poubelle-portable-de-sac-de-feuilles-de-jardin-en-pe-avec-fermeture-eclair-a-levre","status":"publish","type":"product","link":"https:\/\/roctarps.com\/fr\/produit\/poubelle-portable-de-sac-de-feuilles-de-jardin-en-pe-avec-fermeture-eclair-a-levre\/","title":{"rendered":"Poubelle portable de sac de feuilles de jardin en PE avec fermeture \u00e9clair \u00e0 l\u00e8vre"},"content":{"rendered":"","protected":false},"excerpt":{"rendered":"","protected":false},"featured_media":6391,"template":"","meta":{"_acf_changed":false,"_seopress_robots_primary_cat":"none","_seopress_titles_title":"","_seopress_titles_desc":"","_seopress_robots_index":""},"product_brand":[],"product_cat":[103],"product_tag":[],"class_list":{"0":"post-7279","1":"product","2":"type-product","3":"status-publish","4":"has-post-thumbnail","6":"product_cat-housses-de-bache","8":"first","9":"instock","10":"shipping-taxable","11":"product-type-simple"},"acf":[],"_links":{"self":[{"href":"https:\/\/roctarps.com\/fr\/wp-json\/wp\/v2\/product\/7279","targetHints":{"allow":["GET"]}}],"collection":[{"href":"https:\/\/roctarps.com\/fr\/wp-json\/wp\/v2\/product"}],"about":[{"href":"https:\/\/roctarps.com\/fr\/wp-json\/wp\/v2\/types\/product"}],"wp:featuredmedia":[{"embeddable":true,"href":"https:\/\/roctarps.com\/fr\/wp-json\/wp\/v2\/media\/6391"}],"wp:attachment":[{"href":"https:\/\/roctarps.com\/fr\/wp-json\/wp\/v2\/media?parent=7279"}],"wp:term":[{"taxonomy":"product_brand","embeddable":true,"href":"https:\/\/roctarps.com\/fr\/wp-json\/wp\/v2\/product_brand?post=7279"},{"taxonomy":"product_cat","embeddable":true,"href":"https:\/\/roctarps.com\/fr\/wp-json\/wp\/v2\/product_cat?post=7279"},{"taxonomy":"product_tag","embeddable":true,"href":"https:\/\/roctarps.com\/fr\/wp-json\/wp\/v2\/product_tag?post=7279"}],"curies":[{"name":"wp","href":"https:\/\/api.w.org\/{rel}","templated":true}]}}