{"id":7295,"date":"2025-02-11T16:51:41","date_gmt":"2025-02-11T08:51:41","guid":{"rendered":"https:\/\/roctarps.com\/product\/housse-de-bache-pe-personnalisee-impermeable-a-leau-robuste-pour-camion\/"},"modified":"2025-02-11T16:51:41","modified_gmt":"2025-02-11T08:51:41","slug":"housse-de-bache-pe-personnalisee-impermeable-a-leau-robuste-pour-camion","status":"publish","type":"product","link":"https:\/\/roctarps.com\/fr\/produit\/housse-de-bache-pe-personnalisee-impermeable-a-leau-robuste-pour-camion\/","title":{"rendered":"Housse de b\u00e2che PE personnalis\u00e9e imperm\u00e9able \u00e0 l\u2019eau robuste pour camion"},"content":{"rendered":"","protected":false},"excerpt":{"rendered":"","protected":false},"featured_media":6685,"template":"","meta":{"_acf_changed":false,"_seopress_robots_primary_cat":"none","_seopress_titles_title":"","_seopress_titles_desc":"","_seopress_robots_index":""},"product_brand":[],"product_cat":[103],"product_tag":[],"class_list":{"0":"post-7295","1":"product","2":"type-product","3":"status-publish","4":"has-post-thumbnail","6":"product_cat-housses-de-bache","8":"first","9":"instock","10":"shipping-taxable","11":"product-type-simple"},"acf":[],"_links":{"self":[{"href":"https:\/\/roctarps.com\/fr\/wp-json\/wp\/v2\/product\/7295","targetHints":{"allow":["GET"]}}],"collection":[{"href":"https:\/\/roctarps.com\/fr\/wp-json\/wp\/v2\/product"}],"about":[{"href":"https:\/\/roctarps.com\/fr\/wp-json\/wp\/v2\/types\/product"}],"wp:featuredmedia":[{"embeddable":true,"href":"https:\/\/roctarps.com\/fr\/wp-json\/wp\/v2\/media\/6685"}],"wp:attachment":[{"href":"https:\/\/roctarps.com\/fr\/wp-json\/wp\/v2\/media?parent=7295"}],"wp:term":[{"taxonomy":"product_brand","embeddable":true,"href":"https:\/\/roctarps.com\/fr\/wp-json\/wp\/v2\/product_brand?post=7295"},{"taxonomy":"product_cat","embeddable":true,"href":"https:\/\/roctarps.com\/fr\/wp-json\/wp\/v2\/product_cat?post=7295"},{"taxonomy":"product_tag","embeddable":true,"href":"https:\/\/roctarps.com\/fr\/wp-json\/wp\/v2\/product_tag?post=7295"}],"curies":[{"name":"wp","href":"https:\/\/api.w.org\/{rel}","templated":true}]}}