{"id":7301,"date":"2025-02-11T16:52:22","date_gmt":"2025-02-11T08:52:22","guid":{"rendered":"https:\/\/roctarps.com\/product\/sacs-de-culture-de-jardinage-pe-avec-poignees-de-pots-pour-jardiniere-arbre-legumes-fruits\/"},"modified":"2025-02-11T16:52:22","modified_gmt":"2025-02-11T08:52:22","slug":"sacs-de-culture-de-jardinage-pe-avec-poignees-de-pots-pour-jardiniere-arbre-legumes-fruits","status":"publish","type":"product","link":"https:\/\/roctarps.com\/fr\/produit\/sacs-de-culture-de-jardinage-pe-avec-poignees-de-pots-pour-jardiniere-arbre-legumes-fruits\/","title":{"rendered":"Sacs de culture de jardinage PE avec poign\u00e9es de pots pour jardini\u00e8re arbre l\u00e9gumes fruits"},"content":{"rendered":"","protected":false},"excerpt":{"rendered":"","protected":false},"featured_media":6637,"template":"","meta":{"_acf_changed":false,"_seopress_robots_primary_cat":"none","_seopress_titles_title":"","_seopress_titles_desc":"","_seopress_robots_index":""},"product_brand":[],"product_cat":[103],"product_tag":[],"class_list":{"0":"post-7301","1":"product","2":"type-product","3":"status-publish","4":"has-post-thumbnail","6":"product_cat-housses-de-bache","8":"first","9":"instock","10":"shipping-taxable","11":"product-type-simple"},"acf":[],"_links":{"self":[{"href":"https:\/\/roctarps.com\/fr\/wp-json\/wp\/v2\/product\/7301","targetHints":{"allow":["GET"]}}],"collection":[{"href":"https:\/\/roctarps.com\/fr\/wp-json\/wp\/v2\/product"}],"about":[{"href":"https:\/\/roctarps.com\/fr\/wp-json\/wp\/v2\/types\/product"}],"wp:featuredmedia":[{"embeddable":true,"href":"https:\/\/roctarps.com\/fr\/wp-json\/wp\/v2\/media\/6637"}],"wp:attachment":[{"href":"https:\/\/roctarps.com\/fr\/wp-json\/wp\/v2\/media?parent=7301"}],"wp:term":[{"taxonomy":"product_brand","embeddable":true,"href":"https:\/\/roctarps.com\/fr\/wp-json\/wp\/v2\/product_brand?post=7301"},{"taxonomy":"product_cat","embeddable":true,"href":"https:\/\/roctarps.com\/fr\/wp-json\/wp\/v2\/product_cat?post=7301"},{"taxonomy":"product_tag","embeddable":true,"href":"https:\/\/roctarps.com\/fr\/wp-json\/wp\/v2\/product_tag?post=7301"}],"curies":[{"name":"wp","href":"https:\/\/api.w.org\/{rel}","templated":true}]}}