{"id":7387,"date":"2022-10-26T14:04:39","date_gmt":"2022-10-26T06:04:39","guid":{"rendered":"https:\/\/roctarps.com\/product\/12x20-bache-en-poly-robuste-bleu-pour-voiture\/"},"modified":"2022-10-26T14:04:39","modified_gmt":"2022-10-26T06:04:39","slug":"12x20-bache-en-poly-robuste-bleu-pour-voiture","status":"publish","type":"product","link":"https:\/\/roctarps.com\/fr\/produit\/12x20-bache-en-poly-robuste-bleu-pour-voiture\/","title":{"rendered":"12&#215;20 b\u00e2che en poly robuste bleu pour voiture"},"content":{"rendered":"<p>Nos b\u00e2ches en poly sont disponibles en diff\u00e9rentes \u00e9paisseurs et GSM, de l\u00e9g\u00e8res \u00e0 robustes, et de nombreuses couleurs pour votre s\u00e9lection : bleu, orange, argent, etc. Vous pouvez choisir parmi des produits tels que des b\u00e2ches en poly\u00e9thyl\u00e8ne robustes, des feuilles de poly\u00e9thyl\u00e8ne imperm\u00e9ables, des b\u00e2ches en poly\u00e9thyl\u00e8ne transparentes, etc. Nous avons \u00e9galement des b\u00e2ches en poly\u00e9thyl\u00e8ne personnalis\u00e9es pour les chantiers de construction, les toitures, l\u2019agriculture et les couvertures d\u2019\u00e9quipements industriels.  <\/p>\n","protected":false},"excerpt":{"rendered":"<p>Nos b\u00e2ches bleues robustes de 12 x 20 sont fabriqu\u00e9es en tissu trait\u00e9 en poly\u00e9thyl\u00e8ne de haute qualit\u00e9 pour plus de durabilit\u00e9 et ont des \u0153illets antirouille pour assurer une utilisation durable. 12 x 20 pieds est une taille parfaite pour les surfaces moyennes et les applications et est la taille finie, mais habituellement, les b\u00e2ches en poly\u00e9thyl\u00e8ne sont plus petites que la taille totale indiqu\u00e9e sur la marque. Ils sont id\u00e9aux pour couvrir votre camion, votre voiture, votre moto, votre toit, votre cour, votre cabine, vos meubles d\u2019ext\u00e9rieur ou votre piscine pour enfants. Et vous pouvez l\u2019utiliser pour le camping pour prot\u00e9ger le fond de votre tente des rochers et de l\u2019humidit\u00e9, organiser un pique-ou garder votre feu de camp \u00e0 l\u2019abri de la pluie. Couvrez le bois d\u2019\u0153uvre, le bois de chauffage et \u00e0 peu pr\u00e8s tout le reste.    <\/p>\n","protected":false},"featured_media":3992,"template":"","meta":{"_acf_changed":false,"_seopress_robots_primary_cat":"none","_seopress_titles_title":"","_seopress_titles_desc":"","_seopress_robots_index":""},"product_brand":[],"product_cat":[122,121,134],"product_tag":[],"class_list":{"0":"post-7387","1":"product","2":"type-product","3":"status-publish","4":"has-post-thumbnail","6":"product_cat-bache-en-pehd","7":"product_cat-bache-impermeable","8":"product_cat-bache-robuste","10":"first","11":"instock","12":"shipping-taxable","13":"product-type-simple"},"acf":[],"_links":{"self":[{"href":"https:\/\/roctarps.com\/fr\/wp-json\/wp\/v2\/product\/7387","targetHints":{"allow":["GET"]}}],"collection":[{"href":"https:\/\/roctarps.com\/fr\/wp-json\/wp\/v2\/product"}],"about":[{"href":"https:\/\/roctarps.com\/fr\/wp-json\/wp\/v2\/types\/product"}],"wp:featuredmedia":[{"embeddable":true,"href":"https:\/\/roctarps.com\/fr\/wp-json\/wp\/v2\/media\/3992"}],"wp:attachment":[{"href":"https:\/\/roctarps.com\/fr\/wp-json\/wp\/v2\/media?parent=7387"}],"wp:term":[{"taxonomy":"product_brand","embeddable":true,"href":"https:\/\/roctarps.com\/fr\/wp-json\/wp\/v2\/product_brand?post=7387"},{"taxonomy":"product_cat","embeddable":true,"href":"https:\/\/roctarps.com\/fr\/wp-json\/wp\/v2\/product_cat?post=7387"},{"taxonomy":"product_tag","embeddable":true,"href":"https:\/\/roctarps.com\/fr\/wp-json\/wp\/v2\/product_tag?post=7387"}],"curies":[{"name":"wp","href":"https:\/\/api.w.org\/{rel}","templated":true}]}}