{"id":7396,"date":"2022-08-08T11:29:27","date_gmt":"2022-08-08T03:29:27","guid":{"rendered":"https:\/\/roctarps.com\/product\/200-g-m%c2%b2-pehd-pe-bache\/"},"modified":"2022-08-08T11:29:27","modified_gmt":"2022-08-08T03:29:27","slug":"200-g-m%c2%b2-pehd-pe-bache","status":"publish","type":"product","link":"https:\/\/roctarps.com\/fr\/produit\/200-g-m%c2%b2-pehd-pe-bache\/","title":{"rendered":"200 G\/M\u00b2 PEHD PE B\u00c2CHE"},"content":{"rendered":"<p>Les feuilles de b\u00e2che PE HDPE 200 Gsm sont une couverture utilitaire polyvalente et constituent le choix le plus \u00e9conomique de notre gamme de produits de b\u00e2che en poly\u00e9thyl\u00e8ne. Ce sont des housses durables et solides qui sont 100 % imperm\u00e9ables et r\u00e9sistantes aux rayons UV, aux d\u00e9chirures, \u00e0 l\u2019abrasion, aux perforations, \u00e0 l\u2019acide, \u00e0 la graisse, \u00e0 l\u2019huile et \u00e0 la moisissure. <\/p>\n<p>Ces b\u00e2ches sont l\u2019un de nos articles les plus vendus, id\u00e9ales pour les applications de camionnage, industrielles, d\u2019\u00e9quipement, commerciales, de stockage et agricoles. De plus, ils ont la capacit\u00e9 de prot\u00e9ger temporairement contre les \u00e9l\u00e9ments tels que la pluie, la salet\u00e9 et la neige, tout en \u00e9tant l\u00e9gers et facilement man\u0153uvrables. <\/p>\n","protected":false},"excerpt":{"rendered":"<ul>\n<li><strong>Mat\u00e9riel:<\/strong> Poly\u00e9thyl\u00e8ne (tissu tiss\u00e9 int\u00e9rieur en PEHD, LDPE lamin\u00e9 des deux c\u00f4t\u00e9s)<\/li>\n<li><strong>Couleur:<\/strong> Double blanc, double bleu, double argent, bleu orange, double noir, noir \/ blanc, bleu \/ blanc, ou selon les exigences du client<\/li>\n<li><strong>Taille finie :<\/strong> 6&Prime; ou 3&nbsp;% moins de tol\u00e9rances<\/li>\n<li><strong>Denier :<\/strong> 600~1500 deniers<\/li>\n<li><strong>Largeur&nbsp;:<\/strong> 1,83 m (72 pouces), 2 m, 2,44 m et 4 m \u00e0 16 m peuvent \u00eatre disponibles<\/li>\n<li><strong>Longueur: <\/strong>Feuille 4m,5m et 8m&nbsp;; Rouleau 27,5 m (30 verges), 40 m et 55 m<\/li>\n<li><strong>Nombre de mailles tiss\u00e9es&nbsp;:<\/strong> 6&#215;6 ~ 18&#215;18 \/ in\u00b2<\/li>\n<li><strong>\u00c9paisseur de la fibre&nbsp;:<\/strong> 5 ~ 16 mil<\/li>\n<li><strong>Poids&nbsp;: <\/strong>40 ~ 450 GSM (grammes \/ m\u00e8tre carr\u00e9) 2 ~ 18 oz \/ yd2 (once \/ verge carr\u00e9e)<\/li>\n<li><strong>Traitement:<\/strong> Logo d\u2019impression film\u00e9 UV ou personnalis\u00e9 selon les exigences<br \/>\ndu client Couleur beige des deux c\u00f4t\u00e9s<\/li>\n<li><strong>Emballage:<\/strong> En rouleau, en balle ou en carton<\/li>\n<li><strong>MOQ&nbsp;:<\/strong> 5 tonnes<\/li>\n<li><strong>Capacit\u00e9 de production :<\/strong> 1500 tonnes\/mois<\/li>\n<li><strong>D\u00e9lai de livraison&nbsp;:<\/strong> 10-15 jours apr\u00e8s r\u00e9ception de l\u2019acompte de 30&nbsp;% et de la confirmation finale<\/li>\n<li><strong>Modalit\u00e9s de paiement:<\/strong> T\/T ou L\/C \u00e0 vue<\/li>\n<li><strong>Capacit\u00e9 de chargement du conteneur :<\/strong> Rouleaux 18 tonnes\/20&prime; GP, 28 tonnes\/40&rsquo;HQ&nbsp;; Balles 12 tonnes\/20&prime; GP, 25 tonnes\/40&rsquo;HQ&nbsp;; Carton 9 tonnes\/20&rsquo;GP, 22tonnes\/40&rsquo;HQ<\/li>\n<\/ul>\n","protected":false},"featured_media":3943,"template":"","meta":{"_acf_changed":false,"_seopress_robots_primary_cat":"none","_seopress_titles_title":"","_seopress_titles_desc":"","_seopress_robots_index":""},"product_brand":[],"product_cat":[122,151,123],"product_tag":[],"class_list":{"0":"post-7396","1":"product","2":"type-product","3":"status-publish","4":"has-post-thumbnail","6":"product_cat-bache-en-pehd","7":"product_cat-bache-pour-la-construction-de-batiments","8":"product_cat-feuille-de-bache","10":"first","11":"instock","12":"shipping-taxable","13":"product-type-simple"},"acf":[],"_links":{"self":[{"href":"https:\/\/roctarps.com\/fr\/wp-json\/wp\/v2\/product\/7396","targetHints":{"allow":["GET"]}}],"collection":[{"href":"https:\/\/roctarps.com\/fr\/wp-json\/wp\/v2\/product"}],"about":[{"href":"https:\/\/roctarps.com\/fr\/wp-json\/wp\/v2\/types\/product"}],"wp:featuredmedia":[{"embeddable":true,"href":"https:\/\/roctarps.com\/fr\/wp-json\/wp\/v2\/media\/3943"}],"wp:attachment":[{"href":"https:\/\/roctarps.com\/fr\/wp-json\/wp\/v2\/media?parent=7396"}],"wp:term":[{"taxonomy":"product_brand","embeddable":true,"href":"https:\/\/roctarps.com\/fr\/wp-json\/wp\/v2\/product_brand?post=7396"},{"taxonomy":"product_cat","embeddable":true,"href":"https:\/\/roctarps.com\/fr\/wp-json\/wp\/v2\/product_cat?post=7396"},{"taxonomy":"product_tag","embeddable":true,"href":"https:\/\/roctarps.com\/fr\/wp-json\/wp\/v2\/product_tag?post=7396"}],"curies":[{"name":"wp","href":"https:\/\/api.w.org\/{rel}","templated":true}]}}