{"id":4508,"date":"2022-06-27T16:28:22","date_gmt":"2022-06-27T08:28:22","guid":{"rendered":"https:\/\/roctarps.com\/sobre-nos\/"},"modified":"2025-02-14T13:58:47","modified_gmt":"2025-02-14T05:58:47","slug":"sobre-nos","status":"publish","type":"page","link":"https:\/\/roctarps.com\/pt-pt\/sobre-nos\/","title":{"rendered":"Quem somos"},"content":{"rendered":"","protected":false},"excerpt":{"rendered":"","protected":false},"author":1,"featured_media":0,"parent":0,"menu_order":0,"comment_status":"closed","ping_status":"closed","template":"","meta":{"_acf_changed":false,"_seopress_robots_primary_cat":"","_seopress_titles_title":"F\u00e1brica l\u00edder de lona na China - ROCtarp","_seopress_titles_desc":"Constru\u00edda em 2021, a ROC tarp, fabricante de lonas da China, oferece lonas de polietileno e lona de vinil a pre\u00e7o de f\u00e1brica. Manufatura enxuta. Turnarond curto. Entre em contato conosco!   ","_seopress_robots_index":"","footnotes":""},"class_list":["post-4508","page","type-page","status-publish","hentry"],"acf":[],"_links":{"self":[{"href":"https:\/\/roctarps.com\/pt-pt\/wp-json\/wp\/v2\/pages\/4508","targetHints":{"allow":["GET"]}}],"collection":[{"href":"https:\/\/roctarps.com\/pt-pt\/wp-json\/wp\/v2\/pages"}],"about":[{"href":"https:\/\/roctarps.com\/pt-pt\/wp-json\/wp\/v2\/types\/page"}],"author":[{"embeddable":true,"href":"https:\/\/roctarps.com\/pt-pt\/wp-json\/wp\/v2\/users\/1"}],"replies":[{"embeddable":true,"href":"https:\/\/roctarps.com\/pt-pt\/wp-json\/wp\/v2\/comments?post=4508"}],"version-history":[{"count":4,"href":"https:\/\/roctarps.com\/pt-pt\/wp-json\/wp\/v2\/pages\/4508\/revisions"}],"predecessor-version":[{"id":6995,"href":"https:\/\/roctarps.com\/pt-pt\/wp-json\/wp\/v2\/pages\/4508\/revisions\/6995"}],"wp:attachment":[{"href":"https:\/\/roctarps.com\/pt-pt\/wp-json\/wp\/v2\/media?parent=4508"}],"curies":[{"name":"wp","href":"https:\/\/api.w.org\/{rel}","templated":true}]}}