{"id":4518,"date":"2022-06-27T17:07:48","date_gmt":"2022-06-27T09:07:48","guid":{"rendered":"https:\/\/roctarps.com\/contacte-nos\/"},"modified":"2025-02-14T13:58:47","modified_gmt":"2025-02-14T05:58:47","slug":"contacte-nos","status":"publish","type":"page","link":"https:\/\/roctarps.com\/pt-pt\/contacte-nos\/","title":{"rendered":"Contacte-nos"},"content":{"rendered":"\n\n<div class=\"wp-block-kadence-column kadence-column_dd65ed-97 inner-column-1\"><div class=\"kt-inside-inner-col\">\n<h2 class=\"kt-adv-heading_fe0363-61 wp-block-kadence-advancedheading\" data-kb-block=\"kb-adv-heading_fe0363-61\">Entre em contato conosco hoje mesmo<\/h2>\n\n\n<div class='fluentform ff-default fluentform_wrapper_1 ffs_default_wrap'><form data-form_id=\"1\" id=\"fluentform_1\" class=\"frm-fluent-form fluent_form_1 ff-el-form-top ff_form_instance_1_1 ff-form-loading ffs_default\" data-form_instance=\"ff_form_instance_1_1\" method=\"POST\" ><fieldset  style=\"border: none!important;margin: 0!important;padding: 0!important;background-color: transparent!important;box-shadow: none!important;outline: none!important; min-inline-size: 100%;\">\n                    <legend class=\"ff_screen_reader_title\" style=\"display: block; margin: 0!important;padding: 0!important;height: 0!important;text-indent: -999999px;width: 0!important;overflow:hidden;\">Inquiry Contact Form<\/legend><input type='hidden' name='__fluent_form_embded_post_id' value='4518' \/><input type=\"hidden\" id=\"_fluentform_1_fluentformnonce\" name=\"_fluentform_1_fluentformnonce\" value=\"d746f73a29\" \/><input type=\"hidden\" name=\"_wp_http_referer\" value=\"\/pt-pt\/wp-json\/wp\/v2\/pages\/4518\" \/><div data-type=\"name-element\" data-name=\"names\" class=\" ff-field_container ff-name-field-wrapper\" ><div class='ff-t-container'><div class='ff-t-cell '><div class='ff-el-group  ff-el-form-hide_label'><div class=\"ff-el-input--label ff-el-is-required asterisk-right\"><label for='ff_1_names_first_name_' id='label_ff_1_names_first_name_' >Your Name<\/label><\/div><div class='ff-el-input--content'><input type=\"text\" name=\"names[first_name]\" id=\"ff_1_names_first_name_\" class=\"ff-el-form-control\" placeholder=\"Name*\" aria-invalid=\"false\" aria-required=true><\/div><\/div><\/div><\/div><\/div><div class='ff-el-group ff-el-form-hide_label'><div class=\"ff-el-input--label ff-el-is-required asterisk-right\"><label for='ff_1_email' id='label_ff_1_email' aria-label=\"Email\">Email<\/label><\/div><div class='ff-el-input--content'><input type=\"email\" name=\"email\" id=\"ff_1_email\" class=\"ff-el-form-control\" placeholder=\"Email*\" data-name=\"email\"  aria-invalid=\"false\" aria-required=true><\/div><\/div><div class='ff-el-group ff-el-form-hide_label'><div class=\"ff-el-input--label asterisk-right\"><label for='ff_1_input_text' id='label_ff_1_input_text' aria-label=\"Phone\">Phone<\/label><\/div><div class='ff-el-input--content'><input type=\"text\" name=\"input_text\" class=\"ff-el-form-control\" placeholder=\"Country code&amp;phone No. Take USA e.g: +15123456\" data-name=\"input_text\" id=\"ff_1_input_text\"  aria-invalid=\"false\" aria-required=false><\/div><\/div><div class='ff-el-group ff-el-form-hide_label'><div class=\"ff-el-input--label ff-el-is-required asterisk-right\"><label for='ff_1_message' id='label_ff_1_message' aria-label=\"Message\">Message<\/label><\/div><div class='ff-el-input--content'><textarea aria-required=\"true\" aria-labelledby=\"label_ff_1_message\" name=\"message\" id=\"ff_1_message\" class=\"ff-el-form-control\" placeholder=\"REMINDER:  Your inquiry probably will be ignored if we don&#039;t have enough details\uff0cwe are sorry for inconvenience caused and appreciate your understanding. *\" rows=\"6\" cols=\"1\" data-name=\"message\" ><\/textarea><\/div><\/div><div class='ff-el-group    ff-el-input--content'><div class='ff-el-form-check ff-el-tc'><label aria-label='AGREE TO RECEIVE MESSAGE FROM ROCTARPS.COM*' class='ff-el-form-check-label ff_tc_label' for=terms-n-condition_908dd845c63263d131692f8ba86b5822><span class='ff_tc_checkbox'><input type=\"checkbox\" name=\"terms-n-condition\" class=\"ff-el-form-check-input\" data-name=\"terms-n-condition\" id=\"terms-n-condition_908dd845c63263d131692f8ba86b5822\"  value='on' aria-invalid='false' aria-required=true><\/span> <div class='ff_t_c'><h6>AGREE TO RECEIVE MESSAGE FROM ROCTARPS.COM*<\/h6><\/div><\/label><\/div><\/div><div class='ff-el-group ff-text-left ff_submit_btn_wrapper ff_submit_btn_wrapper_custom'><button class=\"ff-btn ff-btn-submit ff-btn-lg ff_btn_style wpf_has_custom_css\" type=\"submit\" name=\"custom_submit_button-1_1\" data-name=\"custom_submit_button-1_1\"  aria-label=\"Submit\">Submit<\/button><style>form.fluent_form_1 .wpf_has_custom_css.ff-btn-submit { background-color:rgba(0, 68, 214, 1);border-color:rgba(0, 68, 214, 1);color:#ffffff;min-width:100%; }form.fluent_form_1 .wpf_has_custom_css.ff-btn-submit:hover { background-color:rgba(215, 119, 40, 1);border-color:rgba(215, 119, 40, 1);color:rgba(230, 230, 230, 1);min-width:100%; } <\/style><\/div><\/fieldset><\/form><div id='fluentform_1_errors' class='ff-errors-in-stack ff_form_instance_1_1 ff-form-loading_errors ff_form_instance_1_1_errors'><\/div><\/div>            <script type=\"text\/javascript\">\n                window.fluent_form_ff_form_instance_1_1 = {\"id\":\"1\",\"settings\":{\"layout\":{\"labelPlacement\":\"top\",\"helpMessagePlacement\":\"with_label\",\"errorMessagePlacement\":\"inline\",\"cssClassName\":\"\",\"asteriskPlacement\":\"asterisk-right\"},\"restrictions\":{\"denyEmptySubmission\":{\"enabled\":false}}},\"form_instance\":\"ff_form_instance_1_1\",\"form_id_selector\":\"fluentform_1\",\"rules\":{\"names[first_name]\":{\"required\":{\"value\":true,\"message\":\"This field is required\",\"global\":false,\"global_message\":\"This field is required\"}},\"names[middle_name]\":{\"required\":{\"value\":false,\"message\":\"This field is required\",\"global\":false,\"global_message\":\"This field is required\"}},\"names[last_name]\":{\"required\":{\"value\":false,\"message\":\"This field is required\",\"global\":false,\"global_message\":\"This field is required\"}},\"email\":{\"required\":{\"value\":true,\"message\":\"This field is required\",\"global\":false,\"global_message\":\"This field is required\"},\"email\":{\"value\":true,\"message\":\"This field must contain a valid email\",\"global\":false,\"global_message\":\"This field must contain a valid email\"}},\"input_text\":{\"required\":{\"value\":false,\"message\":\"This field is required\",\"global\":false,\"global_message\":\"This field is required\"}},\"message\":{\"required\":{\"value\":true,\"message\":\"This field is required\",\"global\":false,\"global_message\":\"This field is required\"}},\"terms-n-condition\":{\"required\":{\"value\":true,\"message\":\"This field is required\",\"global\":false,\"global_message\":\"This field is required\"}}},\"debounce_time\":300};\n                            <\/script>\n            \n<\/div><\/div>\n\n\n\n<div class=\"wp-block-kadence-column kadence-column_ce689e-3b inner-column-2\"><div class=\"kt-inside-inner-col\">\n<div class=\"kt-adv-heading_cb4322-95 wp-block-kadence-advancedheading has-theme-palette-9-color has-text-color\" data-kb-block=\"kb-adv-heading_cb4322-95\">A ROC \u00e9 sempre o seu melhor parceiro cooperativo na China para o seu neg\u00f3cio de lonas. Responderemos \u00e0s suas quest\u00f5es no prazo de 8 horas! <\/div>\n\n\n\n<div class=\"wp-block-kadence-spacer aligncenter kt-block-spacer-_3d0dac-d0\"><div class=\"kt-block-spacer kt-block-spacer-halign-center\"><hr class=\"kt-divider\"><\/div><\/div>\n\n\n\n<div class=\"wp-block-kadence-iconlist kt-svg-icon-list-items kt-svg-icon-list-items_2508a1-ca kt-svg-icon-list-columns-1 alignnone\"><ul class=\"kt-svg-icon-list\">\n<li class=\"wp-block-kadence-listitem kt-svg-icon-list-item-wrap kt-svg-icon-list-item-_021bbe-12 kt-svg-icon-list-style-default\"><span data-name=\"fe_phoneCall\" data-stroke=\"2\" data-class=\"kt-svg-icon-list-single\" class=\"kadence-dynamic-icon\"><\/span><span class=\"kt-svg-icon-list-text\">+86 18561818308<\/span><\/li>\n\n\n\n<li class=\"wp-block-kadence-listitem kt-svg-icon-list-item-wrap kt-svg-icon-list-item-_364bf9-61 kt-svg-icon-list-style-default\"><span data-name=\"fa_whatsapp\" data-class=\"kt-svg-icon-list-single\" class=\"kadence-dynamic-icon\"><\/span><span class=\"kt-svg-icon-list-text\">+86 18561818308<\/span><\/li>\n\n\n\n<li class=\"wp-block-kadence-listitem kt-svg-icon-list-item-wrap kt-svg-icon-list-item-_ded840-e5 kt-svg-icon-list-style-default\"><span data-name=\"fe_mail\" data-stroke=\"2\" data-class=\"kt-svg-icon-list-single\" class=\"kadence-dynamic-icon\"><\/span><span class=\"kt-svg-icon-list-text\"><a rel=\"noreferrer noopener\" href=\"mailto:info@roctarpstarps.com\" target=\"_blank\">info@roctarps.com<\/a><\/span><\/li>\n\n\n\n<li class=\"wp-block-kadence-listitem kt-svg-icon-list-item-wrap kt-svg-icon-list-item-_08c7b4-47 kt-svg-icon-list-style-default\"><span data-name=\"fe_mapPin\" data-stroke=\"2\" data-class=\"kt-svg-icon-list-single\" class=\"kadence-dynamic-icon\"><\/span><span class=\"kt-svg-icon-list-text\">No. 8, Parque Industrial, Cidade de Mazhan, Condado de Yishui, Cidade de Linyi, China<\/span><\/li>\n<\/ul><\/div>\n<\/div><\/div>\n\n","protected":false},"excerpt":{"rendered":"","protected":false},"author":1,"featured_media":0,"parent":0,"menu_order":0,"comment_status":"closed","ping_status":"closed","template":"","meta":{"_acf_changed":false,"_seopress_robots_primary_cat":"","_seopress_titles_title":"Entre em contato conosco para pre\u00e7o de f\u00e1brica de lona - ROCtarp","_seopress_titles_desc":"A ROC \u00e9 sempre o seu melhor parceiro cooperativo na China para o seu neg\u00f3cio de lonas. Responderemos \u00e0s suas quest\u00f5es no prazo de 8 horas! Contacte-nos j\u00e1!  ","_seopress_robots_index":"","footnotes":""},"class_list":["post-4518","page","type-page","status-publish","hentry"],"acf":[],"_links":{"self":[{"href":"https:\/\/roctarps.com\/pt-pt\/wp-json\/wp\/v2\/pages\/4518","targetHints":{"allow":["GET"]}}],"collection":[{"href":"https:\/\/roctarps.com\/pt-pt\/wp-json\/wp\/v2\/pages"}],"about":[{"href":"https:\/\/roctarps.com\/pt-pt\/wp-json\/wp\/v2\/types\/page"}],"author":[{"embeddable":true,"href":"https:\/\/roctarps.com\/pt-pt\/wp-json\/wp\/v2\/users\/1"}],"replies":[{"embeddable":true,"href":"https:\/\/roctarps.com\/pt-pt\/wp-json\/wp\/v2\/comments?post=4518"}],"version-history":[{"count":3,"href":"https:\/\/roctarps.com\/pt-pt\/wp-json\/wp\/v2\/pages\/4518\/revisions"}],"predecessor-version":[{"id":7003,"href":"https:\/\/roctarps.com\/pt-pt\/wp-json\/wp\/v2\/pages\/4518\/revisions\/7003"}],"wp:attachment":[{"href":"https:\/\/roctarps.com\/pt-pt\/wp-json\/wp\/v2\/media?parent=4518"}],"curies":[{"name":"wp","href":"https:\/\/api.w.org\/{rel}","templated":true}]}}