{"id":4528,"date":"2022-06-27T17:05:39","date_gmt":"2022-06-27T09:05:39","guid":{"rendered":"https:\/\/roctarps.com\/faq\/"},"modified":"2025-02-14T13:58:47","modified_gmt":"2025-02-14T05:58:47","slug":"faq","status":"publish","type":"page","link":"https:\/\/roctarps.com\/pt-pt\/faq\/","title":{"rendered":"Perguntas Frequentes"},"content":{"rendered":"\n<div class=\"wp-block-kadence-rowlayout aligncenter\"><div id=\"kt-layout-id_b01002-04\" class=\"kt-row-layout-inner kt-layout-id_b01002-04\"><div class=\"kt-row-column-wrap kt-has-1-columns kt-gutter-default kt-v-gutter-default kt-row-valign-middle kt-row-layout-equal kt-tab-layout-inherit kt-m-colapse-left-to-right kt-mobile-layout-row kb-theme-content-width\">\n<div class=\"wp-block-kadence-column inner-column-1 kadence-column_7b2dfe-35\"><div class=\"kt-inside-inner-col\">\n<div class=\"wp-block-kadence-tabs alignnone\"><div class=\"kt-tabs-wrap kt-tabs-id_dd56cf-7b kt-tabs-has-4-tabs kt-active-tab-1 kt-tabs-layout-tabs kt-tabs-tablet-layout-inherit kt-tabs-mobile-layout-accordion kt-tab-alignment-left kt-create-accordion\" style=\"max-width:none\"><ul class=\"kt-tabs-title-list\"><li id=\"tab-delivery\" class=\"kt-title-item kt-title-item-1 kt-tabs-svg-show-always kt-tabs-icon-side-right kt-tab-title-active\"><a href=\"#tab-delivery\" data-tab=\"1\" class=\"kt-tab-title kt-tab-title-1 \"><span class=\"kt-title-text\">Delivery<\/span><\/a><\/li><li id=\"tab-packaging\" class=\"kt-title-item kt-title-item-2 kt-tabs-svg-show-always kt-tabs-icon-side-right kt-tab-title-inactive\"><a href=\"#tab-packaging\" data-tab=\"2\" class=\"kt-tab-title kt-tab-title-2 \"><span class=\"kt-title-text\">Packaging<\/span><\/a><\/li><li id=\"tab-payment\" class=\"kt-title-item kt-title-item-3 kt-tabs-svg-show-always kt-tabs-icon-side-right kt-tab-title-inactive\"><a href=\"#tab-payment\" data-tab=\"3\" class=\"kt-tab-title kt-tab-title-3 \"><span class=\"kt-title-text\">Payment<\/span><\/a><\/li><li id=\"tab-knowledge\" class=\"kt-title-item kt-title-item-4 kt-tabs-svg-show-always kt-tabs-icon-side-right kt-tab-title-inactive\"><a href=\"#tab-knowledge\" data-tab=\"4\" class=\"kt-tab-title kt-tab-title-4 \"><span class=\"kt-title-text\">Knowledge<\/span><\/a><\/li><\/ul><div class=\"kt-tabs-content-wrap\">\n<div class=\"wp-block-kadence-tab kt-tab-inner-content kt-inner-tab-1 kt-inner-tab_745b7f-24\"><div class=\"kt-tab-inner-content-inner\">\n<div class=\"wp-block-kadence-accordion alignnone\"><div class=\"kt-accordion-wrap kt-accordion-wrap kt-accordion-id_9de074-88 kt-accordion-has-2-panes kt-active-pane-0 kt-accordion-block kt-pane-header-alignment-left kt-accodion-icon-style-arrow kt-accodion-icon-side-right\" style=\"max-width:none\"><div class=\"kt-accordion-inner-wrap\" data-allow-multiple-open=\"false\" data-start-open=\"none\">\n<div class=\"wp-block-kadence-pane kt-accordion-pane kt-accordion-pane-1 kt-pane_971b0d-65\"><div class=\"kt-accordion-header-wrap\"><button class=\"kt-blocks-accordion-header kt-acccordion-button-label-show\"><span class=\"kt-blocks-accordion-title-wrap\"><span class=\"kt-blocks-accordion-title\">How do you arrange the tarpaulin rolls and sheets delivery?<\/span><\/span><span class=\"kt-blocks-accordion-icon-trigger\"><\/span><\/button><\/div><div class=\"kt-accordion-panel\"><div class=\"kt-accordion-panel-inner\">\n<p>Geralmente enviamos as lonas para todo o mundo por mar. Os produtos estar\u00e3o em um cont\u00eainer ao chegar ao porto. Voc\u00ea ser\u00e1 respons\u00e1vel por pegar sua remessa e desembara\u00e7o aduaneiro do seu lado.  <\/p>\n\n\n\n<p>Mas, em alguns casos, podemos entregar os bens de outras formas:<\/p>\n\n\n\n<p>Carga A\u00e9rea: Para encomendas urgentes e pequenas, podemos enviar a mercadoria para a sua m\u00e3o por via a\u00e9rea, \u00e9 r\u00e1pido e o custo tamb\u00e9m \u00e9 caro.<\/p>\n\n\n\n<p>Entregue os produtos ao seu transit\u00e1rio na China: Se voc\u00ea tiver algum transit\u00e1rio (ou parceiro) na China (Guangzhou, Yiwu, Shenzhen), podemos entregar os produtos em seu lugar, e eles podem cuidar da entrega para voc\u00ea depois de receber os produtos.<\/p>\n<\/div><\/div><\/div>\n<\/div><\/div><\/div>\n<\/div><\/div>\n\n\n\n<div class=\"wp-block-kadence-tab kt-tab-inner-content kt-inner-tab-2 kt-inner-tab_fe9971-0e\"><div class=\"kt-tab-inner-content-inner\">\n<div class=\"wp-block-kadence-accordion alignnone\"><div class=\"kt-accordion-wrap kt-accordion-wrap kt-accordion-id_1776ec-f9 kt-accordion-has-2-panes kt-active-pane-0 kt-accordion-block kt-pane-header-alignment-left kt-accodion-icon-style-arrow kt-accodion-icon-side-right\" style=\"max-width:none\"><div class=\"kt-accordion-inner-wrap\" data-allow-multiple-open=\"false\" data-start-open=\"none\">\n<div class=\"wp-block-kadence-pane kt-accordion-pane kt-accordion-pane-1 kt-pane_36aadb-04\"><div class=\"kt-accordion-header-wrap\"><button class=\"kt-blocks-accordion-header kt-acccordion-button-label-show\"><span class=\"kt-blocks-accordion-title-wrap\"><span class=\"kt-blocks-accordion-title\">What\u2019s the packaging of the tarpaulin rolls and sheets?<\/span><\/span><span class=\"kt-blocks-accordion-icon-trigger\"><\/span><\/button><\/div><div class=\"kt-accordion-panel\"><div class=\"kt-accordion-panel-inner\">\n<p>Normalmente fornecemos saco, fardo ou caixa ou embalagem para as folhas de lona e embalamos os rolos em tubos de n\u00facleo de papel e embrulhados no mesmo tecido de lona.<\/p>\n\n\n\n<p>Entendemos o poder do marketing de marca. Podemos fornecer uma solu\u00e7\u00e3o de embalagem exclusiva para o seu pedido, como etiquetas de marca personalizadas nos rolos e designs personalizados para suas embalagens. Se voc\u00ea quer uma solu\u00e7\u00e3o visual diferente para o seu neg\u00f3cio, fale conosco agora mesmo, temos uma equipe de design interna para ajud\u00e1-lo.  <\/p>\n\n\n\n<p>Para as imagens da embalagem, consulte esta p\u00e1gina.<\/p>\n<\/div><\/div><\/div>\n<\/div><\/div><\/div>\n<\/div><\/div>\n\n\n\n<div class=\"wp-block-kadence-tab kt-tab-inner-content kt-inner-tab-3 kt-inner-tab_0018bc-e2\"><div class=\"kt-tab-inner-content-inner\">\n<div class=\"wp-block-kadence-accordion alignnone\"><div class=\"kt-accordion-wrap kt-accordion-wrap kt-accordion-id_354ab9-6d kt-accordion-has-2-panes kt-active-pane-0 kt-accordion-block kt-pane-header-alignment-left kt-accodion-icon-style-arrow kt-accodion-icon-side-right\" style=\"max-width:none\"><div class=\"kt-accordion-inner-wrap\" data-allow-multiple-open=\"false\" data-start-open=\"none\">\n<div class=\"wp-block-kadence-pane kt-accordion-pane kt-accordion-pane-1 kt-pane_9c2d13-c0\"><div class=\"kt-accordion-header-wrap\"><button class=\"kt-blocks-accordion-header kt-acccordion-button-label-show\"><span class=\"kt-blocks-accordion-title-wrap\"><span class=\"kt-blocks-accordion-title\">What\u2019s the payment term of your company?<\/span><\/span><span class=\"kt-blocks-accordion-icon-trigger\"><\/span><\/button><\/div><div class=\"kt-accordion-panel\"><div class=\"kt-accordion-panel-inner\">\n<p>50% T\/T antecipadamente e 50% T\/T contra c\u00f3pia B\/L. (Para pequenas encomendas, preferimos 100% T\/T antecipadamente). <\/p>\n\n\n\n<p>Forma de Pagamento:<\/p>\n\n\n\n<p>T \/ T, ou pagar-nos RMB diretamente.<\/p>\n\n\n\n<p>T\/T: T\/T significa transfer\u00eancia de telex. \u00c9 o m\u00e9todo de pagamento mais tradicional.<br\/>Se voc\u00ea tem algum amigo na China, voc\u00ea pode deixar seu amigo nos pagar RMB. <\/p>\n<\/div><\/div><\/div>\n<\/div><\/div><\/div>\n<\/div><\/div>\n\n\n\n<div class=\"wp-block-kadence-tab kt-tab-inner-content kt-inner-tab-4 kt-inner-tab_c570c8-0c\"><div class=\"kt-tab-inner-content-inner\">\n<div class=\"wp-block-kadence-accordion alignnone\"><div class=\"kt-accordion-wrap kt-accordion-wrap kt-accordion-id_37feed-45 kt-accordion-has-18-panes kt-active-pane-0 kt-accordion-block kt-pane-header-alignment-left kt-accodion-icon-style-arrow kt-accodion-icon-side-right\" style=\"max-width:none\"><div class=\"kt-accordion-inner-wrap\" data-allow-multiple-open=\"false\" data-start-open=\"none\">\n<div class=\"wp-block-kadence-pane kt-accordion-pane kt-accordion-pane-1 kt-pane_914e45-ed\"><div class=\"kt-accordion-header-wrap\"><button class=\"kt-blocks-accordion-header kt-acccordion-button-label-show\"><span class=\"kt-blocks-accordion-title-wrap\"><span class=\"kt-blocks-accordion-title\">What\u2019s Your PE tarpaulins specification?<\/span><\/span><span class=\"kt-blocks-accordion-icon-trigger\"><\/span><\/button><\/div><div class=\"kt-accordion-panel\"><div class=\"kt-accordion-panel-inner\">\n<p>As lonas PE v\u00eam em uma gama de especifica\u00e7\u00f5es para atender a diferentes necessidades, como tecido de tecelagem, espessura mil, filme de revestimento, densidade, e GSM, etc. Mas o par\u00e2metro mais importante \u00e9 GSM (grama \/ metro quadrado, ou oz \/ p\u00e1tio quadrado), nossa faixa principalmente GSM s\u00e3o de 40gsm a 450gsm. <\/p>\n\n\n\n<p>Voc\u00ea pode ler este artigo para saber mais sobre a especifica\u00e7\u00e3o de lonas PE.<\/p>\n<\/div><\/div><\/div>\n\n\n\n<div class=\"wp-block-kadence-pane kt-accordion-pane kt-accordion-pane-3 kt-pane_c3a866-97\"><div class=\"kt-accordion-header-wrap\"><button class=\"kt-blocks-accordion-header kt-acccordion-button-label-show\"><span class=\"kt-blocks-accordion-title-wrap\"><span class=\"kt-blocks-accordion-title\">How to Describe tarpaulins when you want to inquire?<\/span><\/span><span class=\"kt-blocks-accordion-icon-trigger\"><\/span><\/button><\/div><div class=\"kt-accordion-panel\"><div class=\"kt-accordion-panel-inner\">\n<p>Voc\u00ea precisa de tr\u00eas par\u00e2metros para descrever uma lona: Largura, Comprimento e GSM.<\/p>\n\n\n\n<p>Por exemplo, uma folha de lona como &#8220;Largura x Comprimento x GSM&#8221;. Por exemplo, 6m x 6m x 220gsm folha de lona significa que a largura da folha de lona \u00e9 de 6m, o comprimento \u00e9 de 6m e o peso \u00e9 de 220gsm. <\/p>\n<\/div><\/div><\/div>\n\n\n\n<div class=\"wp-block-kadence-pane kt-accordion-pane kt-accordion-pane-4 kt-pane_3578c9-62\"><div class=\"kt-accordion-header-wrap\"><button class=\"kt-blocks-accordion-header kt-acccordion-button-label-show\"><span class=\"kt-blocks-accordion-title-wrap\"><span class=\"kt-blocks-accordion-title\">What if my tarpaulin sheet is not listed on your website?<\/span><\/span><span class=\"kt-blocks-accordion-icon-trigger\"><\/span><\/button><\/div><div class=\"kt-accordion-panel\"><div class=\"kt-accordion-panel-inner\">\n<p>Existem centenas de tamanhos de lonas, GSM, e cores dispon\u00edveis, acabamos de listar alguns populares no site. Se voc\u00ea n\u00e3o encontrar o que precisa, envie um e-mail para: info@roctarps.com, teremos prazer em ajud\u00e1-lo. <\/p>\n<\/div><\/div><\/div>\n\n\n\n<div class=\"wp-block-kadence-pane kt-accordion-pane kt-accordion-pane-5 kt-pane_981379-01\"><div class=\"kt-accordion-header-wrap\"><button class=\"kt-blocks-accordion-header kt-acccordion-button-label-show\"><span class=\"kt-blocks-accordion-title-wrap\"><span class=\"kt-blocks-accordion-title\">Are Poly Tarps Waterproof?<\/span><\/span><span class=\"kt-blocks-accordion-icon-trigger\"><\/span><\/button><\/div><div class=\"kt-accordion-panel\"><div class=\"kt-accordion-panel-inner\">\n<p>As lonas poli s\u00e3o imperme\u00e1veis? Essa \u00e9 uma pergunta muito popular, a maioria das lonas de polietileno s\u00e3o imperme\u00e1veis porque as camadas de filme laminado de polietileno s\u00e3o naturalmente imperme\u00e1veis. <\/p>\n<\/div><\/div><\/div>\n\n\n\n<div class=\"wp-block-kadence-pane kt-accordion-pane kt-accordion-pane-6 kt-pane_51e1df-b9\"><div class=\"kt-accordion-header-wrap\"><button class=\"kt-blocks-accordion-header kt-acccordion-button-label-show\"><span class=\"kt-blocks-accordion-title-wrap\"><span class=\"kt-blocks-accordion-title\">Are \u201cWater resistant\u201d and \u201cWaterproof\u201d the same meaning?<\/span><\/span><span class=\"kt-blocks-accordion-icon-trigger\"><\/span><\/button><\/div><div class=\"kt-accordion-panel\"><div class=\"kt-accordion-panel-inner\">\n<p>As lonas &#8220;resistentes \u00e0 \u00e1gua&#8221; evitam salpicos e sprays de \u00e1gua, mas n\u00e3o se saem bem contra po\u00e7as ou piscinas.<br\/>&#8220;Repelente de \u00e1gua&#8221; n\u00e3o \u00e9 usado com frequ\u00eancia no mundo da lona, embora voc\u00ea ainda se depare com ele de vez em quando. Isso geralmente significa que a lona \u00e9 melhor em resistir \u00e0 \u00e1gua e leva mais tempo (ou volumes maiores) para a \u00e1gua entrar. Mas ainda pode passar.  <\/p>\n\n\n\n<p>&#8220;Imperme\u00e1vel&#8221; descreve uma lona que mant\u00e9m totalmente a \u00e1gua fora, mesmo que essa \u00e1gua se acumule.<\/p>\n<\/div><\/div><\/div>\n\n\n\n<div class=\"wp-block-kadence-pane kt-accordion-pane kt-accordion-pane-7 kt-pane_47acbd-89\"><div class=\"kt-accordion-header-wrap\"><button class=\"kt-blocks-accordion-header kt-acccordion-button-label-show\"><span class=\"kt-blocks-accordion-title-wrap\"><span class=\"kt-blocks-accordion-title\">How useful are poly tarps in industries and commercials?<\/span><\/span><span class=\"kt-blocks-accordion-icon-trigger\"><\/span><\/button><\/div><div class=\"kt-accordion-panel\"><div class=\"kt-accordion-panel-inner\">\n<p>Existem realmente demasiadas aplica\u00e7\u00f5es para poli-lonas em ind\u00fastrias e comerciais. S\u00e3o, em particular, extremamente \u00fateis para todos os tipos de projetos a curto e longo prazo. <\/p>\n\n\n\n<p>Aqui est\u00e3o algumas aplica\u00e7\u00f5es:<\/p>\n\n\n\n<p>Voc\u00ea pode usar lonas de PE para proteger seus suprimentos dos elementos enquanto trabalha em um edif\u00edcio ou projeto de constru\u00e7\u00e3o em torno de seus locais.<\/p>\n\n\n\n<p>Proteger os m\u00f3veis de relvado das intemp\u00e9ries<\/p>\n<\/div><\/div><\/div>\n\n\n\n<div class=\"wp-block-kadence-pane kt-accordion-pane kt-accordion-pane-8 kt-pane_c6f119-d7\"><div class=\"kt-accordion-header-wrap\"><button class=\"kt-blocks-accordion-header kt-acccordion-button-label-show\"><span class=\"kt-blocks-accordion-title-wrap\"><span class=\"kt-blocks-accordion-title\">What&#8217;s the difference between PE and PVC tarpaulin?<\/span><\/span><span class=\"kt-blocks-accordion-icon-trigger\"><\/span><\/button><\/div><div class=\"kt-accordion-panel\"><div class=\"kt-accordion-panel-inner\">\n<p>A lona de PE \u00e9 feita de material pl\u00e1stico de polietileno e \u00e9 leve, limpa e livre de polui\u00e7\u00e3o.<\/p>\n\n\n\n<p>A lona de PVC \u00e9 um pano de base de filamento de poli\u00e9ster e revestimento de dupla face com resina de pasta de vinil.<\/p>\n\n\n\n<p>Em compara\u00e7\u00e3o com as lonas de PVC, as lonas poli est\u00e3o dispon\u00edveis em diferentes pesos. Uma lona de poli \u00e9 relativamente melhor do que uma lona de PVC quando se trata de capacidade de impermeabiliza\u00e7\u00e3o. As lonas de PVC s\u00e3o comumente utilizadas para cobrir tendas, ve\u00edculos e caminh\u00f5es e como forros de cama em caminh\u00f5es. Devido \u00e0 sua robustez e resist\u00eancia, as lonas de PVC s\u00e3o usadas para trabalhos agr\u00edcolas e industriais pesados. Por outro lado, as lonas poli s\u00e3o adequadas para usos di\u00e1rios e tempor\u00e1rios.    <\/p>\n\n\n\n<p>Se procura uma lona econ\u00f3mica para utiliza\u00e7\u00f5es di\u00e1rias e tempor\u00e1rias, pode ter a certeza de que a lona PE \u00e9 a melhor op\u00e7\u00e3o. Em compara\u00e7\u00e3o com outros tipos de lonas, incluindo o PVC, as lonas poli s\u00e3o mais baratas. Essa \u00e9 uma das principais raz\u00f5es para que eles tenham aplica\u00e7\u00f5es universais.  <\/p>\n<\/div><\/div><\/div>\n\n\n\n<div class=\"wp-block-kadence-pane kt-accordion-pane kt-accordion-pane-17 kt-pane_5099ef-9b\"><div class=\"kt-accordion-header-wrap\"><button class=\"kt-blocks-accordion-header kt-acccordion-button-label-show\"><span class=\"kt-blocks-accordion-title-wrap\"><span class=\"kt-blocks-accordion-title\">What\u2019s Your PE tarpaulins specification?<\/span><\/span><span class=\"kt-blocks-accordion-icon-trigger\"><\/span><\/button><\/div><div class=\"kt-accordion-panel\"><div class=\"kt-accordion-panel-inner\">\n<p>As lonas PE v\u00eam em uma gama de especifica\u00e7\u00f5es para atender a diferentes necessidades, como tecido de tecelagem, espessura mil, filme de revestimento, densidade, e GSM, etc. Mas o par\u00e2metro mais importante \u00e9 GSM (grama \/ metro quadrado, ou oz \/ p\u00e1tio quadrado), nossa faixa principalmente GSM s\u00e3o de 40gsm a 450gsm. <\/p>\n\n\n\n<p>Voc\u00ea pode ler este artigo para saber mais sobre a especifica\u00e7\u00e3o de lonas PE.<\/p>\n<\/div><\/div><\/div>\n\n\n\n<div class=\"wp-block-kadence-pane kt-accordion-pane kt-accordion-pane-16 kt-pane_dea116-9e\"><div class=\"kt-accordion-header-wrap\"><button class=\"kt-blocks-accordion-header kt-acccordion-button-label-show\"><span class=\"kt-blocks-accordion-title-wrap\"><span class=\"kt-blocks-accordion-title\">Poly tarps vs vinyl tarps<\/span><\/span><span class=\"kt-blocks-accordion-icon-trigger\"><\/span><\/button><\/div><div class=\"kt-accordion-panel\"><div class=\"kt-accordion-panel-inner\">\n<p>A lona de PE \u00e9 feita de material pl\u00e1stico de polietileno e \u00e9 leve, limpa e livre de polui\u00e7\u00e3o.<\/p>\n\n\n\n<p>A lona de PVC \u00e9 um pano de base de filamento de poli\u00e9ster e revestimento de dupla face com resina de pasta de vinil.<\/p>\n<\/div><\/div><\/div>\n\n\n\n<div class=\"wp-block-kadence-pane kt-accordion-pane kt-accordion-pane-9 kt-pane_d7666b-5f\"><div class=\"kt-accordion-header-wrap\"><button class=\"kt-blocks-accordion-header kt-acccordion-button-label-show\"><span class=\"kt-blocks-accordion-title-wrap\"><span class=\"kt-blocks-accordion-title\">What is HDPE tarpaulin?<\/span><\/span><span class=\"kt-blocks-accordion-icon-trigger\"><\/span><\/button><\/div><div class=\"kt-accordion-panel\"><div class=\"kt-accordion-panel-inner\">\n<p>As lonas PEAD s\u00e3o lonas de polietileno de alta densidade, que s\u00e3o feitas de tecido PEAD tecido de qualidade premium laminado com PEBD em ambos os lados. Existem v\u00e1rias qualidades e espessuras dispon\u00edveis que s\u00e3o feitas usando v\u00e1rias camadas de PEAD ensanduichadas entre camadas de PEBD no exterior. Estes tipos de lonas s\u00e3o muito robustas e s\u00e3o mais adequados para aplica\u00e7\u00f5es onde h\u00e1 um grande desgaste.  <\/p>\n<\/div><\/div><\/div>\n\n\n\n<div class=\"wp-block-kadence-pane kt-accordion-pane kt-accordion-pane-10 kt-pane_cbc43a-14\"><div class=\"kt-accordion-header-wrap\"><button class=\"kt-blocks-accordion-header kt-acccordion-button-label-show\"><span class=\"kt-blocks-accordion-title-wrap\"><span class=\"kt-blocks-accordion-title\">How to manufacture PE tarpaulin?<\/span><\/span><span class=\"kt-blocks-accordion-icon-trigger\"><\/span><\/button><\/div><div class=\"kt-accordion-panel\"><div class=\"kt-accordion-panel-inner\">\n<p>A lona de PE \u00e9 feita de material pl\u00e1stico de polietileno e \u00e9 leve, limpa e livre de polui\u00e7\u00e3o.<\/p>\n\n\n\n<p>A lona de PVC \u00e9 um pano de base de filamento de poli\u00e9ster e revestimento de dupla face com resina de pasta de vinil.<\/p>\n<\/div><\/div><\/div>\n\n\n\n<div class=\"wp-block-kadence-pane kt-accordion-pane kt-accordion-pane-11 kt-pane_f47594-44\"><div class=\"kt-accordion-header-wrap\"><button class=\"kt-blocks-accordion-header kt-acccordion-button-label-show\"><span class=\"kt-blocks-accordion-title-wrap\"><span class=\"kt-blocks-accordion-title\">Are polyethylene tarpaulins waterproof?<\/span><\/span><span class=\"kt-blocks-accordion-icon-trigger\"><\/span><\/button><\/div><div class=\"kt-accordion-panel\"><div class=\"kt-accordion-panel-inner\">\n<p>A maioria das lonas de polietileno s\u00e3o imperme\u00e1veis porque as camadas de filme laminado de polietileno s\u00e3o naturalmente imperme\u00e1veis.<\/p>\n<\/div><\/div><\/div>\n\n\n\n<div class=\"wp-block-kadence-pane kt-accordion-pane kt-accordion-pane-12 kt-pane_c41763-84\"><div class=\"kt-accordion-header-wrap\"><button class=\"kt-blocks-accordion-header kt-acccordion-button-label-show\"><span class=\"kt-blocks-accordion-title-wrap\"><span class=\"kt-blocks-accordion-title\">How to join two poly tarps<\/span><\/span><span class=\"kt-blocks-accordion-icon-trigger\"><\/span><\/button><\/div><div class=\"kt-accordion-panel\"><div class=\"kt-accordion-panel-inner\">\n<p>As lonas de polietileno s\u00e3o tipicamente feitas de v\u00e1rias camadas com um tecido de malha ensanduichado entre duas ou mais folhas de polietileno. O polietileno \u00e9 o mesmo material usado em cabos, tubos e recipientes moldados. Existem muitas f\u00e1bricas que fabricam suas lonas com pl\u00e1sticos reciclados para seus clientes. No entanto, nossos produtos de lona PE s\u00e3o feitos de materiais virgens de polietileno n\u00e3o material pl\u00e1stico reciclado.   <\/p>\n<\/div><\/div><\/div>\n\n\n\n<div class=\"wp-block-kadence-pane kt-accordion-pane kt-accordion-pane-13 kt-pane_2f515c-98\"><div class=\"kt-accordion-header-wrap\"><button class=\"kt-blocks-accordion-header kt-acccordion-button-label-show\"><span class=\"kt-blocks-accordion-title-wrap\"><span class=\"kt-blocks-accordion-title\">Are poly tarps breathable?<\/span><\/span><span class=\"kt-blocks-accordion-icon-trigger\"><\/span><\/button><\/div><div class=\"kt-accordion-panel\"><div class=\"kt-accordion-panel-inner\">\n<p>As lonas de polietileno s\u00e3o feitas de polietileno, que \u00e9 mais dur\u00e1vel, mais forte e tem uma capacidade mais imperme\u00e1vel em compara\u00e7\u00e3o com outros tipos de material, como lona.<\/p>\n\n\n\n<p>As lonas PE s\u00e3o mais leves e permitem sombra do sol enquanto ainda s\u00e3o respir\u00e1veis, devido a pequenos orif\u00edcios constru\u00eddos entre os tecidos. Permite a passagem da humidade, do ar e da luz solar. As lonas de polietileno t\u00eam mais resist\u00eancia aos raios UV do que outras lonas tradicionais que s\u00e3o feitas de poli\u00e9ster, lona, nylon e polipropileno.  <\/p>\n<\/div><\/div><\/div>\n\n\n\n<div class=\"wp-block-kadence-pane kt-accordion-pane kt-accordion-pane-14 kt-pane_e63aa2-17\"><div class=\"kt-accordion-header-wrap\"><button class=\"kt-blocks-accordion-header kt-acccordion-button-label-show\"><span class=\"kt-blocks-accordion-title-wrap\"><span class=\"kt-blocks-accordion-title\">Are poly tarps UV-resistant?<\/span><\/span><span class=\"kt-blocks-accordion-icon-trigger\"><\/span><\/button><\/div><div class=\"kt-accordion-panel\"><div class=\"kt-accordion-panel-inner\">\n<p>As lonas poli podem bloquear at\u00e9 90% dos raios UV se tiverem tratamento qu\u00edmico tratado com UV durante a fabrica\u00e7\u00e3o, isso ajudar\u00e1 a proteger contra a degrada\u00e7\u00e3o da polilona dos raios UV, mas o custo aumentar\u00e1.<\/p>\n<\/div><\/div><\/div>\n\n\n\n<div class=\"wp-block-kadence-pane kt-accordion-pane kt-accordion-pane-15 kt-pane_2dd43a-7a\"><div class=\"kt-accordion-header-wrap\"><button class=\"kt-blocks-accordion-header kt-acccordion-button-label-show\"><span class=\"kt-blocks-accordion-title-wrap\"><span class=\"kt-blocks-accordion-title\">What&#8217;s the PE tarpaulin price?<\/span><\/span><span class=\"kt-blocks-accordion-icon-trigger\"><\/span><\/button><\/div><div class=\"kt-accordion-panel\"><div class=\"kt-accordion-panel-inner\">\n<p>Existem muitos tipos diferentes de lonas de poli em nossas linhas de lona PE,<br\/>antes de lhe oferecermos nossa lista de pre\u00e7os, por favor, deixe-me saber seus tamanhos de lonas, GSM, cores, espessura e quantidades, bem como sua aplica\u00e7\u00e3o de lonas.<\/p>\n\n\n\n<p>Ent\u00e3o, entre em contato conosco e obtenha nossa nova lista de pre\u00e7os agora!<\/p>\n<\/div><\/div><\/div>\n\n\n\n<div class=\"wp-block-kadence-pane kt-accordion-pane kt-accordion-pane-18 kt-pane_04a4ae-82\"><div class=\"kt-accordion-header-wrap\"><button class=\"kt-blocks-accordion-header kt-acccordion-button-label-show\"><span class=\"kt-blocks-accordion-title-wrap\"><span class=\"kt-blocks-accordion-title\">How long do poly tarps last<\/span><\/span><span class=\"kt-blocks-accordion-icon-trigger\"><\/span><\/button><\/div><div class=\"kt-accordion-panel\"><div class=\"kt-accordion-panel-inner\">\n<p>As lonas de polietileno s\u00e3o tipicamente feitas de v\u00e1rias camadas com um tecido de malha ensanduichado entre duas ou mais folhas de polietileno. O polietileno \u00e9 o mesmo material usado em cabos, tubos e recipientes moldados. Existem muitas f\u00e1bricas que fabricam suas lonas com pl\u00e1sticos reciclados para seus clientes. No entanto, nossos produtos de lona PE s\u00e3o feitos de materiais virgens de polietileno n\u00e3o material pl\u00e1stico reciclado.   <\/p>\n<\/div><\/div><\/div>\n<\/div><\/div><\/div>\n<\/div><\/div>\n<\/div><\/div><\/div>\n<\/div><\/div>\n<\/div><\/div><\/div>\n","protected":false},"excerpt":{"rendered":"","protected":false},"author":1,"featured_media":0,"parent":0,"menu_order":0,"comment_status":"closed","ping_status":"closed","template":"","meta":{"_acf_changed":false,"_seopress_robots_primary_cat":"","_seopress_titles_title":"Perguntas frequentes sobre Lonas Empresariais - ROCtarp","_seopress_titles_desc":"A lona ROC est\u00e1 na fabrica\u00e7\u00e3o de rolos e chapas de lona desde 2021. Aqui est\u00e3o as preocupa\u00e7\u00f5es mais cr\u00edticas dos nossos clientes antes de fechar o neg\u00f3cio. ","_seopress_robots_index":"","footnotes":""},"class_list":["post-4528","page","type-page","status-publish","hentry"],"acf":[],"_links":{"self":[{"href":"https:\/\/roctarps.com\/pt-pt\/wp-json\/wp\/v2\/pages\/4528","targetHints":{"allow":["GET"]}}],"collection":[{"href":"https:\/\/roctarps.com\/pt-pt\/wp-json\/wp\/v2\/pages"}],"about":[{"href":"https:\/\/roctarps.com\/pt-pt\/wp-json\/wp\/v2\/types\/page"}],"author":[{"embeddable":true,"href":"https:\/\/roctarps.com\/pt-pt\/wp-json\/wp\/v2\/users\/1"}],"replies":[{"embeddable":true,"href":"https:\/\/roctarps.com\/pt-pt\/wp-json\/wp\/v2\/comments?post=4528"}],"version-history":[{"count":4,"href":"https:\/\/roctarps.com\/pt-pt\/wp-json\/wp\/v2\/pages\/4528\/revisions"}],"predecessor-version":[{"id":6993,"href":"https:\/\/roctarps.com\/pt-pt\/wp-json\/wp\/v2\/pages\/4528\/revisions\/6993"}],"wp:attachment":[{"href":"https:\/\/roctarps.com\/pt-pt\/wp-json\/wp\/v2\/media?parent=4528"}],"curies":[{"name":"wp","href":"https:\/\/api.w.org\/{rel}","templated":true}]}}