{"id":4537,"date":"2022-06-27T16:27:47","date_gmt":"2022-06-27T08:27:47","guid":{"rendered":"https:\/\/roctarps.com\/inicio\/"},"modified":"2025-02-14T13:59:03","modified_gmt":"2025-02-14T05:59:03","slug":"inicio","status":"publish","type":"page","link":"https:\/\/roctarps.com\/pt-pt\/","title":{"rendered":"Casa"},"content":{"rendered":"","protected":false},"excerpt":{"rendered":"","protected":false},"author":1,"featured_media":0,"parent":0,"menu_order":0,"comment_status":"closed","ping_status":"closed","template":"","meta":{"_acf_changed":false,"_seopress_robots_primary_cat":"","_seopress_titles_title":"Fabricante l\u00edder de lona -&Fornecedor na China - ROCtarp","_seopress_titles_desc":"ROC lop \u00e9 um fabricante e fornecedor l\u00edder de lona na China. Nossa f\u00e1brica oferece v\u00e1rios tipos de lonas. MOQ baixo. Servi\u00e7o personalizado. Amostras gr\u00e1tis. Cite-nos     ","_seopress_robots_index":"","footnotes":""},"class_list":["post-4537","page","type-page","status-publish","hentry"],"acf":[],"_links":{"self":[{"href":"https:\/\/roctarps.com\/pt-pt\/wp-json\/wp\/v2\/pages\/4537","targetHints":{"allow":["GET"]}}],"collection":[{"href":"https:\/\/roctarps.com\/pt-pt\/wp-json\/wp\/v2\/pages"}],"about":[{"href":"https:\/\/roctarps.com\/pt-pt\/wp-json\/wp\/v2\/types\/page"}],"author":[{"embeddable":true,"href":"https:\/\/roctarps.com\/pt-pt\/wp-json\/wp\/v2\/users\/1"}],"replies":[{"embeddable":true,"href":"https:\/\/roctarps.com\/pt-pt\/wp-json\/wp\/v2\/comments?post=4537"}],"version-history":[{"count":4,"href":"https:\/\/roctarps.com\/pt-pt\/wp-json\/wp\/v2\/pages\/4537\/revisions"}],"predecessor-version":[{"id":7011,"href":"https:\/\/roctarps.com\/pt-pt\/wp-json\/wp\/v2\/pages\/4537\/revisions\/7011"}],"wp:attachment":[{"href":"https:\/\/roctarps.com\/pt-pt\/wp-json\/wp\/v2\/media?parent=4537"}],"curies":[{"name":"wp","href":"https:\/\/api.w.org\/{rel}","templated":true}]}}