{"id":4556,"date":"2022-07-05T17:35:48","date_gmt":"2022-07-05T09:35:48","guid":{"rendered":"https:\/\/roctarps.com\/tecidos-de-materiais-de-lona\/"},"modified":"2025-02-14T13:58:50","modified_gmt":"2025-02-14T05:58:50","slug":"tecidos-de-materiais-de-lona","status":"publish","type":"page","link":"https:\/\/roctarps.com\/pt-pt\/tecidos-de-materiais-de-lona\/","title":{"rendered":"Tecidos de Materiais para Lonas"},"content":{"rendered":"","protected":false},"excerpt":{"rendered":"","protected":false},"author":1,"featured_media":0,"parent":0,"menu_order":0,"comment_status":"closed","ping_status":"closed","template":"","meta":{"_acf_changed":false,"_seopress_robots_primary_cat":"","_seopress_titles_title":"Fornecedor de tecido de material de lona - ROCtarp","_seopress_titles_desc":"Como fabricante de lona pl\u00e1stica, fornecemos lonas de polietileno e materiais polivin\u00edlicos com diferentes op\u00e7\u00f5es de tecido tecido. Baixo MOQ a pre\u00e7o de f\u00e1brica. Amostra gr\u00e1tis. Informe-se agora!   ","_seopress_robots_index":"","footnotes":""},"class_list":["post-4556","page","type-page","status-publish","hentry"],"acf":[],"_links":{"self":[{"href":"https:\/\/roctarps.com\/pt-pt\/wp-json\/wp\/v2\/pages\/4556","targetHints":{"allow":["GET"]}}],"collection":[{"href":"https:\/\/roctarps.com\/pt-pt\/wp-json\/wp\/v2\/pages"}],"about":[{"href":"https:\/\/roctarps.com\/pt-pt\/wp-json\/wp\/v2\/types\/page"}],"author":[{"embeddable":true,"href":"https:\/\/roctarps.com\/pt-pt\/wp-json\/wp\/v2\/users\/1"}],"replies":[{"embeddable":true,"href":"https:\/\/roctarps.com\/pt-pt\/wp-json\/wp\/v2\/comments?post=4556"}],"version-history":[{"count":3,"href":"https:\/\/roctarps.com\/pt-pt\/wp-json\/wp\/v2\/pages\/4556\/revisions"}],"predecessor-version":[{"id":7008,"href":"https:\/\/roctarps.com\/pt-pt\/wp-json\/wp\/v2\/pages\/4556\/revisions\/7008"}],"wp:attachment":[{"href":"https:\/\/roctarps.com\/pt-pt\/wp-json\/wp\/v2\/media?parent=4556"}],"curies":[{"name":"wp","href":"https:\/\/api.w.org\/{rel}","templated":true}]}}