{"id":4574,"date":"2023-01-09T14:13:53","date_gmt":"2023-01-09T06:13:53","guid":{"rendered":"https:\/\/roctarps.com\/product\/lonas-de-polietileno-light-duty-blue-silver\/"},"modified":"2025-02-25T09:27:13","modified_gmt":"2025-02-25T01:27:13","slug":"light-duty-blue-silver-poly-tarps","status":"publish","type":"product","link":"https:\/\/roctarps.com\/pt-pt\/produto\/light-duty-blue-silver-poly-tarps\/","title":{"rendered":"Lonas de Polietileno Light Duty Blue Silver"},"content":{"rendered":"","protected":false},"excerpt":{"rendered":"<p>Estas lonas de polipropileno azul claro s\u00e3o coberturas vers\u00e1teis, tanto econ\u00f3micas como fortes. Estas lonas s\u00e3o feitas de polietileno de 3 camadas de qualidade, imperme\u00e1vel e dur\u00e1vel, com resist\u00eancia ao rasgo, abras\u00e3o, raios UV, \u00e1cido, podrid\u00e3o e mofo, tornando-as perfeitas para uma variedade de usos ao ar livre. Estas coberturas s\u00e3o normalmente utilizadas em aplica\u00e7\u00f5es tais como acampamentos, coberturas de equipamento, coberturas de material, paisagem, e lonas de jardim, e como coberturas tempor\u00e1rias de telhado regularmente conhecidas como Lonas de Furac\u00e3o.<\/p>\n","protected":false},"featured_media":4423,"template":"","meta":{"_acf_changed":false,"_seopress_robots_primary_cat":"none","_seopress_titles_title":"","_seopress_titles_desc":"","_seopress_robots_index":""},"product_brand":[],"product_cat":[117,139,115],"product_tag":[],"class_list":{"0":"post-4574","1":"product","2":"type-product","3":"status-publish","4":"has-post-thumbnail","6":"product_cat-folha-de-lona","7":"product_cat-lona-de-jardim-ao-ar-livre","8":"product_cat-lona-impermeavel","10":"first","11":"instock","12":"shipping-taxable","13":"product-type-simple"},"acf":[],"_links":{"self":[{"href":"https:\/\/roctarps.com\/pt-pt\/wp-json\/wp\/v2\/product\/4574","targetHints":{"allow":["GET"]}}],"collection":[{"href":"https:\/\/roctarps.com\/pt-pt\/wp-json\/wp\/v2\/product"}],"about":[{"href":"https:\/\/roctarps.com\/pt-pt\/wp-json\/wp\/v2\/types\/product"}],"wp:featuredmedia":[{"embeddable":true,"href":"https:\/\/roctarps.com\/pt-pt\/wp-json\/wp\/v2\/media\/4423"}],"wp:attachment":[{"href":"https:\/\/roctarps.com\/pt-pt\/wp-json\/wp\/v2\/media?parent=4574"}],"wp:term":[{"taxonomy":"product_brand","embeddable":true,"href":"https:\/\/roctarps.com\/pt-pt\/wp-json\/wp\/v2\/product_brand?post=4574"},{"taxonomy":"product_cat","embeddable":true,"href":"https:\/\/roctarps.com\/pt-pt\/wp-json\/wp\/v2\/product_cat?post=4574"},{"taxonomy":"product_tag","embeddable":true,"href":"https:\/\/roctarps.com\/pt-pt\/wp-json\/wp\/v2\/product_tag?post=4574"}],"curies":[{"name":"wp","href":"https:\/\/api.w.org\/{rel}","templated":true}]}}