{"id":4575,"date":"2023-01-10T14:33:43","date_gmt":"2023-01-10T06:33:43","guid":{"rendered":"https:\/\/roctarps.com\/product\/lonas-de-polipropileno-de-prata-para-trabalhos-pesados\/"},"modified":"2025-02-25T09:27:22","modified_gmt":"2025-02-25T01:27:22","slug":"silver-heavy-duty-poly-tarps","status":"publish","type":"product","link":"https:\/\/roctarps.com\/pt-pt\/produto\/silver-heavy-duty-poly-tarps\/","title":{"rendered":"Lonas de Polipropileno de Prata para trabalhos pesados"},"content":{"rendered":"","protected":false},"excerpt":{"rendered":"<p>As nossas lonas de polietileno de prata para trabalhos pesados s\u00e3o fabricadas a partir de materiais de polietileno de 3 camadas que s\u00e3o densos, dur\u00e1veis e mais pesados que outras lonas. Estas lonas s\u00e3o imperme\u00e1veis, resistentes a rasg\u00f5es, e rasgam-se de ambos os lados pela sua espessura de 12 mil\u00edmetros, fortes fibras de 1200 denier, e dur\u00e1vel malha de tecido 14 x 14.<\/p>\n<p>As argolas de alum\u00ednio s\u00e3o colocadas aproximadamente a cada 18 polegadas num per\u00edmetro de bainha refor\u00e7ado com cordas, para al\u00e9m da sua impressionante durabilidade, e flexibilidade numa variedade de aplica\u00e7\u00f5es de revestimento exterior. Estas lonas s\u00e3o de tamanho cortado de modo a acabarem aproximadamente 6-8&#8243; mais pequenas do que o tamanho mostrado.<\/p>\n","protected":false},"featured_media":4434,"template":"","meta":{"_acf_changed":false,"_seopress_robots_primary_cat":"none","_seopress_titles_title":"","_seopress_titles_desc":"","_seopress_robots_index":""},"product_brand":[],"product_cat":[144,127,128],"product_tag":[],"class_list":{"0":"post-4575","1":"product","2":"type-product","3":"status-publish","4":"has-post-thumbnail","6":"product_cat-encerado-agricola","7":"product_cat-encerado-pe","8":"product_cat-lona-heavy-duty","10":"first","11":"instock","12":"shipping-taxable","13":"product-type-simple"},"acf":[],"_links":{"self":[{"href":"https:\/\/roctarps.com\/pt-pt\/wp-json\/wp\/v2\/product\/4575","targetHints":{"allow":["GET"]}}],"collection":[{"href":"https:\/\/roctarps.com\/pt-pt\/wp-json\/wp\/v2\/product"}],"about":[{"href":"https:\/\/roctarps.com\/pt-pt\/wp-json\/wp\/v2\/types\/product"}],"wp:featuredmedia":[{"embeddable":true,"href":"https:\/\/roctarps.com\/pt-pt\/wp-json\/wp\/v2\/media\/4434"}],"wp:attachment":[{"href":"https:\/\/roctarps.com\/pt-pt\/wp-json\/wp\/v2\/media?parent=4575"}],"wp:term":[{"taxonomy":"product_brand","embeddable":true,"href":"https:\/\/roctarps.com\/pt-pt\/wp-json\/wp\/v2\/product_brand?post=4575"},{"taxonomy":"product_cat","embeddable":true,"href":"https:\/\/roctarps.com\/pt-pt\/wp-json\/wp\/v2\/product_cat?post=4575"},{"taxonomy":"product_tag","embeddable":true,"href":"https:\/\/roctarps.com\/pt-pt\/wp-json\/wp\/v2\/product_tag?post=4575"}],"curies":[{"name":"wp","href":"https:\/\/api.w.org\/{rel}","templated":true}]}}