{"id":4576,"date":"2023-01-05T15:29:20","date_gmt":"2023-01-05T07:29:20","guid":{"rendered":"https:\/\/roctarps.com\/product\/lonas-de-polipropileno-preto-silver-heavy-duty\/"},"modified":"2025-02-25T09:32:37","modified_gmt":"2025-02-25T01:32:37","slug":"black-silver-heavy-duty-poly-tarps","status":"publish","type":"product","link":"https:\/\/roctarps.com\/pt-pt\/produto\/black-silver-heavy-duty-poly-tarps\/","title":{"rendered":"Lonas de Polipropileno Preto Silver Heavy Duty"},"content":{"rendered":"","protected":false},"excerpt":{"rendered":"<p>As nossas lonas de polietileno preto prateado s\u00e3o feitas de material polietileno resistente com 1200 fibras denier, que s\u00e3o perfeitas para utiliza\u00e7\u00f5es ao ar livre. As nossas lonas pretas e prateadas s\u00e3o de 10 Mil de espessura, 6 on\u00e7as por metro quadrado, e 14 x 14 de tecelagem contam com material de 3 camadas tornando-as ultra dur\u00e1veis e resistentes ao rasgo, enquanto os cantos e bainhas refor\u00e7ados com corda acrescentam uma camada extra de protec\u00e7\u00e3o.<\/p>\n<p>As argolas de alum\u00ednio de 18 em 18 polegadas d\u00e3o-lhe muitos lugares para as atar e as costuras soldadas por calor asseguram que n\u00e3o se desfazem. Estas lonas s\u00e3o cortadas em tamanho, o que significa que s\u00e3o ligeiramente mais pequenas do que o tamanho acabado.<\/p>\n","protected":false},"featured_media":4421,"template":"","meta":{"_acf_changed":false,"_seopress_robots_primary_cat":"none","_seopress_titles_title":"","_seopress_titles_desc":"","_seopress_robots_index":""},"product_brand":[],"product_cat":[117,129,128],"product_tag":[],"class_list":{"0":"post-4576","1":"product","2":"type-product","3":"status-publish","4":"has-post-thumbnail","6":"product_cat-folha-de-lona","7":"product_cat-lona-de-veiculos-de-transporte","8":"product_cat-lona-heavy-duty","10":"first","11":"instock","12":"shipping-taxable","13":"product-type-simple"},"acf":[],"_links":{"self":[{"href":"https:\/\/roctarps.com\/pt-pt\/wp-json\/wp\/v2\/product\/4576","targetHints":{"allow":["GET"]}}],"collection":[{"href":"https:\/\/roctarps.com\/pt-pt\/wp-json\/wp\/v2\/product"}],"about":[{"href":"https:\/\/roctarps.com\/pt-pt\/wp-json\/wp\/v2\/types\/product"}],"wp:featuredmedia":[{"embeddable":true,"href":"https:\/\/roctarps.com\/pt-pt\/wp-json\/wp\/v2\/media\/4421"}],"wp:attachment":[{"href":"https:\/\/roctarps.com\/pt-pt\/wp-json\/wp\/v2\/media?parent=4576"}],"wp:term":[{"taxonomy":"product_brand","embeddable":true,"href":"https:\/\/roctarps.com\/pt-pt\/wp-json\/wp\/v2\/product_brand?post=4576"},{"taxonomy":"product_cat","embeddable":true,"href":"https:\/\/roctarps.com\/pt-pt\/wp-json\/wp\/v2\/product_cat?post=4576"},{"taxonomy":"product_tag","embeddable":true,"href":"https:\/\/roctarps.com\/pt-pt\/wp-json\/wp\/v2\/product_tag?post=4576"}],"curies":[{"name":"wp","href":"https:\/\/api.w.org\/{rel}","templated":true}]}}