{"id":4577,"date":"2023-01-04T14:59:58","date_gmt":"2023-01-04T06:59:58","guid":{"rendered":"https:\/\/roctarps.com\/product\/lonas-de-prata-poly\/"},"modified":"2025-02-25T09:32:16","modified_gmt":"2025-02-25T01:32:16","slug":"silver-poly-tarps","status":"publish","type":"product","link":"https:\/\/roctarps.com\/pt-pt\/produto\/silver-poly-tarps\/","title":{"rendered":"Lonas de prata Poly"},"content":{"rendered":"","protected":false},"excerpt":{"rendered":"<p>As nossas lonas de polietileno prateadas s\u00e3o feitas de um tecido de polietileno resistente, tecido e revestido que \u00e9 de 6 oz por metro quadrado de espessura e 12&#215;14 mesh count. Isto torna-os incrivelmente dur\u00e1veis e duradouros, perfeitos para proteger os seus artigos de exterior do sol, chuva, ou danos causados pelo vento e podem ser utilizados para acampar, coberturas de barcos, estacas de madeira, locais de constru\u00e7\u00e3o, e muito mais.<\/p>\n","protected":false},"featured_media":4312,"template":"","meta":{"_acf_changed":false,"_seopress_robots_primary_cat":"none","_seopress_titles_title":"","_seopress_titles_desc":"","_seopress_robots_index":""},"product_brand":[],"product_cat":[127,116,115],"product_tag":[],"class_list":{"0":"post-4577","1":"product","2":"type-product","3":"status-publish","4":"has-post-thumbnail","6":"product_cat-encerado-pe","7":"product_cat-encerado-pead","8":"product_cat-lona-impermeavel","10":"first","11":"instock","12":"shipping-taxable","13":"product-type-simple"},"acf":[],"_links":{"self":[{"href":"https:\/\/roctarps.com\/pt-pt\/wp-json\/wp\/v2\/product\/4577","targetHints":{"allow":["GET"]}}],"collection":[{"href":"https:\/\/roctarps.com\/pt-pt\/wp-json\/wp\/v2\/product"}],"about":[{"href":"https:\/\/roctarps.com\/pt-pt\/wp-json\/wp\/v2\/types\/product"}],"wp:featuredmedia":[{"embeddable":true,"href":"https:\/\/roctarps.com\/pt-pt\/wp-json\/wp\/v2\/media\/4312"}],"wp:attachment":[{"href":"https:\/\/roctarps.com\/pt-pt\/wp-json\/wp\/v2\/media?parent=4577"}],"wp:term":[{"taxonomy":"product_brand","embeddable":true,"href":"https:\/\/roctarps.com\/pt-pt\/wp-json\/wp\/v2\/product_brand?post=4577"},{"taxonomy":"product_cat","embeddable":true,"href":"https:\/\/roctarps.com\/pt-pt\/wp-json\/wp\/v2\/product_cat?post=4577"},{"taxonomy":"product_tag","embeddable":true,"href":"https:\/\/roctarps.com\/pt-pt\/wp-json\/wp\/v2\/product_tag?post=4577"}],"curies":[{"name":"wp","href":"https:\/\/api.w.org\/{rel}","templated":true}]}}