{"id":4582,"date":"2023-01-10T11:50:20","date_gmt":"2023-01-10T03:50:20","guid":{"rendered":"https:\/\/roctarps.com\/product\/lonas-de-polietileno-verde-claro\/"},"modified":"2025-02-25T09:27:22","modified_gmt":"2025-02-25T01:27:22","slug":"verde-esverdeado-polita-tarpas","status":"publish","type":"product","link":"https:\/\/roctarps.com\/pt-pt\/produto\/verde-esverdeado-polita-tarpas\/","title":{"rendered":"Lonas de polietileno verde claro"},"content":{"rendered":"","protected":false},"excerpt":{"rendered":"<p>As nossas lonas de poli verde claro s\u00e3o feitas de material de poli de 3 camadas e apresentam fortes fibras denier para maior durabilidade. Estas lonas de poli verde claro t\u00eam um peso de tecido de 3 on\u00e7as. \/ sqft com uma espessura de 5 mil\u00e9simos de polegada, e incluem argolas de cerca de cada 36 polegadas e bainhas refor\u00e7adas com corda.<\/p>\n<p>A cor verde claro est\u00e1 em ambos os lados e para muitas aplica\u00e7\u00f5es diferentes que s\u00e3o uma grande escolha para cobrir equipamentos, proteger contra as intemp\u00e9ries, e muito mais. Estas lonas s\u00e3o cortadas em tamanho para que acabem ligeiramente mais pequenas do que o tamanho mostrado.<\/p>\n","protected":false},"featured_media":4417,"template":"","meta":{"_acf_changed":false,"_seopress_robots_primary_cat":"none","_seopress_titles_title":"","_seopress_titles_desc":"","_seopress_robots_index":""},"product_brand":[],"product_cat":[127,128,149],"product_tag":[],"class_list":{"0":"post-4582","1":"product","2":"type-product","3":"status-publish","4":"has-post-thumbnail","6":"product_cat-encerado-pe","7":"product_cat-lona-heavy-duty","8":"product_cat-lona-para-construcao-civil","10":"first","11":"instock","12":"shipping-taxable","13":"product-type-simple"},"acf":[],"_links":{"self":[{"href":"https:\/\/roctarps.com\/pt-pt\/wp-json\/wp\/v2\/product\/4582","targetHints":{"allow":["GET"]}}],"collection":[{"href":"https:\/\/roctarps.com\/pt-pt\/wp-json\/wp\/v2\/product"}],"about":[{"href":"https:\/\/roctarps.com\/pt-pt\/wp-json\/wp\/v2\/types\/product"}],"wp:featuredmedia":[{"embeddable":true,"href":"https:\/\/roctarps.com\/pt-pt\/wp-json\/wp\/v2\/media\/4417"}],"wp:attachment":[{"href":"https:\/\/roctarps.com\/pt-pt\/wp-json\/wp\/v2\/media?parent=4582"}],"wp:term":[{"taxonomy":"product_brand","embeddable":true,"href":"https:\/\/roctarps.com\/pt-pt\/wp-json\/wp\/v2\/product_brand?post=4582"},{"taxonomy":"product_cat","embeddable":true,"href":"https:\/\/roctarps.com\/pt-pt\/wp-json\/wp\/v2\/product_cat?post=4582"},{"taxonomy":"product_tag","embeddable":true,"href":"https:\/\/roctarps.com\/pt-pt\/wp-json\/wp\/v2\/product_tag?post=4582"}],"curies":[{"name":"wp","href":"https:\/\/api.w.org\/{rel}","templated":true}]}}