{"id":4583,"date":"2023-01-05T13:45:54","date_gmt":"2023-01-05T05:45:54","guid":{"rendered":"https:\/\/roctarps.com\/product\/lonas-de-polietileno-prata-verde\/"},"modified":"2025-02-25T09:32:33","modified_gmt":"2025-02-25T01:32:33","slug":"verde-prata-poly-tarps","status":"publish","type":"product","link":"https:\/\/roctarps.com\/pt-pt\/produto\/verde-prata-poly-tarps\/","title":{"rendered":"Lonas de Polietileno Prata Verde"},"content":{"rendered":"","protected":false},"excerpt":{"rendered":"<p>As nossas lonas verdes prateadas s\u00e3o uma solu\u00e7\u00e3o vers\u00e1til e econ\u00f3mica para todas as suas necessidades ao ar livre, pois s\u00e3o feitas de material polietileno forte, que \u00e9 100% \u00e0 prova de \u00e1gua e tem uma espessura de 5 mil\u00edmetros. Estas lonas t\u00eam 5 mil\u00edmetros de espessura e t\u00eam fibras especiais que as tornam resistentes ao rasgamento, \u00e1cido, podrid\u00e3o e mofo. As bainhas s\u00e3o tamb\u00e9m refor\u00e7adas com corda para as tornar ainda mais fortes.<\/p>\n<p>Estas lonas t\u00eam um peso de 3 on\u00e7as por metro quadrado e s\u00e3o feitas com fibras negras fortes, o que as torna uma escolha fi\u00e1vel para fornecer sombra e protec\u00e7\u00e3o. S\u00e3o de grau econ\u00f3mico, tornando-os uma op\u00e7\u00e3o acess\u00edvel para uma variedade de aplica\u00e7\u00f5es.<\/p>\n<p>A parte superior das lonas \u00e9 verde e a inferior \u00e9 prateada, e as argolas s\u00e3o aproximadamente. a cada 36 polegadas para f\u00e1cil amarra\u00e7\u00e3o e instala\u00e7\u00e3o. Por favor note que as nossas lonas s\u00e3o de tamanho cortado, o que significa que o tamanho acabado ser\u00e1 ligeiramente menor do que o tamanho anunciado.<\/p>\n<p>Em geral, estas lonas verdes prateadas s\u00e3o uma escolha dur\u00e1vel e fi\u00e1vel para todas as suas necessidades de revestimento exterior.<\/p>\n<p>As argolas de alum\u00ednio, aproximadamente a cada 36 polegadas, e os cantos e bainhas refor\u00e7ados com corda acrescentam estabilidade e apoio extra. Estas lonas tamb\u00e9m t\u00eam costuras especiais soldadas a quente para as fazer durar muito tempo. Tenha em mente que o tamanho acabado da lona pode ser ligeiramente menor do que o tamanho listado. \u00c9 favor notar que estas lonas s\u00e3o de tamanho cortado, sendo o tamanho acabado ligeiramente mais pequeno. Proteja os seus pertences e mantenha-os a salvo dos elementos com lonas verdes de polipropileno.<\/p>\n","protected":false},"featured_media":4426,"template":"","meta":{"_acf_changed":false,"_seopress_robots_primary_cat":"none","_seopress_titles_title":"","_seopress_titles_desc":"","_seopress_robots_index":""},"product_brand":[],"product_cat":[144,116,115],"product_tag":[],"class_list":{"0":"post-4583","1":"product","2":"type-product","3":"status-publish","4":"has-post-thumbnail","6":"product_cat-encerado-agricola","7":"product_cat-encerado-pead","8":"product_cat-lona-impermeavel","10":"first","11":"instock","12":"shipping-taxable","13":"product-type-simple"},"acf":[],"_links":{"self":[{"href":"https:\/\/roctarps.com\/pt-pt\/wp-json\/wp\/v2\/product\/4583","targetHints":{"allow":["GET"]}}],"collection":[{"href":"https:\/\/roctarps.com\/pt-pt\/wp-json\/wp\/v2\/product"}],"about":[{"href":"https:\/\/roctarps.com\/pt-pt\/wp-json\/wp\/v2\/types\/product"}],"wp:featuredmedia":[{"embeddable":true,"href":"https:\/\/roctarps.com\/pt-pt\/wp-json\/wp\/v2\/media\/4426"}],"wp:attachment":[{"href":"https:\/\/roctarps.com\/pt-pt\/wp-json\/wp\/v2\/media?parent=4583"}],"wp:term":[{"taxonomy":"product_brand","embeddable":true,"href":"https:\/\/roctarps.com\/pt-pt\/wp-json\/wp\/v2\/product_brand?post=4583"},{"taxonomy":"product_cat","embeddable":true,"href":"https:\/\/roctarps.com\/pt-pt\/wp-json\/wp\/v2\/product_cat?post=4583"},{"taxonomy":"product_tag","embeddable":true,"href":"https:\/\/roctarps.com\/pt-pt\/wp-json\/wp\/v2\/product_tag?post=4583"}],"curies":[{"name":"wp","href":"https:\/\/api.w.org\/{rel}","templated":true}]}}