{"id":4584,"date":"2023-01-09T11:05:06","date_gmt":"2023-01-09T03:05:06","guid":{"rendered":"https:\/\/roctarps.com\/product\/economia-poli-lona-plastica-azul\/"},"modified":"2025-02-25T09:27:04","modified_gmt":"2025-02-25T01:27:04","slug":"economia-azul-plastico-poly-tarp","status":"publish","type":"product","link":"https:\/\/roctarps.com\/pt-pt\/produto\/economia-azul-plastico-poly-tarp\/","title":{"rendered":"Economia Poli Lona Pl\u00e1stica Azul"},"content":{"rendered":"","protected":false},"excerpt":{"rendered":"<p>As nossas lonas pl\u00e1sticas azuis econ\u00f3micas de polietileno s\u00e3o feitas com fibras de polietileno tecidas e revestidas 100% \u00e0 prova de \u00e1gua. Estas lonas s\u00e3o ideais para protec\u00e7\u00e3o ao ar livre devido \u00e0s suas caracter\u00edsticas de resist\u00eancia ao rasgamento, abras\u00e3o, raios UV, \u00e1cido, podrid\u00e3o e mofo. As bainhas s\u00e3o refor\u00e7adas com corda para maior resist\u00eancia e durabilidade, e as costuras soldadas por calor ajudam a manter a \u00e1gua fora.<\/p>\n<p>5-6 mils de espessura e 2-3,5 oz\/yd\u00b2(60-110 GSM) s\u00e3o leves e convenientes para as pegas individuais. s\u00e3o feitas com fibras negras fortes que podem suportar um desgaste pesado. Est\u00e3o dispon\u00edveis em v\u00e1rios tamanhos e cores, para que possa encontrar a solu\u00e7\u00e3o perfeita para as suas necessidades.<\/p>\n<p>Note-se que estas lonas s\u00e3o de grau econ\u00f3mico e o tamanho acabado ser\u00e1 um pouco menor (6&#8243;- 8&#8243;) do que o tamanho cortado.<\/p>\n","protected":false},"featured_media":4419,"template":"","meta":{"_acf_changed":false,"_seopress_robots_primary_cat":"none","_seopress_titles_title":"","_seopress_titles_desc":"","_seopress_robots_index":""},"product_brand":[],"product_cat":[116,117,115],"product_tag":[],"class_list":{"0":"post-4584","1":"product","2":"type-product","3":"status-publish","4":"has-post-thumbnail","6":"product_cat-encerado-pead","7":"product_cat-folha-de-lona","8":"product_cat-lona-impermeavel","10":"first","11":"instock","12":"shipping-taxable","13":"product-type-simple"},"acf":[],"_links":{"self":[{"href":"https:\/\/roctarps.com\/pt-pt\/wp-json\/wp\/v2\/product\/4584","targetHints":{"allow":["GET"]}}],"collection":[{"href":"https:\/\/roctarps.com\/pt-pt\/wp-json\/wp\/v2\/product"}],"about":[{"href":"https:\/\/roctarps.com\/pt-pt\/wp-json\/wp\/v2\/types\/product"}],"wp:featuredmedia":[{"embeddable":true,"href":"https:\/\/roctarps.com\/pt-pt\/wp-json\/wp\/v2\/media\/4419"}],"wp:attachment":[{"href":"https:\/\/roctarps.com\/pt-pt\/wp-json\/wp\/v2\/media?parent=4584"}],"wp:term":[{"taxonomy":"product_brand","embeddable":true,"href":"https:\/\/roctarps.com\/pt-pt\/wp-json\/wp\/v2\/product_brand?post=4584"},{"taxonomy":"product_cat","embeddable":true,"href":"https:\/\/roctarps.com\/pt-pt\/wp-json\/wp\/v2\/product_cat?post=4584"},{"taxonomy":"product_tag","embeddable":true,"href":"https:\/\/roctarps.com\/pt-pt\/wp-json\/wp\/v2\/product_tag?post=4584"}],"curies":[{"name":"wp","href":"https:\/\/api.w.org\/{rel}","templated":true}]}}