{"id":4585,"date":"2023-01-04T14:49:59","date_gmt":"2023-01-04T06:49:59","guid":{"rendered":"https:\/\/roctarps.com\/product\/lonas-castanhas-de-polipropileno\/"},"modified":"2025-02-25T09:32:16","modified_gmt":"2025-02-25T01:32:16","slug":"brown-poly-tarps","status":"publish","type":"product","link":"https:\/\/roctarps.com\/pt-pt\/produto\/brown-poly-tarps\/","title":{"rendered":"Lonas Castanhas de Polipropileno"},"content":{"rendered":"","protected":false},"excerpt":{"rendered":"<p>As nossas lonas castanhas de polietileno s\u00e3o feitas de polietileno de alta qualidade, que \u00e9 feito para durar com caracter\u00edsticas reflectoras de calor UV, resistentes \u00e0s intemp\u00e9ries, muito resistentes e dur\u00e1veis. Podem resistir a condi\u00e7\u00f5es de chuva, vento e calor, ideais para a maioria dos usos ao ar livre, incluindo cobertura de materiais de constru\u00e7\u00e3o, equipamento, fornecimento agr\u00edcola, coberturas tempor\u00e1rias de piscinas ou barcos, jardins, carports, e lenha. Temos tamb\u00e9m outras cores para a sua op\u00e7\u00e3o.<\/p>\n","protected":false},"featured_media":4360,"template":"","meta":{"_acf_changed":false,"_seopress_robots_primary_cat":"none","_seopress_titles_title":"","_seopress_titles_desc":"","_seopress_robots_index":""},"product_brand":[],"product_cat":[127,116,115],"product_tag":[],"class_list":{"0":"post-4585","1":"product","2":"type-product","3":"status-publish","4":"has-post-thumbnail","6":"product_cat-encerado-pe","7":"product_cat-encerado-pead","8":"product_cat-lona-impermeavel","10":"first","11":"instock","12":"shipping-taxable","13":"product-type-simple"},"acf":[],"_links":{"self":[{"href":"https:\/\/roctarps.com\/pt-pt\/wp-json\/wp\/v2\/product\/4585","targetHints":{"allow":["GET"]}}],"collection":[{"href":"https:\/\/roctarps.com\/pt-pt\/wp-json\/wp\/v2\/product"}],"about":[{"href":"https:\/\/roctarps.com\/pt-pt\/wp-json\/wp\/v2\/types\/product"}],"wp:featuredmedia":[{"embeddable":true,"href":"https:\/\/roctarps.com\/pt-pt\/wp-json\/wp\/v2\/media\/4360"}],"wp:attachment":[{"href":"https:\/\/roctarps.com\/pt-pt\/wp-json\/wp\/v2\/media?parent=4585"}],"wp:term":[{"taxonomy":"product_brand","embeddable":true,"href":"https:\/\/roctarps.com\/pt-pt\/wp-json\/wp\/v2\/product_brand?post=4585"},{"taxonomy":"product_cat","embeddable":true,"href":"https:\/\/roctarps.com\/pt-pt\/wp-json\/wp\/v2\/product_cat?post=4585"},{"taxonomy":"product_tag","embeddable":true,"href":"https:\/\/roctarps.com\/pt-pt\/wp-json\/wp\/v2\/product_tag?post=4585"}],"curies":[{"name":"wp","href":"https:\/\/api.w.org\/{rel}","templated":true}]}}