{"id":4587,"date":"2023-01-10T10:40:03","date_gmt":"2023-01-10T02:40:03","guid":{"rendered":"https:\/\/roctarps.com\/product\/lonas-de-polipropileno-azul-prateado-de-alta-resistencia\/"},"modified":"2025-02-25T09:27:17","modified_gmt":"2025-02-25T01:27:17","slug":"heavy-duty-blue-silver-poly-tarps","status":"publish","type":"product","link":"https:\/\/roctarps.com\/pt-pt\/produto\/heavy-duty-blue-silver-poly-tarps\/","title":{"rendered":"Lonas de Polipropileno Azul-Prateado de alta resist\u00eancia"},"content":{"rendered":"","protected":false},"excerpt":{"rendered":"<p>As nossas lonas de polipropileno azul-prateado de alta resist\u00eancia s\u00e3o \u00f3ptimas para utiliza\u00e7\u00e3o no exterior, pelo seu manuseamento, flexibilidade e caracter\u00edsticas leves. Estas lonas s\u00e3o feitas com material de polietileno de 3 camadas 100% imperme\u00e1vel e refor\u00e7ado, o que as torna resistentes \u00e0s intemp\u00e9ries e apresentam fortes fibras mais negras para maior durabilidade.<\/p>\n<p>A espessura de 12 mil\u00edmetros e as fibras de denier forte proporcionam uma durabilidade extra, enquanto as propriedades \u00e1cidas, o m\u00edldio e resistentes \u00e0 podrid\u00e3o garantem uma utiliza\u00e7\u00e3o duradoura. As costuras soldadas por calor e a corda dur\u00e1vel com bordas refor\u00e7adas proporcionam uma resist\u00eancia e apoio extra. As nossas lonas est\u00e3o dispon\u00edveis em v\u00e1rios tamanhos e o ultravioleta \u00e9 adicionado como por exig\u00eancia. Utilize estas lonas para eventos ao ar livre, cobertura de equipamento, e muito mais.<\/p>\n","protected":false},"featured_media":4425,"template":"","meta":{"_acf_changed":false,"_seopress_robots_primary_cat":"none","_seopress_titles_title":"","_seopress_titles_desc":"","_seopress_robots_index":""},"product_brand":[],"product_cat":[127,139,128],"product_tag":[],"class_list":{"0":"post-4587","1":"product","2":"type-product","3":"status-publish","4":"has-post-thumbnail","6":"product_cat-encerado-pe","7":"product_cat-lona-de-jardim-ao-ar-livre","8":"product_cat-lona-heavy-duty","10":"first","11":"instock","12":"shipping-taxable","13":"product-type-simple"},"acf":[],"_links":{"self":[{"href":"https:\/\/roctarps.com\/pt-pt\/wp-json\/wp\/v2\/product\/4587","targetHints":{"allow":["GET"]}}],"collection":[{"href":"https:\/\/roctarps.com\/pt-pt\/wp-json\/wp\/v2\/product"}],"about":[{"href":"https:\/\/roctarps.com\/pt-pt\/wp-json\/wp\/v2\/types\/product"}],"wp:featuredmedia":[{"embeddable":true,"href":"https:\/\/roctarps.com\/pt-pt\/wp-json\/wp\/v2\/media\/4425"}],"wp:attachment":[{"href":"https:\/\/roctarps.com\/pt-pt\/wp-json\/wp\/v2\/media?parent=4587"}],"wp:term":[{"taxonomy":"product_brand","embeddable":true,"href":"https:\/\/roctarps.com\/pt-pt\/wp-json\/wp\/v2\/product_brand?post=4587"},{"taxonomy":"product_cat","embeddable":true,"href":"https:\/\/roctarps.com\/pt-pt\/wp-json\/wp\/v2\/product_cat?post=4587"},{"taxonomy":"product_tag","embeddable":true,"href":"https:\/\/roctarps.com\/pt-pt\/wp-json\/wp\/v2\/product_tag?post=4587"}],"curies":[{"name":"wp","href":"https:\/\/api.w.org\/{rel}","templated":true}]}}