{"id":4588,"date":"2023-01-05T11:13:05","date_gmt":"2023-01-05T03:13:05","guid":{"rendered":"https:\/\/roctarps.com\/product\/lonas-de-polietileno-verde\/"},"modified":"2025-02-25T09:32:32","modified_gmt":"2025-02-25T01:32:32","slug":"tartaro-verde-polieta","status":"publish","type":"product","link":"https:\/\/roctarps.com\/pt-pt\/produto\/tartaro-verde-polieta\/","title":{"rendered":"Lonas de Polietileno Verde"},"content":{"rendered":"","protected":false},"excerpt":{"rendered":"<p>As nossas lonas de poli verde s\u00e3o feitas de 3 camadas de material de poli virgem de alta qualidade que s\u00e3o muito fortes e completamente imperme\u00e1veis e podem ser utilizadas no exterior para proteger os seus elementos. Estas lonas t\u00eam uma trama muito apertada com 14 x 14 quadrados por polegada, o que as torna extra robustas, e ideais para utiliza\u00e7\u00e3o em diversas condi\u00e7\u00f5es meteorol\u00f3gicas. Os cantos e bainhas (extremidades) t\u00eam um refor\u00e7o extra com corda para assegurar um alto n\u00edvel de resist\u00eancia e durabilidade.<\/p>\n<p>As argolas de alum\u00ednio, aproximadamente a cada 36 polegadas, e os cantos e bainhas refor\u00e7ados com corda acrescentam estabilidade e apoio extra. Estas lonas tamb\u00e9m t\u00eam costuras especiais soldadas a quente para as fazer durar muito tempo. Tenha em mente que o tamanho acabado da lona pode ser ligeiramente menor do que o tamanho listado. \u00c9 favor notar que estas lonas s\u00e3o de tamanho cortado, sendo o tamanho acabado ligeiramente mais pequeno. Proteja os seus pertences e mantenha-os a salvo dos elementos com lonas verdes de polipropileno.<\/p>\n","protected":false},"featured_media":4414,"template":"","meta":{"_acf_changed":false,"_seopress_robots_primary_cat":"none","_seopress_titles_title":"","_seopress_titles_desc":"","_seopress_robots_index":""},"product_brand":[],"product_cat":[127,117,115],"product_tag":[],"class_list":{"0":"post-4588","1":"product","2":"type-product","3":"status-publish","4":"has-post-thumbnail","6":"product_cat-encerado-pe","7":"product_cat-folha-de-lona","8":"product_cat-lona-impermeavel","10":"first","11":"instock","12":"shipping-taxable","13":"product-type-simple"},"acf":[],"_links":{"self":[{"href":"https:\/\/roctarps.com\/pt-pt\/wp-json\/wp\/v2\/product\/4588","targetHints":{"allow":["GET"]}}],"collection":[{"href":"https:\/\/roctarps.com\/pt-pt\/wp-json\/wp\/v2\/product"}],"about":[{"href":"https:\/\/roctarps.com\/pt-pt\/wp-json\/wp\/v2\/types\/product"}],"wp:featuredmedia":[{"embeddable":true,"href":"https:\/\/roctarps.com\/pt-pt\/wp-json\/wp\/v2\/media\/4414"}],"wp:attachment":[{"href":"https:\/\/roctarps.com\/pt-pt\/wp-json\/wp\/v2\/media?parent=4588"}],"wp:term":[{"taxonomy":"product_brand","embeddable":true,"href":"https:\/\/roctarps.com\/pt-pt\/wp-json\/wp\/v2\/product_brand?post=4588"},{"taxonomy":"product_cat","embeddable":true,"href":"https:\/\/roctarps.com\/pt-pt\/wp-json\/wp\/v2\/product_cat?post=4588"},{"taxonomy":"product_tag","embeddable":true,"href":"https:\/\/roctarps.com\/pt-pt\/wp-json\/wp\/v2\/product_tag?post=4588"}],"curies":[{"name":"wp","href":"https:\/\/api.w.org\/{rel}","templated":true}]}}