{"id":4589,"date":"2023-01-06T14:48:52","date_gmt":"2023-01-06T06:48:52","guid":{"rendered":"https:\/\/roctarps.com\/product\/lonas-de-polipropileno-laranja-pesada\/"},"modified":"2025-02-25T09:27:06","modified_gmt":"2025-02-25T01:27:06","slug":"heavy-duty-orange-poly-tarps","status":"publish","type":"product","link":"https:\/\/roctarps.com\/pt-pt\/produto\/heavy-duty-orange-poly-tarps\/","title":{"rendered":"Lonas de Polipropileno Laranja Pesada"},"content":{"rendered":"","protected":false},"excerpt":{"rendered":"<p>As nossas lonas pretas de polietileno s\u00e3o feitas de 100% de material de polietileno resistente \u00e0 \u00e1gua com uma espessura de 16 Mil e um GSM de 220, estas lonas s\u00e3o resistentes e dur\u00e1veis e perfeitas para a cobertura tempor\u00e1ria de autom\u00f3veis, barcos, cami\u00f5es e caravanas, abrigos improvisados, e tamb\u00e9m excelentes para situa\u00e7\u00f5es de emerg\u00eancia como telhados danificados.<\/p>\n<p>As costuras soldadas por calor garantem que estas lonas resistir\u00e3o at\u00e9 \u00e0s condi\u00e7\u00f5es mais dif\u00edceis, tornando-as \u00f3ptimas para cobertura de emerg\u00eancia em caso de telhado danificado ap\u00f3s uma tempestade, e podem at\u00e9 ser utilizadas para conten\u00e7\u00e3o de \u00e1gua para criar lagos, bebedouros, ou mesmo pistas de gelo no Inverno. Mantenha um \u00e0 m\u00e3o e esteja preparado para tudo o que vier no seu caminho.<\/p>\n","protected":false},"featured_media":4389,"template":"","meta":{"_acf_changed":false,"_seopress_robots_primary_cat":"none","_seopress_titles_title":"","_seopress_titles_desc":"","_seopress_robots_index":""},"product_brand":[],"product_cat":[127,129,128],"product_tag":[],"class_list":{"0":"post-4589","1":"product","2":"type-product","3":"status-publish","4":"has-post-thumbnail","6":"product_cat-encerado-pe","7":"product_cat-lona-de-veiculos-de-transporte","8":"product_cat-lona-heavy-duty","10":"first","11":"instock","12":"shipping-taxable","13":"product-type-simple"},"acf":[],"_links":{"self":[{"href":"https:\/\/roctarps.com\/pt-pt\/wp-json\/wp\/v2\/product\/4589","targetHints":{"allow":["GET"]}}],"collection":[{"href":"https:\/\/roctarps.com\/pt-pt\/wp-json\/wp\/v2\/product"}],"about":[{"href":"https:\/\/roctarps.com\/pt-pt\/wp-json\/wp\/v2\/types\/product"}],"wp:featuredmedia":[{"embeddable":true,"href":"https:\/\/roctarps.com\/pt-pt\/wp-json\/wp\/v2\/media\/4389"}],"wp:attachment":[{"href":"https:\/\/roctarps.com\/pt-pt\/wp-json\/wp\/v2\/media?parent=4589"}],"wp:term":[{"taxonomy":"product_brand","embeddable":true,"href":"https:\/\/roctarps.com\/pt-pt\/wp-json\/wp\/v2\/product_brand?post=4589"},{"taxonomy":"product_cat","embeddable":true,"href":"https:\/\/roctarps.com\/pt-pt\/wp-json\/wp\/v2\/product_cat?post=4589"},{"taxonomy":"product_tag","embeddable":true,"href":"https:\/\/roctarps.com\/pt-pt\/wp-json\/wp\/v2\/product_tag?post=4589"}],"curies":[{"name":"wp","href":"https:\/\/api.w.org\/{rel}","templated":true}]}}