{"id":4590,"date":"2022-12-27T15:52:13","date_gmt":"2022-12-27T07:52:13","guid":{"rendered":"https:\/\/roctarps.com\/product\/lonas-azuis-de-polipropileno\/"},"modified":"2025-02-25T09:32:13","modified_gmt":"2025-02-25T01:32:13","slug":"blue-poly-tarps","status":"publish","type":"product","link":"https:\/\/roctarps.com\/pt-pt\/produto\/blue-poly-tarps\/","title":{"rendered":"Lonas azuis de polipropileno"},"content":{"rendered":"","protected":false},"excerpt":{"rendered":"<p>Uma lona azul de polietileno \u00e9 um tipo de cobertura imperme\u00e1vel e resistente \u00e0s intemp\u00e9ries feita de um material chamado polietileno. \u00c9 tipicamente de cor azul, embora tamb\u00e9m possa ser encontrada noutras cores como o verde, prata, e castanho. As lonas azuis de polipropileno s\u00e3o normalmente utilizadas numa variedade de aplica\u00e7\u00f5es, incluindo constru\u00e7\u00e3o, paisagismo, e eventos ao ar livre. S\u00e3o conhecidos pela sua durabilidade e versatilidade, uma vez que podem ser utilizados para cobrir e proteger uma vasta gama de artigos, incluindo m\u00e1quinas, ve\u00edculos e materiais de constru\u00e7\u00e3o. S\u00e3o tamb\u00e9m f\u00e1ceis de limpar e manter, tornando-os uma escolha popular para aqueles que necessitam de uma solu\u00e7\u00e3o de lona fi\u00e1vel e rent\u00e1vel.<\/p>\n","protected":false},"featured_media":4416,"template":"","meta":{"_acf_changed":false,"_seopress_robots_primary_cat":"none","_seopress_titles_title":"","_seopress_titles_desc":"","_seopress_robots_index":""},"product_brand":[],"product_cat":[127,115,149],"product_tag":[],"class_list":{"0":"post-4590","1":"product","2":"type-product","3":"status-publish","4":"has-post-thumbnail","6":"product_cat-encerado-pe","7":"product_cat-lona-impermeavel","8":"product_cat-lona-para-construcao-civil","10":"first","11":"instock","12":"shipping-taxable","13":"product-type-simple"},"acf":[],"_links":{"self":[{"href":"https:\/\/roctarps.com\/pt-pt\/wp-json\/wp\/v2\/product\/4590","targetHints":{"allow":["GET"]}}],"collection":[{"href":"https:\/\/roctarps.com\/pt-pt\/wp-json\/wp\/v2\/product"}],"about":[{"href":"https:\/\/roctarps.com\/pt-pt\/wp-json\/wp\/v2\/types\/product"}],"wp:featuredmedia":[{"embeddable":true,"href":"https:\/\/roctarps.com\/pt-pt\/wp-json\/wp\/v2\/media\/4416"}],"wp:attachment":[{"href":"https:\/\/roctarps.com\/pt-pt\/wp-json\/wp\/v2\/media?parent=4590"}],"wp:term":[{"taxonomy":"product_brand","embeddable":true,"href":"https:\/\/roctarps.com\/pt-pt\/wp-json\/wp\/v2\/product_brand?post=4590"},{"taxonomy":"product_cat","embeddable":true,"href":"https:\/\/roctarps.com\/pt-pt\/wp-json\/wp\/v2\/product_cat?post=4590"},{"taxonomy":"product_tag","embeddable":true,"href":"https:\/\/roctarps.com\/pt-pt\/wp-json\/wp\/v2\/product_tag?post=4590"}],"curies":[{"name":"wp","href":"https:\/\/api.w.org\/{rel}","templated":true}]}}