{"id":4591,"date":"2023-01-09T15:39:50","date_gmt":"2023-01-09T07:39:50","guid":{"rendered":"https:\/\/roctarps.com\/product\/lonas-de-polietileno-laranja-azul\/"},"modified":"2025-02-25T09:27:17","modified_gmt":"2025-02-25T01:27:17","slug":"blue-orange-poly-tarps","status":"publish","type":"product","link":"https:\/\/roctarps.com\/pt-pt\/produto\/blue-orange-poly-tarps\/","title":{"rendered":"Lonas de Polietileno Laranja Azul"},"content":{"rendered":"","protected":false},"excerpt":{"rendered":"<p>As nossas lonas de poli-laranja azul s\u00e3o tarefas perfeitas para os seus usos ao ar livre. Estas lonas s\u00e3o feitas com um p\u00e1tio de 3-4 oz\/sq, 4-5 MIL de espessura, material de polietileno tecido a 100% de alta densidade, tornando-as 100% imperme\u00e1veis, e capazes de resistir a condi\u00e7\u00f5es climat\u00e9ricas adversas. A trama de 10 x 8 confere \u00e0 lona uma resist\u00eancia acrescida, enquanto que as bordas com bainhas refor\u00e7adas com cordas proporcionam ainda mais durabilidade.<\/p>\n<p>A cor azul alaranjada parece \u00f3ptima em qualquer utiliza\u00e7\u00e3o ao ar livre, tais como capas de mobili\u00e1rio de p\u00e1tio, capas de churrasco, e capas de motocicletas. S\u00e3o resistentes ao vento, \u00e0 podrid\u00e3o e ao m\u00edldio, tornando-os perfeitos para serem utilizados como coberturas de lenha, coberturas de ar condicionado, e coberturas de tractores de relva.<\/p>\n","protected":false},"featured_media":4422,"template":"","meta":{"_acf_changed":false,"_seopress_robots_primary_cat":"none","_seopress_titles_title":"","_seopress_titles_desc":"","_seopress_robots_index":""},"product_brand":[],"product_cat":[144,127,116],"product_tag":[],"class_list":{"0":"post-4591","1":"product","2":"type-product","3":"status-publish","4":"has-post-thumbnail","6":"product_cat-encerado-agricola","7":"product_cat-encerado-pe","8":"product_cat-encerado-pead","10":"first","11":"instock","12":"shipping-taxable","13":"product-type-simple"},"acf":[],"_links":{"self":[{"href":"https:\/\/roctarps.com\/pt-pt\/wp-json\/wp\/v2\/product\/4591","targetHints":{"allow":["GET"]}}],"collection":[{"href":"https:\/\/roctarps.com\/pt-pt\/wp-json\/wp\/v2\/product"}],"about":[{"href":"https:\/\/roctarps.com\/pt-pt\/wp-json\/wp\/v2\/types\/product"}],"wp:featuredmedia":[{"embeddable":true,"href":"https:\/\/roctarps.com\/pt-pt\/wp-json\/wp\/v2\/media\/4422"}],"wp:attachment":[{"href":"https:\/\/roctarps.com\/pt-pt\/wp-json\/wp\/v2\/media?parent=4591"}],"wp:term":[{"taxonomy":"product_brand","embeddable":true,"href":"https:\/\/roctarps.com\/pt-pt\/wp-json\/wp\/v2\/product_brand?post=4591"},{"taxonomy":"product_cat","embeddable":true,"href":"https:\/\/roctarps.com\/pt-pt\/wp-json\/wp\/v2\/product_cat?post=4591"},{"taxonomy":"product_tag","embeddable":true,"href":"https:\/\/roctarps.com\/pt-pt\/wp-json\/wp\/v2\/product_tag?post=4591"}],"curies":[{"name":"wp","href":"https:\/\/api.w.org\/{rel}","templated":true}]}}