{"id":4592,"date":"2023-01-04T22:49:46","date_gmt":"2023-01-04T14:49:46","guid":{"rendered":"https:\/\/roctarps.com\/product\/lonas-amarelas-de-polipropileno\/"},"modified":"2025-02-25T09:32:19","modified_gmt":"2025-02-25T01:32:19","slug":"yellow-poly-tarps","status":"publish","type":"product","link":"https:\/\/roctarps.com\/pt-pt\/produto\/yellow-poly-tarps\/","title":{"rendered":"Lonas Amarelas de Polipropileno"},"content":{"rendered":"","protected":false},"excerpt":{"rendered":"<p>As nossas lonas amarelas de poli\u00e9ster s\u00e3o perfeitas para proteger as suas coisas no exterior. S\u00e3o feitos de fibra denier muito forte de 1200 denier e t\u00eam uma contagem de malha 14&#215;14 por polegada quadrada. Isto torna-os super dur\u00e1veis e capazes de resistir a todos os tipos de tempo. As lonas s\u00e3o tamb\u00e9m imperme\u00e1veis e protegem contra os raios UV nocivos do sol. T\u00eam argolas, ou an\u00e9is de metal, espa\u00e7ados de 18 polegadas em todos os lados, o que facilita a sua amarra\u00e7\u00e3o. O tamanho acabado das lonas \u00e9 de 6 polegadas ou apenas um pouco menor do que o indicado, e t\u00eam cerca de 10-12 mil\u00edmetros de espessura. Note por favor que a cor pode variar ligeiramente.<\/p>\n","protected":false},"featured_media":4390,"template":"","meta":{"_acf_changed":false,"_seopress_robots_primary_cat":"none","_seopress_titles_title":"","_seopress_titles_desc":"","_seopress_robots_index":""},"product_brand":[],"product_cat":[127,139,149],"product_tag":[],"class_list":{"0":"post-4592","1":"product","2":"type-product","3":"status-publish","4":"has-post-thumbnail","6":"product_cat-encerado-pe","7":"product_cat-lona-de-jardim-ao-ar-livre","8":"product_cat-lona-para-construcao-civil","10":"first","11":"instock","12":"shipping-taxable","13":"product-type-simple"},"acf":[],"_links":{"self":[{"href":"https:\/\/roctarps.com\/pt-pt\/wp-json\/wp\/v2\/product\/4592","targetHints":{"allow":["GET"]}}],"collection":[{"href":"https:\/\/roctarps.com\/pt-pt\/wp-json\/wp\/v2\/product"}],"about":[{"href":"https:\/\/roctarps.com\/pt-pt\/wp-json\/wp\/v2\/types\/product"}],"wp:featuredmedia":[{"embeddable":true,"href":"https:\/\/roctarps.com\/pt-pt\/wp-json\/wp\/v2\/media\/4390"}],"wp:attachment":[{"href":"https:\/\/roctarps.com\/pt-pt\/wp-json\/wp\/v2\/media?parent=4592"}],"wp:term":[{"taxonomy":"product_brand","embeddable":true,"href":"https:\/\/roctarps.com\/pt-pt\/wp-json\/wp\/v2\/product_brand?post=4592"},{"taxonomy":"product_cat","embeddable":true,"href":"https:\/\/roctarps.com\/pt-pt\/wp-json\/wp\/v2\/product_cat?post=4592"},{"taxonomy":"product_tag","embeddable":true,"href":"https:\/\/roctarps.com\/pt-pt\/wp-json\/wp\/v2\/product_tag?post=4592"}],"curies":[{"name":"wp","href":"https:\/\/api.w.org\/{rel}","templated":true}]}}