{"id":4594,"date":"2023-01-09T15:06:12","date_gmt":"2023-01-09T07:06:12","guid":{"rendered":"https:\/\/roctarps.com\/product\/lonas-de-polipropileno-azul-branco\/"},"modified":"2025-02-25T09:27:13","modified_gmt":"2025-02-25T01:27:13","slug":"blue-white-poly-tarps","status":"publish","type":"product","link":"https:\/\/roctarps.com\/pt-pt\/produto\/blue-white-poly-tarps\/","title":{"rendered":"Lonas de Polipropileno Azul Branco"},"content":{"rendered":"","protected":false},"excerpt":{"rendered":"<p>\u00c0 procura de uma lona forte e duradoura para os seus usos ao ar livre? A nossa lona azul de polietileno branco \u00e9 fabricada a partir de material de polietileno de 3 camadas tecido e revestido, que \u00e9 imperme\u00e1vel e resistente ao rasgamento. Os cantos e bainhas s\u00e3o refor\u00e7ados, pode utiliz\u00e1-lo para cobrir o seu mobili\u00e1rio exterior, proteger o seu barco, ou como cobertura do solo num parque de campismo, uma lona pode ajudar a manter os seus artigos secos e seguros em todas as condi\u00e7\u00f5es climat\u00e9ricas.<\/p>\n","protected":false},"featured_media":4424,"template":"","meta":{"_acf_changed":false,"_seopress_robots_primary_cat":"none","_seopress_titles_title":"","_seopress_titles_desc":"","_seopress_robots_index":""},"product_brand":[],"product_cat":[127,116,139],"product_tag":[],"class_list":{"0":"post-4594","1":"product","2":"type-product","3":"status-publish","4":"has-post-thumbnail","6":"product_cat-encerado-pe","7":"product_cat-encerado-pead","8":"product_cat-lona-de-jardim-ao-ar-livre","10":"first","11":"instock","12":"shipping-taxable","13":"product-type-simple"},"acf":[],"_links":{"self":[{"href":"https:\/\/roctarps.com\/pt-pt\/wp-json\/wp\/v2\/product\/4594","targetHints":{"allow":["GET"]}}],"collection":[{"href":"https:\/\/roctarps.com\/pt-pt\/wp-json\/wp\/v2\/product"}],"about":[{"href":"https:\/\/roctarps.com\/pt-pt\/wp-json\/wp\/v2\/types\/product"}],"wp:featuredmedia":[{"embeddable":true,"href":"https:\/\/roctarps.com\/pt-pt\/wp-json\/wp\/v2\/media\/4424"}],"wp:attachment":[{"href":"https:\/\/roctarps.com\/pt-pt\/wp-json\/wp\/v2\/media?parent=4594"}],"wp:term":[{"taxonomy":"product_brand","embeddable":true,"href":"https:\/\/roctarps.com\/pt-pt\/wp-json\/wp\/v2\/product_brand?post=4594"},{"taxonomy":"product_cat","embeddable":true,"href":"https:\/\/roctarps.com\/pt-pt\/wp-json\/wp\/v2\/product_cat?post=4594"},{"taxonomy":"product_tag","embeddable":true,"href":"https:\/\/roctarps.com\/pt-pt\/wp-json\/wp\/v2\/product_tag?post=4594"}],"curies":[{"name":"wp","href":"https:\/\/api.w.org\/{rel}","templated":true}]}}