{"id":4595,"date":"2023-01-04T15:15:27","date_gmt":"2023-01-04T07:15:27","guid":{"rendered":"https:\/\/roctarps.com\/product\/lonas-de-polipropileno-branco-de-alta-resistencia\/"},"modified":"2025-02-25T09:32:19","modified_gmt":"2025-02-25T01:32:19","slug":"heavy-duty-white-poly-tarps","status":"publish","type":"product","link":"https:\/\/roctarps.com\/pt-pt\/produto\/heavy-duty-white-poly-tarps\/","title":{"rendered":"Lonas de Polipropileno Branco de alta resist\u00eancia"},"content":{"rendered":"","protected":false},"excerpt":{"rendered":"<p>As lonas de poliuretano brancas de alta resist\u00eancia oferecem uma protec\u00e7\u00e3o superior contra os elementos. Fabricadas com material de polietileno de alta qualidade resistente \u00e0 \u00e1gua e \u00e0 rocha, estas lonas 100% \u00e0 prova de \u00e1gua s\u00e3o ideais para qualquer espa\u00e7o exterior ou local de trabalho. A espessura de 12 mil toneladas e 6 on\u00e7as por metro quadrado de polietileno 3 Ply tornam-no incrivelmente dur\u00e1vel, perfeito para ambientes dif\u00edceis e utiliza\u00e7\u00e3o a longo prazo.<\/p>\n","protected":false},"featured_media":4420,"template":"","meta":{"_acf_changed":false,"_seopress_robots_primary_cat":"none","_seopress_titles_title":"","_seopress_titles_desc":"","_seopress_robots_index":""},"product_brand":[],"product_cat":[116,117,128],"product_tag":[],"class_list":{"0":"post-4595","1":"product","2":"type-product","3":"status-publish","4":"has-post-thumbnail","6":"product_cat-encerado-pead","7":"product_cat-folha-de-lona","8":"product_cat-lona-heavy-duty","10":"first","11":"instock","12":"shipping-taxable","13":"product-type-simple"},"acf":[],"_links":{"self":[{"href":"https:\/\/roctarps.com\/pt-pt\/wp-json\/wp\/v2\/product\/4595","targetHints":{"allow":["GET"]}}],"collection":[{"href":"https:\/\/roctarps.com\/pt-pt\/wp-json\/wp\/v2\/product"}],"about":[{"href":"https:\/\/roctarps.com\/pt-pt\/wp-json\/wp\/v2\/types\/product"}],"wp:featuredmedia":[{"embeddable":true,"href":"https:\/\/roctarps.com\/pt-pt\/wp-json\/wp\/v2\/media\/4420"}],"wp:attachment":[{"href":"https:\/\/roctarps.com\/pt-pt\/wp-json\/wp\/v2\/media?parent=4595"}],"wp:term":[{"taxonomy":"product_brand","embeddable":true,"href":"https:\/\/roctarps.com\/pt-pt\/wp-json\/wp\/v2\/product_brand?post=4595"},{"taxonomy":"product_cat","embeddable":true,"href":"https:\/\/roctarps.com\/pt-pt\/wp-json\/wp\/v2\/product_cat?post=4595"},{"taxonomy":"product_tag","embeddable":true,"href":"https:\/\/roctarps.com\/pt-pt\/wp-json\/wp\/v2\/product_tag?post=4595"}],"curies":[{"name":"wp","href":"https:\/\/api.w.org\/{rel}","templated":true}]}}