{"id":4596,"date":"2023-01-05T17:18:13","date_gmt":"2023-01-05T09:18:13","guid":{"rendered":"https:\/\/roctarps.com\/product\/lonas-de-poliesteres-de-alta-resistencia-vermelhas\/"},"modified":"2025-02-25T09:32:37","modified_gmt":"2025-02-25T01:32:37","slug":"vermelho-pesado-poly-tarps","status":"publish","type":"product","link":"https:\/\/roctarps.com\/pt-pt\/produto\/vermelho-pesado-poly-tarps\/","title":{"rendered":"Lonas de poli\u00e9steres de alta resist\u00eancia vermelhas"},"content":{"rendered":"","protected":false},"excerpt":{"rendered":"<p>As nossas lonas vermelhas de polietileno de alta resist\u00eancia s\u00e3o feitas de 3 camadas de material de polietileno com 1200 fibras denier extra fortes, estas lonas t\u00eam 12 mils de espessura e t\u00eam um peso de 6 oz por metro quadrado. Estas lonas t\u00eam um padr\u00e3o de 12 x 14 malhas por polegada quadrada que s\u00e3o 100% imperme\u00e1veis com cantos refor\u00e7ados, tornando-as perfeitas para utiliza\u00e7\u00e3o no exterior.<\/p>\n<p>As bainhas s\u00e3o soldadas com cordas especiais refor\u00e7adas para maior durabilidade, e estas lonas s\u00e3o capazes de resistir \u00e0 resist\u00eancia ao \u00e1cido e \u00e0 podrid\u00e3o, bem como \u00e0 resist\u00eancia ao m\u00edldio, garantindo uma durabilidade duradoura. As argolas, colocadas aproximadamente a cada 18 polegadas, permitem uma f\u00e1cil amarra\u00e7\u00e3o e fixa\u00e7\u00e3o segura. E com uma cor vermelha brilhante em ambos os lados, estas lonas s\u00e3o altamente vis\u00edveis e f\u00e1ceis de manchar em qualquer cen\u00e1rio.<\/p>\n","protected":false},"featured_media":4418,"template":"","meta":{"_acf_changed":false,"_seopress_robots_primary_cat":"none","_seopress_titles_title":"","_seopress_titles_desc":"","_seopress_robots_index":""},"product_brand":[],"product_cat":[117,129,128],"product_tag":[],"class_list":{"0":"post-4596","1":"product","2":"type-product","3":"status-publish","4":"has-post-thumbnail","6":"product_cat-folha-de-lona","7":"product_cat-lona-de-veiculos-de-transporte","8":"product_cat-lona-heavy-duty","10":"first","11":"instock","12":"shipping-taxable","13":"product-type-simple"},"acf":[],"_links":{"self":[{"href":"https:\/\/roctarps.com\/pt-pt\/wp-json\/wp\/v2\/product\/4596","targetHints":{"allow":["GET"]}}],"collection":[{"href":"https:\/\/roctarps.com\/pt-pt\/wp-json\/wp\/v2\/product"}],"about":[{"href":"https:\/\/roctarps.com\/pt-pt\/wp-json\/wp\/v2\/types\/product"}],"wp:featuredmedia":[{"embeddable":true,"href":"https:\/\/roctarps.com\/pt-pt\/wp-json\/wp\/v2\/media\/4418"}],"wp:attachment":[{"href":"https:\/\/roctarps.com\/pt-pt\/wp-json\/wp\/v2\/media?parent=4596"}],"wp:term":[{"taxonomy":"product_brand","embeddable":true,"href":"https:\/\/roctarps.com\/pt-pt\/wp-json\/wp\/v2\/product_brand?post=4596"},{"taxonomy":"product_cat","embeddable":true,"href":"https:\/\/roctarps.com\/pt-pt\/wp-json\/wp\/v2\/product_cat?post=4596"},{"taxonomy":"product_tag","embeddable":true,"href":"https:\/\/roctarps.com\/pt-pt\/wp-json\/wp\/v2\/product_tag?post=4596"}],"curies":[{"name":"wp","href":"https:\/\/api.w.org\/{rel}","templated":true}]}}