{"id":4598,"date":"2023-01-19T10:07:10","date_gmt":"2023-01-19T02:07:10","guid":{"rendered":"https:\/\/roctarps.com\/product\/leno-malha-de-pe-leno-leno-leno-leno-leno-leno\/"},"modified":"2025-02-25T09:27:26","modified_gmt":"2025-02-25T01:27:26","slug":"leno-mesh-clear-pe-tarpaulin","status":"publish","type":"product","link":"https:\/\/roctarps.com\/pt-pt\/produto\/leno-mesh-clear-pe-tarpaulin\/","title":{"rendered":"Leno Malha de PE Leno Leno Leno Leno Leno Leno"},"content":{"rendered":"<p>As nossas lonas verdes prateadas s\u00e3o uma solu\u00e7\u00e3o vers\u00e1til e econ\u00f3mica para todas as suas necessidades ao ar livre, pois s\u00e3o feitas de material polietileno forte, que \u00e9 100% \u00e0 prova de \u00e1gua e tem uma espessura de 5 mil\u00edmetros. Estas lonas t\u00eam 5 mil\u00edmetros de espessura e t\u00eam fibras especiais que as tornam resistentes ao rasgamento, \u00e1cido, podrid\u00e3o e mofo. As bainhas s\u00e3o tamb\u00e9m refor\u00e7adas com corda para as tornar ainda mais fortes.<\/p>\n","protected":false},"excerpt":{"rendered":"<p>A lona de PE transparente \u00e9 feita de um tecido especial que \u00e9 forte e dur\u00e1vel. \u00c9 uma cor branca transl\u00facida que lhe permite ver o que est\u00e1 coberto. A lona tem uma for\u00e7a extra de cordas brancas costuradas nela. Esta lona \u00e9 uma boa escolha porque n\u00e3o \u00e9 demasiado cara, mas \u00e9 ainda suficientemente forte para proteger as coisas l\u00e1 fora ou para cobrir materiais de constru\u00e7\u00e3o. A lona tamb\u00e9m \u00e9 tratada para a tornar resistente \u00e0 \u00e1gua e \u00e0s l\u00e1grimas e tamb\u00e9m pode ser usada em tempo realmente frio. N\u00e3o se consegue ver atrav\u00e9s dele completamente, mas ainda se consegue ver um pouco atrav\u00e9s dele.<\/p>\n","protected":false},"featured_media":4500,"template":"","meta":{"_acf_changed":false,"_seopress_robots_primary_cat":"none","_seopress_titles_title":"","_seopress_titles_desc":"","_seopress_robots_index":""},"product_brand":[],"product_cat":[127,116,139],"product_tag":[154],"class_list":{"0":"post-4598","1":"product","2":"type-product","3":"status-publish","4":"has-post-thumbnail","6":"product_cat-encerado-pe","7":"product_cat-encerado-pead","8":"product_cat-lona-de-jardim-ao-ar-livre","9":"product_tag-limpar","11":"first","12":"instock","13":"shipping-taxable","14":"product-type-simple"},"acf":[],"_links":{"self":[{"href":"https:\/\/roctarps.com\/pt-pt\/wp-json\/wp\/v2\/product\/4598","targetHints":{"allow":["GET"]}}],"collection":[{"href":"https:\/\/roctarps.com\/pt-pt\/wp-json\/wp\/v2\/product"}],"about":[{"href":"https:\/\/roctarps.com\/pt-pt\/wp-json\/wp\/v2\/types\/product"}],"wp:featuredmedia":[{"embeddable":true,"href":"https:\/\/roctarps.com\/pt-pt\/wp-json\/wp\/v2\/media\/4500"}],"wp:attachment":[{"href":"https:\/\/roctarps.com\/pt-pt\/wp-json\/wp\/v2\/media?parent=4598"}],"wp:term":[{"taxonomy":"product_brand","embeddable":true,"href":"https:\/\/roctarps.com\/pt-pt\/wp-json\/wp\/v2\/product_brand?post=4598"},{"taxonomy":"product_cat","embeddable":true,"href":"https:\/\/roctarps.com\/pt-pt\/wp-json\/wp\/v2\/product_cat?post=4598"},{"taxonomy":"product_tag","embeddable":true,"href":"https:\/\/roctarps.com\/pt-pt\/wp-json\/wp\/v2\/product_tag?post=4598"}],"curies":[{"name":"wp","href":"https:\/\/api.w.org\/{rel}","templated":true}]}}