{"id":4599,"date":"2023-01-10T15:23:14","date_gmt":"2023-01-10T07:23:14","guid":{"rendered":"https:\/\/roctarps.com\/product\/lonas-brancas-de-polietileno-refugiado-da-onu-com-faixa-negra\/"},"modified":"2025-02-25T09:27:27","modified_gmt":"2025-02-25T01:27:27","slug":"un-refugee-white-poly-tarps-with-black-strip","status":"publish","type":"product","link":"https:\/\/roctarps.com\/pt-pt\/produto\/un-refugee-white-poly-tarps-with-black-strip\/","title":{"rendered":"Lonas Brancas de Polietileno Refugiado da ONU com Faixa Negra"},"content":{"rendered":"","protected":false},"excerpt":{"rendered":"<p>A Ag\u00eancia das Na\u00e7\u00f5es Unidas para os Refugiados &#8211; a solu\u00e7\u00e3o definitiva para o abrigo de emerg\u00eancia em campos de deslocados e zonas de cat\u00e1strofe. S\u00e3o feitas de material polietileno dur\u00e1vel e imperme\u00e1vel, estas lonas fornecem protec\u00e7\u00e3o contra condi\u00e7\u00f5es climat\u00e9ricas adversas, mantendo as fam\u00edlias seguras e secas na mais suja das circunst\u00e2ncias. Estas lonas s\u00e3o suficientemente grandes para fornecer abrigo a m\u00faltiplas fam\u00edlias, e o seu desenho leve torna-as f\u00e1ceis de transportar e de montar rapidamente em situa\u00e7\u00f5es de emerg\u00eancia.<\/p>\n<p>Estas lonas n\u00e3o s\u00f3 s\u00e3o funcionais como tamb\u00e9m concebidas com a seguran\u00e7a em mente. O material reflector \u00e9 utilizado nos bordos da lona, aumentando a visibilidade e a seguran\u00e7a em condi\u00e7\u00f5es de pouca luz. Em parceria com a Ag\u00eancia das Na\u00e7\u00f5es Unidas para os Refugiados, estas lonas s\u00e3o distribu\u00eddas \u00e0s pessoas necessitadas em campos de deslocados e zonas afectadas por cat\u00e1strofes em todo o mundo.<\/p>\n<p>Ao adquirir uma Poly Tarp da Ag\u00eancia das Na\u00e7\u00f5es Unidas para os Refugiados, est\u00e1 n\u00e3o s\u00f3 a fornecer abrigo e seguran\u00e7a aos necessitados, mas tamb\u00e9m a apoiar o importante trabalho da ONU na ajuda \u00e0s pessoas deslocadas e \u00e0s pessoas afectadas por cat\u00e1strofes.<\/p>\n","protected":false},"featured_media":4435,"template":"","meta":{"_acf_changed":false,"_seopress_robots_primary_cat":"none","_seopress_titles_title":"","_seopress_titles_desc":"","_seopress_robots_index":""},"product_brand":[],"product_cat":[144,127],"product_tag":[],"class_list":{"0":"post-4599","1":"product","2":"type-product","3":"status-publish","4":"has-post-thumbnail","6":"product_cat-encerado-agricola","7":"product_cat-encerado-pe","9":"first","10":"instock","11":"shipping-taxable","12":"product-type-simple"},"acf":[],"_links":{"self":[{"href":"https:\/\/roctarps.com\/pt-pt\/wp-json\/wp\/v2\/product\/4599","targetHints":{"allow":["GET"]}}],"collection":[{"href":"https:\/\/roctarps.com\/pt-pt\/wp-json\/wp\/v2\/product"}],"about":[{"href":"https:\/\/roctarps.com\/pt-pt\/wp-json\/wp\/v2\/types\/product"}],"wp:featuredmedia":[{"embeddable":true,"href":"https:\/\/roctarps.com\/pt-pt\/wp-json\/wp\/v2\/media\/4435"}],"wp:attachment":[{"href":"https:\/\/roctarps.com\/pt-pt\/wp-json\/wp\/v2\/media?parent=4599"}],"wp:term":[{"taxonomy":"product_brand","embeddable":true,"href":"https:\/\/roctarps.com\/pt-pt\/wp-json\/wp\/v2\/product_brand?post=4599"},{"taxonomy":"product_cat","embeddable":true,"href":"https:\/\/roctarps.com\/pt-pt\/wp-json\/wp\/v2\/product_cat?post=4599"},{"taxonomy":"product_tag","embeddable":true,"href":"https:\/\/roctarps.com\/pt-pt\/wp-json\/wp\/v2\/product_tag?post=4599"}],"curies":[{"name":"wp","href":"https:\/\/api.w.org\/{rel}","templated":true}]}}