{"id":7249,"date":"2025-02-11T16:54:12","date_gmt":"2025-02-11T08:54:12","guid":{"rendered":"https:\/\/roctarps.com\/product\/saco-de-folha-de-jardim-dobravel-para-servico-pesado-com-alcas-de-correia\/"},"modified":"2025-02-11T16:54:12","modified_gmt":"2025-02-11T08:54:12","slug":"saco-de-folha-de-jardim-dobravel-para-servico-pesado-com-alcas-de-correia","status":"publish","type":"product","link":"https:\/\/roctarps.com\/pt-pt\/produto\/saco-de-folha-de-jardim-dobravel-para-servico-pesado-com-alcas-de-correia\/","title":{"rendered":"Saco de folha de jardim dobr\u00e1vel para servi\u00e7o pesado com al\u00e7as de correia"},"content":{"rendered":"","protected":false},"excerpt":{"rendered":"","protected":false},"featured_media":6423,"template":"","meta":{"_acf_changed":false,"_seopress_robots_primary_cat":"none","_seopress_titles_title":"","_seopress_titles_desc":"","_seopress_robots_index":""},"product_brand":[],"product_cat":[101],"product_tag":[],"class_list":{"0":"post-7249","1":"product","2":"type-product","3":"status-publish","4":"has-post-thumbnail","6":"product_cat-capas-de-lona","8":"first","9":"instock","10":"shipping-taxable","11":"product-type-simple"},"acf":[],"_links":{"self":[{"href":"https:\/\/roctarps.com\/pt-pt\/wp-json\/wp\/v2\/product\/7249","targetHints":{"allow":["GET"]}}],"collection":[{"href":"https:\/\/roctarps.com\/pt-pt\/wp-json\/wp\/v2\/product"}],"about":[{"href":"https:\/\/roctarps.com\/pt-pt\/wp-json\/wp\/v2\/types\/product"}],"wp:featuredmedia":[{"embeddable":true,"href":"https:\/\/roctarps.com\/pt-pt\/wp-json\/wp\/v2\/media\/6423"}],"wp:attachment":[{"href":"https:\/\/roctarps.com\/pt-pt\/wp-json\/wp\/v2\/media?parent=7249"}],"wp:term":[{"taxonomy":"product_brand","embeddable":true,"href":"https:\/\/roctarps.com\/pt-pt\/wp-json\/wp\/v2\/product_brand?post=7249"},{"taxonomy":"product_cat","embeddable":true,"href":"https:\/\/roctarps.com\/pt-pt\/wp-json\/wp\/v2\/product_cat?post=7249"},{"taxonomy":"product_tag","embeddable":true,"href":"https:\/\/roctarps.com\/pt-pt\/wp-json\/wp\/v2\/product_tag?post=7249"}],"curies":[{"name":"wp","href":"https:\/\/api.w.org\/{rel}","templated":true}]}}