{"id":7303,"date":"2025-02-11T16:51:56","date_gmt":"2025-02-11T08:51:56","guid":{"rendered":"https:\/\/roctarps.com\/product\/caixas-de-armazenamento-de-embalagem-de-faculdade-impermeaveis-pe-com-ziper-de-alcas\/"},"modified":"2025-02-11T16:51:56","modified_gmt":"2025-02-11T08:51:56","slug":"caixas-de-armazenamento-de-embalagem-de-faculdade-impermeaveis-pe-com-ziper-de-alcas","status":"publish","type":"product","link":"https:\/\/roctarps.com\/pt-pt\/produto\/caixas-de-armazenamento-de-embalagem-de-faculdade-impermeaveis-pe-com-ziper-de-alcas\/","title":{"rendered":"Caixas de armazenamento de embalagem de faculdade imperme\u00e1veis PE com z\u00edper de al\u00e7as"},"content":{"rendered":"","protected":false},"excerpt":{"rendered":"","protected":false},"featured_media":6663,"template":"","meta":{"_acf_changed":false,"_seopress_robots_primary_cat":"none","_seopress_titles_title":"","_seopress_titles_desc":"","_seopress_robots_index":""},"product_brand":[],"product_cat":[101],"product_tag":[],"class_list":{"0":"post-7303","1":"product","2":"type-product","3":"status-publish","4":"has-post-thumbnail","6":"product_cat-capas-de-lona","8":"first","9":"instock","10":"shipping-taxable","11":"product-type-simple"},"acf":[],"_links":{"self":[{"href":"https:\/\/roctarps.com\/pt-pt\/wp-json\/wp\/v2\/product\/7303","targetHints":{"allow":["GET"]}}],"collection":[{"href":"https:\/\/roctarps.com\/pt-pt\/wp-json\/wp\/v2\/product"}],"about":[{"href":"https:\/\/roctarps.com\/pt-pt\/wp-json\/wp\/v2\/types\/product"}],"wp:featuredmedia":[{"embeddable":true,"href":"https:\/\/roctarps.com\/pt-pt\/wp-json\/wp\/v2\/media\/6663"}],"wp:attachment":[{"href":"https:\/\/roctarps.com\/pt-pt\/wp-json\/wp\/v2\/media?parent=7303"}],"wp:term":[{"taxonomy":"product_brand","embeddable":true,"href":"https:\/\/roctarps.com\/pt-pt\/wp-json\/wp\/v2\/product_brand?post=7303"},{"taxonomy":"product_cat","embeddable":true,"href":"https:\/\/roctarps.com\/pt-pt\/wp-json\/wp\/v2\/product_cat?post=7303"},{"taxonomy":"product_tag","embeddable":true,"href":"https:\/\/roctarps.com\/pt-pt\/wp-json\/wp\/v2\/product_tag?post=7303"}],"curies":[{"name":"wp","href":"https:\/\/api.w.org\/{rel}","templated":true}]}}