{"id":7337,"date":"2022-08-09T17:58:33","date_gmt":"2022-08-09T09:58:33","guid":{"rendered":"https:\/\/roctarps.com\/product\/12-mil-180-gsm-heavy-duty-pe-folha-de-lona\/"},"modified":"2022-08-09T17:58:33","modified_gmt":"2022-08-09T09:58:33","slug":"12-mil-180-gsm-heavy-duty-pe-folha-de-lona","status":"publish","type":"product","link":"https:\/\/roctarps.com\/pt-pt\/produto\/12-mil-180-gsm-heavy-duty-pe-folha-de-lona\/","title":{"rendered":"12 Mil 180 GSM Heavy Duty PE Folha de lona"},"content":{"rendered":"<p>350 GSM Heavy Duty Poly Tarpaulin Sheets s\u00e3o feitas de material poli forte refor\u00e7ado com uma contagem de malha de tecelagem de 16 X 16 por polegada quadrada. Eles s\u00e3o capas de servi\u00e7o pesado com grommets de alum\u00ednio, Estas lonas de poli s\u00e3o usadas como uma cobertura que \u00e9 dur\u00e1vel e imperme\u00e1vel, como barcos, cargas de caminh\u00f5es leves, agricultura, constru\u00e7\u00e3o, armazenamento, uso de quintal, e passeios de barco. Al\u00e9m disso, nossas lonas de polietileno maiores s\u00e3o \u00f3timas para coberturas de campos esportivos e canteiros de obras.  <\/p>\n<p>Estas coberturas para servi\u00e7os pesados incluem grommets de alum\u00ednio aproximadamente a cada 18-24 polegadas ao redor e em cada canto, as bainhas em todos os quatro lados s\u00e3o refor\u00e7adas com corda de 2 polegadas.<\/p>\n<p>Estas lonas de poli s\u00e3o tamanho de corte, portanto, o tamanho final \u00e9 de aproximadamente 5-7% ou 6-9 polegadas menos depois que as bordas s\u00e3o dobradas e cercadas a.c.c para o tamanho de corte padr\u00e3o da ind\u00fastria.<\/p>\n","protected":false},"excerpt":{"rendered":"<ul>\n<li><strong>Material:<\/strong> Polietileno (tecido interno de PEAD, laminado de PEBD em ambos os lados)<\/li>\n<li><strong>Cor:<\/strong> Duplo branco, azul duplo, prata dupla, laranja azul, preto duplo, preto \/ branco, azul \/ branco, ou como por exig\u00eancias do cliente<\/li>\n<li><strong>Tamanho acabado:<\/strong> 6&#8243; ou 3% menos toler\u00e2ncias<\/li>\n<li><strong>Negacionista:<\/strong> 600~1500 denier<\/li>\n<li><strong>Largura:<\/strong> 1.83m (72inches), 2m, 2.44m e 4m-16m podem estar dispon\u00edveis<\/li>\n<li><strong>Comprimento: <\/strong>Folha 4m,5m e 8m; Rolo 27.5m (30yards), 40m e 55m<\/li>\n<li><strong>Contagem de malha tecida:<\/strong> 6&#215;6~18&#215;18 \/in\u00b2<\/li>\n<li><strong>Espessura da fibra:<\/strong> 5~16 mil<\/li>\n<li><strong>Peso: <\/strong>40~450 GSM (gramas\/Sq.Meter) 2~18 OZ\/yd2 (on\u00e7a\/Sq.Yard)<\/li>\n<li><strong>Tratamento:<\/strong> UV filmado ou personalizado logotipo de impress\u00e3o como por exig\u00eancias<br \/>\ndo cliente Cor bronzeada em ambos os lados<\/li>\n<li><strong>Embalagem:<\/strong> Em rolo, fardo ou caixa<\/li>\n<li><strong>MOQ:<\/strong> 5 toneladas<\/li>\n<li><strong>Capacidade de produ\u00e7\u00e3o:<\/strong> 1500 toneladas\/m\u00eas<\/li>\n<li><strong>Tempo de entrega:<\/strong> 10-15 dias ap\u00f3s receber 30% dep\u00f3sito e confirma\u00e7\u00e3o final<\/li>\n<li><strong>Condi\u00e7\u00f5es de pagamento:<\/strong> T\/T ou L\/C na vista<\/li>\n<li><strong>Capacidade de carga do contentor:<\/strong> Rolos 18tons\/20&#8217;GP, 28tons\/40&#8217;HQ; Fardos 12tons\/20&#8217;GP, 25tons\/40&#8217;HQ; Caixa 9tons\/20&#8217;GP, 22tons\/40&#8217;HQ<\/li>\n<\/ul>\n","protected":false},"featured_media":4333,"template":"","meta":{"_acf_changed":false,"_seopress_robots_primary_cat":"none","_seopress_titles_title":"","_seopress_titles_desc":"","_seopress_robots_index":""},"product_brand":[],"product_cat":[117,139,128],"product_tag":[],"class_list":{"0":"post-7337","1":"product","2":"type-product","3":"status-publish","4":"has-post-thumbnail","6":"product_cat-folha-de-lona","7":"product_cat-lona-de-jardim-ao-ar-livre","8":"product_cat-lona-heavy-duty","10":"first","11":"instock","12":"shipping-taxable","13":"product-type-simple"},"acf":[],"_links":{"self":[{"href":"https:\/\/roctarps.com\/pt-pt\/wp-json\/wp\/v2\/product\/7337","targetHints":{"allow":["GET"]}}],"collection":[{"href":"https:\/\/roctarps.com\/pt-pt\/wp-json\/wp\/v2\/product"}],"about":[{"href":"https:\/\/roctarps.com\/pt-pt\/wp-json\/wp\/v2\/types\/product"}],"wp:featuredmedia":[{"embeddable":true,"href":"https:\/\/roctarps.com\/pt-pt\/wp-json\/wp\/v2\/media\/4333"}],"wp:attachment":[{"href":"https:\/\/roctarps.com\/pt-pt\/wp-json\/wp\/v2\/media?parent=7337"}],"wp:term":[{"taxonomy":"product_brand","embeddable":true,"href":"https:\/\/roctarps.com\/pt-pt\/wp-json\/wp\/v2\/product_brand?post=7337"},{"taxonomy":"product_cat","embeddable":true,"href":"https:\/\/roctarps.com\/pt-pt\/wp-json\/wp\/v2\/product_cat?post=7337"},{"taxonomy":"product_tag","embeddable":true,"href":"https:\/\/roctarps.com\/pt-pt\/wp-json\/wp\/v2\/product_tag?post=7337"}],"curies":[{"name":"wp","href":"https:\/\/api.w.org\/{rel}","templated":true}]}}