{"id":7385,"date":"2022-10-26T14:04:39","date_gmt":"2022-10-26T06:04:39","guid":{"rendered":"https:\/\/roctarps.com\/product\/12x20-azul-pesado-poly-tarp-para-carro\/"},"modified":"2022-10-26T14:04:39","modified_gmt":"2022-10-26T06:04:39","slug":"12x20-azul-pesado-poly-tarp-para-carro","status":"publish","type":"product","link":"https:\/\/roctarps.com\/pt-pt\/produto\/12x20-azul-pesado-poly-tarp-para-carro\/","title":{"rendered":"12&#215;20 azul pesado poly tarp para carro"},"content":{"rendered":"<p>Nossas lonas poli est\u00e3o dispon\u00edveis em v\u00e1rias espessuras e GSM, de leves a pesados, e muitas cores para sua sele\u00e7\u00e3o azul, laranja, prata e muito mais. Voc\u00ea pode escolher entre produtos, incluindo lonas poli para servi\u00e7os pesados, folhas poli de cobertura imperme\u00e1vel, lonas poli transparentes e muito mais. Tamb\u00e9m temos lonas de poli personalizadas para canteiros de obras, coberturas, agricultura e coberturas de equipamentos industriais.  <\/p>\n","protected":false},"excerpt":{"rendered":"<p>Nossas lonas 12 x 20 azuis para servi\u00e7o pesado s\u00e3o feitas de tecido tratado de polietileno de alta qualidade para durabilidade e t\u00eam grommets \u00e0 prova de ferrugem para garantir um uso duradouro. 12 x 20 p\u00e9s \u00e9 um tamanho perfeito para \u00e1reas de superf\u00edcie m\u00e9dias e aplica\u00e7\u00f5es e \u00e9 o tamanho acabado, mas geralmente, as lonas poli reais s\u00e3o menores do que o tamanho total mostrado na marca. Eles s\u00e3o ideais para cobrir seu caminh\u00e3o, carro, motocicleta, telhado, quintal, cabine, mobili\u00e1rio de exterior ou piscina infantil. E voc\u00ea pode us\u00e1-lo para acampar para proteger o fundo da sua barraca de pedras e umidade, fazer um piquenique ou manter sua fogueira longe da chuva. Cubra qualquer madeira, lenha e qualquer outra coisa.    <\/p>\n","protected":false},"featured_media":4333,"template":"","meta":{"_acf_changed":false,"_seopress_robots_primary_cat":"none","_seopress_titles_title":"","_seopress_titles_desc":"","_seopress_robots_index":""},"product_brand":[],"product_cat":[116,128,115],"product_tag":[],"class_list":{"0":"post-7385","1":"product","2":"type-product","3":"status-publish","4":"has-post-thumbnail","6":"product_cat-encerado-pead","7":"product_cat-lona-heavy-duty","8":"product_cat-lona-impermeavel","10":"first","11":"instock","12":"shipping-taxable","13":"product-type-simple"},"acf":[],"_links":{"self":[{"href":"https:\/\/roctarps.com\/pt-pt\/wp-json\/wp\/v2\/product\/7385","targetHints":{"allow":["GET"]}}],"collection":[{"href":"https:\/\/roctarps.com\/pt-pt\/wp-json\/wp\/v2\/product"}],"about":[{"href":"https:\/\/roctarps.com\/pt-pt\/wp-json\/wp\/v2\/types\/product"}],"wp:featuredmedia":[{"embeddable":true,"href":"https:\/\/roctarps.com\/pt-pt\/wp-json\/wp\/v2\/media\/4333"}],"wp:attachment":[{"href":"https:\/\/roctarps.com\/pt-pt\/wp-json\/wp\/v2\/media?parent=7385"}],"wp:term":[{"taxonomy":"product_brand","embeddable":true,"href":"https:\/\/roctarps.com\/pt-pt\/wp-json\/wp\/v2\/product_brand?post=7385"},{"taxonomy":"product_cat","embeddable":true,"href":"https:\/\/roctarps.com\/pt-pt\/wp-json\/wp\/v2\/product_cat?post=7385"},{"taxonomy":"product_tag","embeddable":true,"href":"https:\/\/roctarps.com\/pt-pt\/wp-json\/wp\/v2\/product_tag?post=7385"}],"curies":[{"name":"wp","href":"https:\/\/api.w.org\/{rel}","templated":true}]}}