{"id":7392,"date":"2022-08-08T11:29:27","date_gmt":"2022-08-08T03:29:27","guid":{"rendered":"https:\/\/roctarps.com\/product\/200-gsm-hdpe-pe-folha-de-lona\/"},"modified":"2022-08-08T11:29:27","modified_gmt":"2022-08-08T03:29:27","slug":"200-gsm-hdpe-pe-folha-de-lona","status":"publish","type":"product","link":"https:\/\/roctarps.com\/pt-pt\/produto\/200-gsm-hdpe-pe-folha-de-lona\/","title":{"rendered":"200 GSM HDPE PE Folha de lona"},"content":{"rendered":"<p>As chapas de lona PE PE 200 gsm s\u00e3o uma cobertura utilit\u00e1ria multiuso e s\u00e3o a escolha mais econ\u00f4mica em nossa linha de produtos de lona poli. S\u00e3o coberturas dur\u00e1veis e fortes que s\u00e3o 100% imperme\u00e1veis e resistentes aos raios UV, rasgos, abras\u00e3o, furos, \u00e1cido, graxa, \u00f3leo e mofo. <\/p>\n<p>Estas lonas s\u00e3o um dos nossos itens de venda mais populares que s\u00e3o ideais para aplica\u00e7\u00f5es de transporte rodovi\u00e1rio, industrial, de equipamentos, comerciais, de armazenamento e agr\u00edcolas. Al\u00e9m disso, eles t\u00eam a capacidade de proteger contra elementos como chuva, sujeira e neve temporariamente, enquanto s\u00e3o leves e facilmente manobr\u00e1veis. <\/p>\n","protected":false},"excerpt":{"rendered":"<ul>\n<li><strong>Material:<\/strong> Polietileno (tecido interno de PEAD, laminado de PEBD em ambos os lados)<\/li>\n<li><strong>Cor:<\/strong> Duplo branco, azul duplo, prata dupla, laranja azul, preto duplo, preto \/ branco, azul \/ branco, ou como por exig\u00eancias do cliente<\/li>\n<li><strong>Tamanho acabado:<\/strong> 6&#8243; ou 3% menos toler\u00e2ncias<\/li>\n<li><strong>Negacionista:<\/strong> 600~1500 denier<\/li>\n<li><strong>Largura:<\/strong> 1.83m (72inches), 2m, 2.44m e 4m-16m podem estar dispon\u00edveis<\/li>\n<li><strong>Comprimento: <\/strong>Folha 4m,5m e 8m; Rolo 27.5m (30yards), 40m e 55m<\/li>\n<li><strong>Contagem de malha tecida:<\/strong> 6&#215;6~18&#215;18 \/in\u00b2<\/li>\n<li><strong>Espessura da fibra:<\/strong> 5~16 mil<\/li>\n<li><strong>Peso: <\/strong>40~450 GSM (gramas\/Sq.Meter) 2~18 OZ\/yd2 (on\u00e7a\/Sq.Yard)<\/li>\n<li><strong>Tratamento:<\/strong> UV filmado ou personalizado logotipo de impress\u00e3o como por exig\u00eancias<br \/>\ndo cliente Cor bronzeada em ambos os lados<\/li>\n<li><strong>Embalagem:<\/strong> Em rolo, fardo ou caixa<\/li>\n<li><strong>MOQ:<\/strong> 5 toneladas<\/li>\n<li><strong>Capacidade de produ\u00e7\u00e3o:<\/strong> 1500 toneladas\/m\u00eas<\/li>\n<li><strong>Tempo de entrega:<\/strong> 10-15 dias ap\u00f3s receber 30% dep\u00f3sito e confirma\u00e7\u00e3o final<\/li>\n<li><strong>Condi\u00e7\u00f5es de pagamento:<\/strong> T\/T ou L\/C na vista<\/li>\n<li><strong>Capacidade de carga do contentor:<\/strong> Rolos 18tons\/20&#8217;GP, 28tons\/40&#8217;HQ; Fardos 12tons\/20&#8217;GP, 25tons\/40&#8217;HQ; Caixa 9tons\/20&#8217;GP, 22tons\/40&#8217;HQ<\/li>\n<\/ul>\n","protected":false},"featured_media":4284,"template":"","meta":{"_acf_changed":false,"_seopress_robots_primary_cat":"none","_seopress_titles_title":"","_seopress_titles_desc":"","_seopress_robots_index":""},"product_brand":[],"product_cat":[116,117,149],"product_tag":[],"class_list":{"0":"post-7392","1":"product","2":"type-product","3":"status-publish","4":"has-post-thumbnail","6":"product_cat-encerado-pead","7":"product_cat-folha-de-lona","8":"product_cat-lona-para-construcao-civil","10":"first","11":"instock","12":"shipping-taxable","13":"product-type-simple"},"acf":[],"_links":{"self":[{"href":"https:\/\/roctarps.com\/pt-pt\/wp-json\/wp\/v2\/product\/7392","targetHints":{"allow":["GET"]}}],"collection":[{"href":"https:\/\/roctarps.com\/pt-pt\/wp-json\/wp\/v2\/product"}],"about":[{"href":"https:\/\/roctarps.com\/pt-pt\/wp-json\/wp\/v2\/types\/product"}],"wp:featuredmedia":[{"embeddable":true,"href":"https:\/\/roctarps.com\/pt-pt\/wp-json\/wp\/v2\/media\/4284"}],"wp:attachment":[{"href":"https:\/\/roctarps.com\/pt-pt\/wp-json\/wp\/v2\/media?parent=7392"}],"wp:term":[{"taxonomy":"product_brand","embeddable":true,"href":"https:\/\/roctarps.com\/pt-pt\/wp-json\/wp\/v2\/product_brand?post=7392"},{"taxonomy":"product_cat","embeddable":true,"href":"https:\/\/roctarps.com\/pt-pt\/wp-json\/wp\/v2\/product_cat?post=7392"},{"taxonomy":"product_tag","embeddable":true,"href":"https:\/\/roctarps.com\/pt-pt\/wp-json\/wp\/v2\/product_tag?post=7392"}],"curies":[{"name":"wp","href":"https:\/\/api.w.org\/{rel}","templated":true}]}}